{"id":8849,"date":"2025-09-19T13:20:35","date_gmt":"2025-09-19T11:20:35","guid":{"rendered":"https:\/\/magiiik.netstory.com.pl\/produkt\/pro-cardistry-new-april-fools-deck-2014\/"},"modified":"2025-09-19T13:20:39","modified_gmt":"2025-09-19T11:20:39","slug":"pro-cardistry-new-april-fools-deck-2014","status":"publish","type":"product","link":"https:\/\/magiiik.netstory.com.pl\/?product=pro-cardistry-new-april-fools-deck-2014","title":{"rendered":"Pro Cardistry: New April Fools Deck 2014"},"content":{"rendered":"<p style=\"text-align: center;\"><span style=\"font-size: 14pt; font-family: 'arial black', 'avant garde';\">Ta niesamowita talia kart by\u0142a utrzymywana w tajemnicy do 1. kwietnia!<\/span><\/p>\n<p style=\"text-align: center;\"><span style=\"font-size: 14pt; font-family: 'arial black', 'avant garde';\">Kto\u015b, kto kupowa\u0142 te karty nie mia\u0142 zielonego poj\u0119cia, co jest w \u015brodku!<\/span><\/p>\n<p style=\"text-align: center;\"><span style=\"font-size: 14pt; font-family: 'arial black', 'avant garde';\"><iframe loading=\"lazy\" src=\"\/\/www.youtube.com\/embed\/LestG_DgoDE\" width=\"425\" height=\"350\"><\/iframe><\/span><\/p>\n<p style=\"text-align: center;\">\u00a0<\/p>\n<p style=\"text-align: center;\"><span style=\"font-size: 14pt; font-family: 'arial black', 'avant garde';\">Ta pi\u0119kna talia przedstawia <strong>&#8222;z\u0142e kotki&#8221;<\/strong>. Zabawna grafika stworzona przez <strong>Nische Washburn<\/strong>, a pude\u0142ko stworzy\u0142 <strong>Matt Stewart.<\/strong>\u00a0<\/span><\/p>\n<p style=\"text-align: center;\"><span style=\"font-size: 14pt; font-family: 'arial black', 'avant garde';\">W talii 6 wzor\u00f3w gaff, drukowane na 4 r\u00f3\u017cnych kartach.\u00a0<\/span><\/p>\n<p style=\"text-align: center;\"><span style=\"font-size: 14pt; font-family: 'arial black', 'avant garde';\">To genialna<strong> LIMITOWANA EDYCJA<\/strong>, idealna dla mi\u0142o\u015bnik\u00f3w kart oraz magik\u00f3w!<\/span><\/p>\n<p style=\"text-align: center;\"><strong><span style=\"font-size: 14pt; font-family: 'arial black', 'avant garde';\">Polecamy,<\/span><\/strong><\/p>\n<p style=\"text-align: center;\"><strong><span style=\"font-size: 14pt; font-family: 'arial black', 'avant garde';\">magiiik.pl<\/span><\/strong><\/p>\n","protected":false},"excerpt":{"rendered":"<p><strong>Pro Cardistry: New April Fools Deck 2014<\/strong><\/p>\n","protected":false},"featured_media":8850,"comment_status":"closed","ping_status":"open","template":"","meta":[],"product_brand":[],"product_cat":[46],"product_tag":[],"class_list":{"0":"post-8849","1":"product","2":"type-product","3":"status-publish","4":"has-post-thumbnail","6":"product_cat-mikro-iluzja-close-up-karty-kolekcjonerskie","8":"first","9":"instock","10":"purchasable","11":"product-type-simple"},"_links":{"self":[{"href":"https:\/\/magiiik.netstory.com.pl\/index.php?rest_route=\/wp\/v2\/product\/8849","targetHints":{"allow":["GET"]}}],"collection":[{"href":"https:\/\/magiiik.netstory.com.pl\/index.php?rest_route=\/wp\/v2\/product"}],"about":[{"href":"https:\/\/magiiik.netstory.com.pl\/index.php?rest_route=\/wp\/v2\/types\/product"}],"replies":[{"embeddable":true,"href":"https:\/\/magiiik.netstory.com.pl\/index.php?rest_route=%2Fwp%2Fv2%2Fcomments&post=8849"}],"wp:featuredmedia":[{"embeddable":true,"href":"https:\/\/magiiik.netstory.com.pl\/index.php?rest_route=\/wp\/v2\/media\/8850"}],"wp:attachment":[{"href":"https:\/\/magiiik.netstory.com.pl\/index.php?rest_route=%2Fwp%2Fv2%2Fmedia&parent=8849"}],"wp:term":[{"taxonomy":"product_brand","embeddable":true,"href":"https:\/\/magiiik.netstory.com.pl\/index.php?rest_route=%2Fwp%2Fv2%2Fproduct_brand&post=8849"},{"taxonomy":"product_cat","embeddable":true,"href":"https:\/\/magiiik.netstory.com.pl\/index.php?rest_route=%2Fwp%2Fv2%2Fproduct_cat&post=8849"},{"taxonomy":"product_tag","embeddable":true,"href":"https:\/\/magiiik.netstory.com.pl\/index.php?rest_route=%2Fwp%2Fv2%2Fproduct_tag&post=8849"}],"curies":[{"name":"wp","href":"https:\/\/api.w.org\/{rel}","templated":true}]}}