{"id":8811,"date":"2025-09-19T13:20:09","date_gmt":"2025-09-19T11:20:09","guid":{"rendered":"https:\/\/magiiik.netstory.com.pl\/produkt\/the-works-by-christopher-wiehl-download\/"},"modified":"2025-09-19T13:20:16","modified_gmt":"2025-09-19T11:20:16","slug":"the-works-by-christopher-wiehl-download","status":"publish","type":"product","link":"https:\/\/magiiik.netstory.com.pl\/?product=the-works-by-christopher-wiehl-download","title":{"rendered":"The Works by Christopher Wiehl DOWNLOAD"},"content":{"rendered":"<p style=\"text-align: center;\"><span style=\"font-size: 14pt; font-family: 'arial black', 'avant garde';\">G\u0142odny?<\/span><\/p>\n<p style=\"text-align: center;\"><span style=\"font-size: 14pt; font-family: 'arial black', 'avant garde';\"><strong>Christopher Wiehl<\/strong> oferuje niesamowity wielofazowy rutynowy trick <strong>&#8222;kanapka&#8221;<\/strong>, kt\u00f3ry ko\u0144czy si\u0119 kanapk\u0105, kt\u00f3r\u0105 mo\u017cna ofiarowa\u0107 jako pami\u0105tk\u0119.<\/span><\/p>\n<p style=\"text-align: center;\"><span style=\"font-size: 14pt; font-family: 'arial black', 'avant garde';\">Dzi\u0119ki temu <strong>video\u00a0do pobrania<\/strong> poznasz wiele niuans\u00f3w i technik, kt\u00f3re b\u0119dziesz m\u00f3g\u0142 natychmiast zastosowa\u0107 w swoich trickach karcianych.\u00a0<\/span><\/p>\n<p style=\"text-align: center;\">\u00a0<\/p>\n<p style=\"text-align: center;\"><span style=\"font-size: 14pt; font-family: 'arial black', 'avant garde';\"><iframe loading=\"lazy\" src=\"\/\/www.youtube.com\/embed\/gkdU-GVgjEA\" width=\"425\" height=\"350\"><\/iframe><\/span><\/p>\n<p style=\"text-align: center;\"><strong><span style=\"font-size: 14pt; font-family: 'arial black', 'avant garde';\">Polecamy,<\/span><\/strong><\/p>\n<p style=\"text-align: center;\"><strong><span style=\"font-size: 14pt; font-family: 'arial black', 'avant garde';\">magiiik.p<\/span>l<\/strong><\/p>\n","protected":false},"excerpt":{"rendered":"<p><strong>The Works by Christopher Wiehl video\u00a0<\/strong><\/p>\n","protected":false},"featured_media":8812,"comment_status":"closed","ping_status":"open","template":"","meta":[],"product_brand":[],"product_cat":[55],"product_tag":[],"class_list":{"0":"post-8811","1":"product","2":"type-product","3":"status-publish","4":"has-post-thumbnail","6":"product_cat-ksiazki-dvd-download-downloads","8":"first","9":"instock","10":"purchasable","11":"product-type-simple"},"_links":{"self":[{"href":"https:\/\/magiiik.netstory.com.pl\/index.php?rest_route=\/wp\/v2\/product\/8811","targetHints":{"allow":["GET"]}}],"collection":[{"href":"https:\/\/magiiik.netstory.com.pl\/index.php?rest_route=\/wp\/v2\/product"}],"about":[{"href":"https:\/\/magiiik.netstory.com.pl\/index.php?rest_route=\/wp\/v2\/types\/product"}],"replies":[{"embeddable":true,"href":"https:\/\/magiiik.netstory.com.pl\/index.php?rest_route=%2Fwp%2Fv2%2Fcomments&post=8811"}],"wp:featuredmedia":[{"embeddable":true,"href":"https:\/\/magiiik.netstory.com.pl\/index.php?rest_route=\/wp\/v2\/media\/8812"}],"wp:attachment":[{"href":"https:\/\/magiiik.netstory.com.pl\/index.php?rest_route=%2Fwp%2Fv2%2Fmedia&parent=8811"}],"wp:term":[{"taxonomy":"product_brand","embeddable":true,"href":"https:\/\/magiiik.netstory.com.pl\/index.php?rest_route=%2Fwp%2Fv2%2Fproduct_brand&post=8811"},{"taxonomy":"product_cat","embeddable":true,"href":"https:\/\/magiiik.netstory.com.pl\/index.php?rest_route=%2Fwp%2Fv2%2Fproduct_cat&post=8811"},{"taxonomy":"product_tag","embeddable":true,"href":"https:\/\/magiiik.netstory.com.pl\/index.php?rest_route=%2Fwp%2Fv2%2Fproduct_tag&post=8811"}],"curies":[{"name":"wp","href":"https:\/\/api.w.org\/{rel}","templated":true}]}}