{"id":8807,"date":"2025-09-19T13:20:09","date_gmt":"2025-09-19T11:20:09","guid":{"rendered":"https:\/\/magiiik.netstory.com.pl\/produkt\/body-tricks-by-stephen-ablett-download\/"},"modified":"2025-09-19T13:20:15","modified_gmt":"2025-09-19T11:20:15","slug":"body-tricks-by-stephen-ablett-download","status":"publish","type":"product","link":"https:\/\/magiiik.netstory.com.pl\/?product=body-tricks-by-stephen-ablett-download","title":{"rendered":"Body Tricks by Stephen Ablett DOWNLOAD"},"content":{"rendered":"<p style=\"text-align: center;\"><span style=\"font-size: 14pt; font-family: 'arial black', 'avant garde';\">To <strong>video do pobrania<\/strong> to zbi\u00f3r <strong>64<\/strong> magicznych efekt\u00f3w z u\u017cyciem tylko ludzkiego cia\u0142a.<\/span><\/p>\n<p style=\"text-align: center;\"><span style=\"font-size: 14pt; font-family: 'arial black', 'avant garde';\">Naucz si\u0119, jak wykona\u0107 te niesamowite efekty, kt\u00f3re zadziwi\u0105 nie tylko widowni\u0119 dzieci\u0119c\u0105, ale r\u00f3wnie\u017c nie jednego doros\u0142ego!<\/span><\/p>\n<p style=\"text-align: center;\"><span style=\"font-size: 14pt; font-family: 'arial black', 'avant garde';\"><iframe loading=\"lazy\" src=\"\/\/www.youtube.com\/embed\/BlscSuNjBzs\" width=\"425\" height=\"350\"><\/iframe><\/span><\/p>\n<p><span style=\"font-size: 14pt; font-family: 'arial black', 'avant garde';\">Oto lista trick\u00f3w, kt\u00f3rych si\u0119 nauczysz z tego video:<\/span><\/p>\n<p><span style=\"font-size: 14pt; font-family: 'arial black', 'avant garde';\"><strong style=\"color: #444444; font-size: medium; font-family: 'Segoe UI', Arial, Helvetica, sans-serif;\">Thumb Tricks\u00a0<\/strong><\/span><br style=\"color: #444444; font-size: medium; font-family: 'Segoe UI', Arial, Helvetica, sans-serif;\" \/><span style=\"color: #444444; font-size: 14pt; font-family: 'arial black', 'avant garde';\">Travelling Thumb\u00a0<\/span><br style=\"color: #444444; font-size: medium; font-family: 'Segoe UI', Arial, Helvetica, sans-serif;\" \/><span style=\"color: #444444; font-size: 14pt; font-family: 'arial black', 'avant garde';\">Moving Thumb\u00a0<\/span><br style=\"color: #444444; font-size: medium; font-family: 'Segoe UI', Arial, Helvetica, sans-serif;\" \/><span style=\"color: #444444; font-size: 14pt; font-family: 'arial black', 'avant garde';\">Stretching Thumb\u00a0<\/span><br style=\"color: #444444; font-size: medium; font-family: 'Segoe UI', Arial, Helvetica, sans-serif;\" \/><span style=\"color: #444444; font-size: 14pt; font-family: 'arial black', 'avant garde';\">Restrained Thumb\u00a0<\/span><br style=\"color: #444444; font-size: medium; font-family: 'Segoe UI', Arial, Helvetica, sans-serif;\" \/><br style=\"color: #444444; font-size: medium; font-family: 'Segoe UI', Arial, Helvetica, sans-serif;\" \/><span style=\"font-size: 14pt; font-family: 'arial black', 'avant garde';\"><strong style=\"color: #444444; font-size: medium; font-family: 'Segoe UI', Arial, Helvetica, sans-serif;\">Tricks with your Fingers\u00a0<\/strong><\/span><br style=\"color: #444444; font-size: medium; font-family: 'Segoe UI', Arial, Helvetica, sans-serif;\" \/><span style=\"color: #444444; font-size: 14pt; font-family: 'arial black', 'avant garde';\">Chomp\u00a0<\/span><br style=\"color: #444444; font-size: medium; font-family: 'Segoe UI', Arial, Helvetica, sans-serif;\" \/><span style=\"color: #444444; font-size: 14pt; font-family: 'arial black', 'avant garde';\">Extra Finger Production\u00a0<\/span><br style=\"color: #444444; font-size: medium; font-family: 'Segoe UI', Arial, Helvetica, sans-serif;\" \/><span style=\"color: #444444; font-size: 14pt; font-family: 'arial black', 'avant garde';\">Finger Crack\u00a0<\/span><br style=\"color: #444444; font-size: medium; font-family: 'Segoe UI', Arial, Helvetica, sans-serif;\" \/><span style=\"color: #444444; font-size: 14pt; font-family: 'arial black', 'avant garde';\">Finger Stretch\u00a0<\/span><br style=\"color: #444444; font-size: medium; font-family: 'Segoe UI', Arial, Helvetica, sans-serif;\" \/><span style=\"color: #444444; font-size: 14pt; font-family: 'arial black', 'avant garde';\">Finger Test\u00a0<\/span><br style=\"color: #444444; font-size: medium; font-family: 'Segoe UI', Arial, Helvetica, sans-serif;\" \/><span style=\"color: #444444; font-size: 14pt; font-family: 'arial black', 'avant garde';\">Andrew Mayne&#8217;s Finger Through Cheek\u00a0<\/span><br style=\"color: #444444; font-size: medium; font-family: 'Segoe UI', Arial, Helvetica, sans-serif;\" \/><span style=\"color: #444444; font-size: 14pt; font-family: 'arial black', 'avant garde';\">Finger Through Finger\u00a0<\/span><br style=\"color: #444444; font-size: medium; font-family: 'Segoe UI', Arial, Helvetica, sans-serif;\" \/><span style=\"color: #444444; font-size: 14pt; font-family: 'arial black', 'avant garde';\">Finger Through Shirt\u00a0<\/span><br style=\"color: #444444; font-size: medium; font-family: 'Segoe UI', Arial, Helvetica, sans-serif;\" \/><span style=\"color: #444444; font-size: 14pt; font-family: 'arial black', 'avant garde';\">Magnetic Fingers\u00a0<\/span><br style=\"color: #444444; font-size: medium; font-family: 'Segoe UI', Arial, Helvetica, sans-serif;\" \/><span style=\"color: #444444; font-size: 14pt; font-family: 'arial black', 'avant garde';\">Miscommunication Fingers\u00a0<\/span><br style=\"color: #444444; font-size: medium; font-family: 'Segoe UI', Arial, Helvetica, sans-serif;\" \/><span style=\"color: #444444; font-size: 14pt; font-family: 'arial black', 'avant garde';\">Missing Mid-Finger\u00a0<\/span><br style=\"color: #444444; font-size: medium; font-family: 'Segoe UI', Arial, Helvetica, sans-serif;\" \/><span style=\"color: #444444; font-size: 14pt; font-family: 'arial black', 'avant garde';\">Ring Finger Bond\u00a0<\/span><br style=\"color: #444444; font-size: medium; font-family: 'Segoe UI', Arial, Helvetica, sans-serif;\" \/><span style=\"color: #444444; font-size: 14pt; font-family: 'arial black', 'avant garde';\">Telescopic Pinkie\u00a0<\/span><br style=\"color: #444444; font-size: medium; font-family: 'Segoe UI', Arial, Helvetica, sans-serif;\" \/><span style=\"color: #444444; font-size: 14pt; font-family: 'arial black', 'avant garde';\">Three Finger Monte\u00a0<\/span><br style=\"color: #444444; font-size: medium; font-family: 'Segoe UI', Arial, Helvetica, sans-serif;\" \/><span style=\"color: #444444; font-size: 14pt; font-family: 'arial black', 'avant garde';\">Vanishing Pinkie Twisting Finger\u00a0<\/span><br style=\"color: #444444; font-size: medium; font-family: 'Segoe UI', Arial, Helvetica, sans-serif;\" \/><br style=\"color: #444444; font-size: medium; font-family: 'Segoe UI', Arial, Helvetica, sans-serif;\" \/><span style=\"font-size: 14pt; font-family: 'arial black', 'avant garde';\"><strong style=\"color: #444444; font-size: medium; font-family: 'Segoe UI', Arial, Helvetica, sans-serif;\">Tricks with your Hand\u00a0<\/strong><\/span><br style=\"color: #444444; font-size: medium; font-family: 'Segoe UI', Arial, Helvetica, sans-serif;\" \/><span style=\"color: #444444; font-size: 14pt; font-family: 'arial black', 'avant garde';\">Blue Vein Reading\u00a0<\/span><br style=\"color: #444444; font-size: medium; font-family: 'Segoe UI', Arial, Helvetica, sans-serif;\" \/><span style=\"color: #444444; font-size: 14pt; font-family: 'arial black', 'avant garde';\">Fist Fight\u00a0<\/span><br style=\"color: #444444; font-size: medium; font-family: 'Segoe UI', Arial, Helvetica, sans-serif;\" \/><span style=\"color: #444444; font-size: 14pt; font-family: 'arial black', 'avant garde';\">Hands Turn Up\u00a0<\/span><br style=\"color: #444444; font-size: medium; font-family: 'Segoe UI', Arial, Helvetica, sans-serif;\" \/><span style=\"color: #444444; font-size: 14pt; font-family: 'arial black', 'avant garde';\">Hand Chopper\u00a0<\/span><br style=\"color: #444444; font-size: medium; font-family: 'Segoe UI', Arial, Helvetica, sans-serif;\" \/><span style=\"color: #444444; font-size: 14pt; font-family: 'arial black', 'avant garde';\">Hand Snap Backwards\u00a0<\/span><br style=\"color: #444444; font-size: medium; font-family: 'Segoe UI', Arial, Helvetica, sans-serif;\" \/><span style=\"color: #444444; font-size: 14pt; font-family: 'arial black', 'avant garde';\">Locked Hands Test\u00a0<\/span><br style=\"color: #444444; font-size: medium; font-family: 'Segoe UI', Arial, Helvetica, sans-serif;\" \/><span style=\"color: #444444; font-size: 14pt; font-family: 'arial black', 'avant garde';\">Spectators Hand Twist\u00a0<\/span><br style=\"color: #444444; font-size: medium; font-family: 'Segoe UI', Arial, Helvetica, sans-serif;\" \/><span style=\"color: #444444; font-size: 14pt; font-family: 'arial black', 'avant garde';\">Two Left Hands\u00a0<\/span><br style=\"color: #444444; font-size: medium; font-family: 'Segoe UI', Arial, Helvetica, sans-serif;\" \/><br style=\"color: #444444; font-size: medium; font-family: 'Segoe UI', Arial, Helvetica, sans-serif;\" \/><span style=\"font-size: 14pt; font-family: 'arial black', 'avant garde';\"><strong style=\"color: #444444; font-size: medium; font-family: 'Segoe UI', Arial, Helvetica, sans-serif;\">Tricks with the Arms and Legs\u00a0<\/strong><\/span><br style=\"color: #444444; font-size: medium; font-family: 'Segoe UI', Arial, Helvetica, sans-serif;\" \/><span style=\"color: #444444; font-size: 14pt; font-family: 'arial black', 'avant garde';\">Bloody Murder\u00a0<\/span><br style=\"color: #444444; font-size: medium; font-family: 'Segoe UI', Arial, Helvetica, sans-serif;\" \/><span style=\"color: #444444; font-size: 14pt; font-family: 'arial black', 'avant garde';\">Downfall\u00a0<\/span><br style=\"color: #444444; font-size: medium; font-family: 'Segoe UI', Arial, Helvetica, sans-serif;\" \/><span style=\"color: #444444; font-size: 14pt; font-family: 'arial black', 'avant garde';\">Forever Falling\u00a0<\/span><br style=\"color: #444444; font-size: medium; font-family: 'Segoe UI', Arial, Helvetica, sans-serif;\" \/><span style=\"color: #444444; font-size: 14pt; font-family: 'arial black', 'avant garde';\">Legs Through Floor<\/span><br style=\"color: #444444; font-size: medium; font-family: 'Segoe UI', Arial, Helvetica, sans-serif;\" \/><span style=\"color: #444444; font-size: 14pt; font-family: 'arial black', 'avant garde';\">Growing Arm\u00a0<\/span><br style=\"color: #444444; font-size: medium; font-family: 'Segoe UI', Arial, Helvetica, sans-serif;\" \/><span style=\"color: #444444; font-size: 14pt; font-family: 'arial black', 'avant garde';\">Shrinking Arm\u00a0<\/span><br style=\"color: #444444; font-size: medium; font-family: 'Segoe UI', Arial, Helvetica, sans-serif;\" \/><span style=\"color: #444444; font-size: 14pt; font-family: 'arial black', 'avant garde';\">Not In-Sync\u00a0<\/span><br style=\"color: #444444; font-size: medium; font-family: 'Segoe UI', Arial, Helvetica, sans-serif;\" \/><span style=\"color: #444444; font-size: 14pt; font-family: 'arial black', 'avant garde';\">Hercules Arm\u00a0<\/span><br style=\"color: #444444; font-size: medium; font-family: 'Segoe UI', Arial, Helvetica, sans-serif;\" \/><span style=\"color: #444444; font-size: 14pt; font-family: 'arial black', 'avant garde';\">Rising Arms\u00a0<\/span><br style=\"color: #444444; font-size: medium; font-family: 'Segoe UI', Arial, Helvetica, sans-serif;\" \/><span style=\"color: #444444; font-size: 14pt; font-family: 'arial black', 'avant garde';\">Idol Hands\u00a0<\/span><br style=\"color: #444444; font-size: medium; font-family: 'Segoe UI', Arial, Helvetica, sans-serif;\" \/><br style=\"color: #444444; font-size: medium; font-family: 'Segoe UI', Arial, Helvetica, sans-serif;\" \/><span style=\"font-size: 14pt; font-family: 'arial black', 'avant garde';\"><strong style=\"color: #444444; font-size: medium; font-family: 'Segoe UI', Arial, Helvetica, sans-serif;\">Tricks with the Nose\u00a0<\/strong><\/span><br style=\"color: #444444; font-size: medium; font-family: 'Segoe UI', Arial, Helvetica, sans-serif;\" \/><span style=\"color: #444444; font-size: 14pt; font-family: 'arial black', 'avant garde';\">Break Your Nose\u00a0<\/span><br style=\"color: #444444; font-size: medium; font-family: 'Segoe UI', Arial, Helvetica, sans-serif;\" \/><span style=\"color: #444444; font-size: 14pt; font-family: 'arial black', 'avant garde';\">I&#8217;ve Got Your Nose\u00a0<\/span><br style=\"color: #444444; font-size: medium; font-family: 'Segoe UI', Arial, Helvetica, sans-serif;\" \/><span style=\"color: #444444; font-size: 14pt; font-family: 'arial black', 'avant garde';\">Nose Twister\u00a0<\/span><br style=\"color: #444444; font-size: medium; font-family: 'Segoe UI', Arial, Helvetica, sans-serif;\" \/><br style=\"color: #444444; font-size: medium; font-family: 'Segoe UI', Arial, Helvetica, sans-serif;\" \/><span style=\"font-size: 14pt; font-family: 'arial black', 'avant garde';\"><strong style=\"color: #444444; font-size: medium; font-family: 'Segoe UI', Arial, Helvetica, sans-serif;\">Tricks with your Eyes\u00a0<\/strong><\/span><br style=\"color: #444444; font-size: medium; font-family: 'Segoe UI', Arial, Helvetica, sans-serif;\" \/><span style=\"color: #444444; font-size: 14pt; font-family: 'arial black', 'avant garde';\">Hole In Your Hand\u00a0<\/span><br style=\"color: #444444; font-size: medium; font-family: 'Segoe UI', Arial, Helvetica, sans-serif;\" \/><span style=\"color: #444444; font-size: 14pt; font-family: 'arial black', 'avant garde';\">Bite In Your Hand\u00a0<\/span><br style=\"color: #444444; font-size: medium; font-family: 'Segoe UI', Arial, Helvetica, sans-serif;\" \/><span style=\"color: #444444; font-size: 14pt; font-family: 'arial black', 'avant garde';\">Floating Sixth Finger\u00a0<\/span><br style=\"color: #444444; font-size: medium; font-family: 'Segoe UI', Arial, Helvetica, sans-serif;\" \/><span style=\"color: #444444; font-size: 14pt; font-family: 'arial black', 'avant garde';\">Invisible Finger\u00a0<\/span><br style=\"color: #444444; font-size: medium; font-family: 'Segoe UI', Arial, Helvetica, sans-serif;\" \/><span style=\"color: #444444; font-size: 14pt; font-family: 'arial black', 'avant garde';\">Shrinking Finger\u00a0<\/span><br style=\"color: #444444; font-size: medium; font-family: 'Segoe UI', Arial, Helvetica, sans-serif;\" \/><span style=\"color: #444444; font-size: 14pt; font-family: 'arial black', 'avant garde';\">Spirit Taps\u00a0<\/span><br style=\"color: #444444; font-size: medium; font-family: 'Segoe UI', Arial, Helvetica, sans-serif;\" \/><span style=\"color: #444444; font-size: 14pt; font-family: 'arial black', 'avant garde';\">Swallow An Eyeball\u00a0<\/span><br style=\"color: #444444; font-size: medium; font-family: 'Segoe UI', Arial, Helvetica, sans-serif;\" \/><span style=\"color: #444444; font-size: 14pt; font-family: 'arial black', 'avant garde';\">Stuck Eyes\u00a0<\/span><br style=\"color: #444444; font-size: medium; font-family: 'Segoe UI', Arial, Helvetica, sans-serif;\" \/><br style=\"color: #444444; font-size: medium; font-family: 'Segoe UI', Arial, Helvetica, sans-serif;\" \/><span style=\"font-size: 14pt; font-family: 'arial black', 'avant garde';\"><strong style=\"color: #444444; font-size: medium; font-family: 'Segoe UI', Arial, Helvetica, sans-serif;\">Tricks with your Feet\u00a0<\/strong><\/span><br style=\"color: #444444; font-size: medium; font-family: 'Segoe UI', Arial, Helvetica, sans-serif;\" \/><span style=\"color: #444444; font-size: 14pt; font-family: 'arial black', 'avant garde';\">Tootsy Levitation\u00a0<\/span><br style=\"color: #444444; font-size: medium; font-family: 'Segoe UI', Arial, Helvetica, sans-serif;\" \/><span style=\"color: #444444; font-size: 14pt; font-family: 'arial black', 'avant garde';\">Toe Levitation\u00a0<\/span><br style=\"color: #444444; font-size: medium; font-family: 'Segoe UI', Arial, Helvetica, sans-serif;\" \/><span style=\"color: #444444; font-size: 14pt; font-family: 'arial black', 'avant garde';\">Stuck Foot\u00a0<\/span><br style=\"color: #444444; font-size: medium; font-family: 'Segoe UI', Arial, Helvetica, sans-serif;\" \/><span style=\"color: #444444; font-size: 14pt; font-family: 'arial black', 'avant garde';\">Stand Up\u00a0<\/span><br style=\"color: #444444; font-size: medium; font-family: 'Segoe UI', Arial, Helvetica, sans-serif;\" \/><br style=\"color: #444444; font-size: medium; font-family: 'Segoe UI', Arial, Helvetica, sans-serif;\" \/><span style=\"font-size: 14pt; font-family: 'arial black', 'avant garde';\"><strong style=\"color: #444444; font-size: medium; font-family: 'Segoe UI', Arial, Helvetica, sans-serif;\">Tricks with your Mind\u00a0<\/strong><\/span><br style=\"color: #444444; font-size: medium; font-family: 'Segoe UI', Arial, Helvetica, sans-serif;\" \/><span style=\"color: #444444; font-size: 14pt; font-family: 'arial black', 'avant garde';\">Grey Elephants In Denmark\u00a0<\/span><br style=\"color: #444444; font-size: medium; font-family: 'Segoe UI', Arial, Helvetica, sans-serif;\" \/><span style=\"color: #444444; font-size: 14pt; font-family: 'arial black', 'avant garde';\">Perfect Telephone Trick\u00a0<\/span><br style=\"color: #444444; font-size: medium; font-family: 'Segoe UI', Arial, Helvetica, sans-serif;\" \/><span style=\"color: #444444; font-size: 14pt; font-family: 'arial black', 'avant garde';\">Thought Transmitter\u00a0<\/span><br style=\"color: #444444; font-size: medium; font-family: 'Segoe UI', Arial, Helvetica, sans-serif;\" \/><span style=\"color: #444444; font-size: 14pt; font-family: 'arial black', 'avant garde';\">Think of a shape\u00a0<\/span><br style=\"color: #444444; font-size: medium; font-family: 'Segoe UI', Arial, Helvetica, sans-serif;\" \/><span style=\"color: #444444; font-size: 14pt; font-family: 'arial black', 'avant garde';\">Think of a number\u00a0<\/span><br style=\"color: #444444; font-size: medium; font-family: 'Segoe UI', Arial, Helvetica, sans-serif;\" \/><span style=\"color: #444444; font-size: 14pt; font-family: 'arial black', 'avant garde';\">Invisible Coin Trick\u00a0<\/span><br style=\"color: #444444; font-size: medium; font-family: 'Segoe UI', Arial, Helvetica, sans-serif;\" \/><span style=\"color: #444444; font-size: 14pt; font-family: 'arial black', 'avant garde';\">Missing \u00a310 Note\u00a0<\/span><br style=\"color: #444444; font-size: medium; font-family: 'Segoe UI', Arial, Helvetica, sans-serif;\" \/><span style=\"color: #444444; font-size: 14pt; font-family: 'arial black', 'avant garde';\">Tricks with Other Body Parts\u00a0<\/span><br style=\"color: #444444; font-size: medium; font-family: 'Segoe UI', Arial, Helvetica, sans-serif;\" \/><span style=\"color: #444444; font-size: 14pt; font-family: 'arial black', 'avant garde';\">Impromptu Head Twist\u00a0<\/span><br style=\"color: #444444; font-size: medium; font-family: 'Segoe UI', Arial, Helvetica, sans-serif;\" \/><span style=\"color: #444444; font-size: 14pt; font-family: 'arial black', 'avant garde';\">Neck Breaker\u00a0<\/span><br style=\"color: #444444; font-size: medium; font-family: 'Segoe UI', Arial, Helvetica, sans-serif;\" \/><span style=\"color: #444444; font-size: 14pt; font-family: 'arial black', 'avant garde';\">Thumb Through Ear<\/span><\/p>\n<p>\u00a0<\/p>\n<p><strong><span style=\"color: #444444; font-size: 14pt; font-family: 'arial black', 'avant garde';\">Polecamy,<\/span><\/strong><\/p>\n<p><strong><span style=\"color: #444444; font-size: 14pt; font-family: 'arial black', 'avant garde';\">magiiik.pl<\/span><\/strong><\/p>\n","protected":false},"excerpt":{"rendered":"<p><strong>Body Tricks by Stephen Ablett video<\/strong><\/p>\n","protected":false},"featured_media":8808,"comment_status":"closed","ping_status":"open","template":"","meta":[],"product_brand":[],"product_cat":[55],"product_tag":[],"class_list":{"0":"post-8807","1":"product","2":"type-product","3":"status-publish","4":"has-post-thumbnail","6":"product_cat-ksiazki-dvd-download-downloads","8":"first","9":"instock","10":"purchasable","11":"product-type-simple"},"_links":{"self":[{"href":"https:\/\/magiiik.netstory.com.pl\/index.php?rest_route=\/wp\/v2\/product\/8807","targetHints":{"allow":["GET"]}}],"collection":[{"href":"https:\/\/magiiik.netstory.com.pl\/index.php?rest_route=\/wp\/v2\/product"}],"about":[{"href":"https:\/\/magiiik.netstory.com.pl\/index.php?rest_route=\/wp\/v2\/types\/product"}],"replies":[{"embeddable":true,"href":"https:\/\/magiiik.netstory.com.pl\/index.php?rest_route=%2Fwp%2Fv2%2Fcomments&post=8807"}],"wp:featuredmedia":[{"embeddable":true,"href":"https:\/\/magiiik.netstory.com.pl\/index.php?rest_route=\/wp\/v2\/media\/8808"}],"wp:attachment":[{"href":"https:\/\/magiiik.netstory.com.pl\/index.php?rest_route=%2Fwp%2Fv2%2Fmedia&parent=8807"}],"wp:term":[{"taxonomy":"product_brand","embeddable":true,"href":"https:\/\/magiiik.netstory.com.pl\/index.php?rest_route=%2Fwp%2Fv2%2Fproduct_brand&post=8807"},{"taxonomy":"product_cat","embeddable":true,"href":"https:\/\/magiiik.netstory.com.pl\/index.php?rest_route=%2Fwp%2Fv2%2Fproduct_cat&post=8807"},{"taxonomy":"product_tag","embeddable":true,"href":"https:\/\/magiiik.netstory.com.pl\/index.php?rest_route=%2Fwp%2Fv2%2Fproduct_tag&post=8807"}],"curies":[{"name":"wp","href":"https:\/\/api.w.org\/{rel}","templated":true}]}}