{"id":8805,"date":"2025-09-19T13:20:09","date_gmt":"2025-09-19T11:20:09","guid":{"rendered":"https:\/\/magiiik.netstory.com.pl\/produkt\/balloon-school-by-stephen-ablett-download\/"},"modified":"2025-09-19T13:20:14","modified_gmt":"2025-09-19T11:20:14","slug":"balloon-school-by-stephen-ablett-download","status":"publish","type":"product","link":"https:\/\/magiiik.netstory.com.pl\/?product=balloon-school-by-stephen-ablett-download","title":{"rendered":"Balloon School by Stephen Ablett DOWNLOAD"},"content":{"rendered":"<p style=\"text-align: center;\"><span style=\"font-size: 14pt; font-family: 'arial black', 'avant garde';\">Film instrukta\u017cowy <strong>do pobrania<\/strong>, dzi\u0119ki kt\u00f3remu nauczysz si\u0119 robi\u0107 <strong>a\u017c 33 r\u00f3\u017cne modele z balon\u00f3w!<\/strong> Wi\u0119kszo\u015b\u0107 z nich to pojedyncze zwierz\u0119ta balonowe, kt\u00f3re <strong>Stephen<\/strong> daje dzieciom na koniec swojego show.\u00a0<\/span><\/p>\n<p style=\"text-align: center;\"><span style=\"font-size: 14pt; font-family: 'arial black', 'avant garde';\"><iframe loading=\"lazy\" src=\"\/\/www.youtube.com\/embed\/qsnID0JQQGU\" width=\"425\" height=\"350\"><\/iframe><\/span><\/p>\n<p style=\"text-align: center;\"><span style=\"font-size: 14pt; font-family: 'arial black', 'avant garde';\">Z tego video nauczysz si\u0119 tworzy\u0107:<\/span><\/p>\n<p style=\"text-align: left;\"><span style=\"font-size: 14pt; font-family: 'arial black', 'avant garde';\">1<strong>. Pies <\/strong><\/span><br \/><strong><span style=\"font-size: 14pt; font-family: 'arial black', 'avant garde';\">2. Czapka<\/span><\/strong><br \/><strong><span style=\"font-size: 14pt; font-family: 'arial black', 'avant garde';\">3. Bransoletka biedronka <\/span><\/strong><br \/><strong><span style=\"font-size: 14pt; font-family: 'arial black', 'avant garde';\">4. Kr\u00f3lik <\/span><\/strong><br \/><strong><span style=\"font-size: 14pt; font-family: 'arial black', 'avant garde';\">5. Papuga <\/span><\/strong><br \/><strong><span style=\"font-size: 14pt; font-family: 'arial black', 'avant garde';\">6. Ray Gun <\/span><\/strong><br \/><strong><span style=\"font-size: 14pt; font-family: 'arial black', 'avant garde';\">7. Miecz <\/span><\/strong><br \/><strong><span style=\"font-size: 14pt; font-family: 'arial black', 'avant garde';\">8. Motyl<\/span><\/strong><br \/><strong><span style=\"font-size: 14pt; font-family: 'arial black', 'avant garde';\">9. Spiderman <\/span><\/strong><br \/><strong><span style=\"font-size: 14pt; font-family: 'arial black', 'avant garde';\">10. Kwiat <\/span><\/strong><br \/><strong><span style=\"font-size: 14pt; font-family: 'arial black', 'avant garde';\">11. Samolot <\/span><\/strong><br \/><strong><span style=\"font-size: 14pt; font-family: 'arial black', 'avant garde';\">12. \u017byrafa <\/span><\/strong><br \/><strong><span style=\"font-size: 14pt; font-family: 'arial black', 'avant garde';\">13. Mysz <\/span><\/strong><br \/><strong><span style=\"font-size: 14pt; font-family: 'arial black', 'avant garde';\">14. Motyl Bransoletka <\/span><\/strong><br \/><strong><span style=\"font-size: 14pt; font-family: 'arial black', 'avant garde';\">15. \u017b\u00f3\u0142w Bransoletka <\/span><\/strong><br \/><strong><span style=\"font-size: 14pt; font-family: 'arial black', 'avant garde';\">16. Kr\u00f3tki Miecz <\/span><\/strong><br \/><strong><span style=\"font-size: 14pt; font-family: 'arial black', 'avant garde';\">17. Machine Gun <\/span><\/strong><br \/><strong><span style=\"font-size: 14pt; font-family: 'arial black', 'avant garde';\">18. Papuga na hu\u015btawce <\/span><\/strong><br \/><strong><span style=\"font-size: 14pt; font-family: 'arial black', 'avant garde';\">19. Gitara <\/span><\/strong><br \/><strong><span style=\"font-size: 14pt; font-family: 'arial black', 'avant garde';\">20. Ryby <\/span><\/strong><br \/><strong><span style=\"font-size: 14pt; font-family: 'arial black', 'avant garde';\">21. T-Rex <\/span><\/strong><br \/><strong><span style=\"font-size: 14pt; font-family: 'arial black', 'avant garde';\">22. \u017baba <\/span><\/strong><br \/><strong><span style=\"font-size: 14pt; font-family: 'arial black', 'avant garde';\">23. Ko\u0144 <\/span><\/strong><br \/><strong><span style=\"font-size: 14pt; font-family: 'arial black', 'avant garde';\">24. Renifer <\/span><\/strong><br \/><strong><span style=\"font-size: 14pt; font-family: 'arial black', 'avant garde';\">25. Top\u00f3r <\/span><\/strong><br \/><strong><span style=\"font-size: 14pt; font-family: 'arial black', 'avant garde';\">26. Serce <\/span><\/strong><br \/><strong><span style=\"font-size: 14pt; font-family: 'arial black', 'avant garde';\">27. Bransoletka pies<\/span><\/strong><br \/><strong><span style=\"font-size: 14pt; font-family: 'arial black', 'avant garde';\">28. Pszczo\u0142a Bransoletka <\/span><\/strong><br \/><strong><span style=\"font-size: 14pt; font-family: 'arial black', 'avant garde';\">29. Mi\u015b <\/span><\/strong><br \/><strong><span style=\"font-size: 14pt; font-family: 'arial black', 'avant garde';\">30. Krokodyl <\/span><\/strong><br \/><strong><span style=\"font-size: 14pt; font-family: 'arial black', 'avant garde';\">31. Smok <\/span><\/strong><br \/><strong><span style=\"font-size: 14pt; font-family: 'arial black', 'avant garde';\">32. Ma\u0142pa w drzewo <\/span><\/strong><br \/><strong><span style=\"font-size: 14pt; font-family: 'arial black', 'avant garde';\">33. \u015amig\u0142owiec<\/span><\/strong><\/p>\n<p style=\"text-align: left;\">\u00a0<\/p>\n<p style=\"text-align: left;\"><strong><span style=\"font-size: 14pt; font-family: 'arial black', 'avant garde';\">Polecamy,<\/span><\/strong><\/p>\n<p style=\"text-align: left;\"><strong><span style=\"font-size: 14pt; font-family: 'arial black', 'avant garde';\">magiiik.pl<\/span><\/strong><\/p>\n","protected":false},"excerpt":{"rendered":"<p><strong>Balloon School by Stephen Ablett video<\/strong><\/p>\n","protected":false},"featured_media":8806,"comment_status":"closed","ping_status":"open","template":"","meta":[],"product_brand":[],"product_cat":[55],"product_tag":[],"class_list":{"0":"post-8805","1":"product","2":"type-product","3":"status-publish","4":"has-post-thumbnail","6":"product_cat-ksiazki-dvd-download-downloads","8":"first","9":"instock","10":"purchasable","11":"product-type-simple"},"_links":{"self":[{"href":"https:\/\/magiiik.netstory.com.pl\/index.php?rest_route=\/wp\/v2\/product\/8805","targetHints":{"allow":["GET"]}}],"collection":[{"href":"https:\/\/magiiik.netstory.com.pl\/index.php?rest_route=\/wp\/v2\/product"}],"about":[{"href":"https:\/\/magiiik.netstory.com.pl\/index.php?rest_route=\/wp\/v2\/types\/product"}],"replies":[{"embeddable":true,"href":"https:\/\/magiiik.netstory.com.pl\/index.php?rest_route=%2Fwp%2Fv2%2Fcomments&post=8805"}],"wp:featuredmedia":[{"embeddable":true,"href":"https:\/\/magiiik.netstory.com.pl\/index.php?rest_route=\/wp\/v2\/media\/8806"}],"wp:attachment":[{"href":"https:\/\/magiiik.netstory.com.pl\/index.php?rest_route=%2Fwp%2Fv2%2Fmedia&parent=8805"}],"wp:term":[{"taxonomy":"product_brand","embeddable":true,"href":"https:\/\/magiiik.netstory.com.pl\/index.php?rest_route=%2Fwp%2Fv2%2Fproduct_brand&post=8805"},{"taxonomy":"product_cat","embeddable":true,"href":"https:\/\/magiiik.netstory.com.pl\/index.php?rest_route=%2Fwp%2Fv2%2Fproduct_cat&post=8805"},{"taxonomy":"product_tag","embeddable":true,"href":"https:\/\/magiiik.netstory.com.pl\/index.php?rest_route=%2Fwp%2Fv2%2Fproduct_tag&post=8805"}],"curies":[{"name":"wp","href":"https:\/\/api.w.org\/{rel}","templated":true}]}}