{"id":8801,"date":"2025-09-19T13:20:09","date_gmt":"2025-09-19T11:20:09","guid":{"rendered":"https:\/\/magiiik.netstory.com.pl\/produkt\/breezy-project-volume-1-by-jibrizy-download\/"},"modified":"2025-09-19T13:20:13","modified_gmt":"2025-09-19T11:20:13","slug":"breezy-project-volume-1-by-jibrizy-download","status":"publish","type":"product","link":"https:\/\/magiiik.netstory.com.pl\/?product=breezy-project-volume-1-by-jibrizy-download","title":{"rendered":"Breezy Project Volume 1 by Jibrizy DOWNLOAD"},"content":{"rendered":"<p style=\"text-align: center;\"><span style=\"font-size: 14pt; font-family: 'arial black', 'avant garde';\">To zbi\u00f3r magicznych trick\u00f3w, jakich<strong>\u00a0Jibrizy<\/strong> nauczy\u0142 si\u0119 w swoim \u017cyciu. S\u0105 to bardzo dobre i proste efekty, kt\u00f3re \u015bwietnie nadaj\u0105 si\u0119 na <strong>street magic.<\/strong><\/span><\/p>\n<p style=\"text-align: center;\"><span style=\"font-size: 14pt; font-family: 'arial black', 'avant garde';\"><strong><iframe loading=\"lazy\" src=\"\/\/www.youtube.com\/embed\/E-XkToSpkVg\" width=\"425\" height=\"350\"><\/iframe><\/strong><\/span><\/p>\n<p style=\"text-align: left;\"><span style=\"font-size: 14pt; font-family: 'arial black', 'avant garde';\">1. Prezentujesz widzowi szmink\u0119 do ust oraz gumki recepturki. Umieszczasz szmink\u0119 w d\u0142oni widza i &#8222;strzelasz&#8221; gumk\u0105 w stron\u0119 Jego d\u0142oni, gumka znika, widz otwiera r\u0119k\u0119, a tam gumka owini\u0119ta wok\u00f3\u0142 szminki!<\/span><\/p>\n<p style=\"text-align: left;\"><span style=\"font-size: 14pt; font-family: 'arial black', 'avant garde';\">2. Drugi trick to standardowa rutyna z kartami.<\/span><\/p>\n<p style=\"text-align: left;\"><span style=\"font-size: 14pt; font-family: 'arial black', 'avant garde';\">3. Gumka recepturka przenika przez d\u0142ugopis.<\/span><\/p>\n<p style=\"text-align: left;\"><strong><span style=\"font-size: 14pt; font-family: 'arial black', 'avant garde';\">Polecamy,<\/span><\/strong><\/p>\n<p style=\"text-align: left;\"><strong><span style=\"font-size: 14pt; font-family: 'arial black', 'avant garde';\">magiiik.pl<\/span><\/strong><\/p>\n<p>\u00a0<\/p>\n","protected":false},"excerpt":{"rendered":"<p><strong>Breezy Project Volume 1 by Jibrizy<\/strong><\/p>\n","protected":false},"featured_media":8802,"comment_status":"closed","ping_status":"open","template":"","meta":[],"product_brand":[],"product_cat":[55],"product_tag":[],"class_list":{"0":"post-8801","1":"product","2":"type-product","3":"status-publish","4":"has-post-thumbnail","6":"product_cat-ksiazki-dvd-download-downloads","8":"first","9":"instock","10":"purchasable","11":"product-type-simple"},"_links":{"self":[{"href":"https:\/\/magiiik.netstory.com.pl\/index.php?rest_route=\/wp\/v2\/product\/8801","targetHints":{"allow":["GET"]}}],"collection":[{"href":"https:\/\/magiiik.netstory.com.pl\/index.php?rest_route=\/wp\/v2\/product"}],"about":[{"href":"https:\/\/magiiik.netstory.com.pl\/index.php?rest_route=\/wp\/v2\/types\/product"}],"replies":[{"embeddable":true,"href":"https:\/\/magiiik.netstory.com.pl\/index.php?rest_route=%2Fwp%2Fv2%2Fcomments&post=8801"}],"wp:featuredmedia":[{"embeddable":true,"href":"https:\/\/magiiik.netstory.com.pl\/index.php?rest_route=\/wp\/v2\/media\/8802"}],"wp:attachment":[{"href":"https:\/\/magiiik.netstory.com.pl\/index.php?rest_route=%2Fwp%2Fv2%2Fmedia&parent=8801"}],"wp:term":[{"taxonomy":"product_brand","embeddable":true,"href":"https:\/\/magiiik.netstory.com.pl\/index.php?rest_route=%2Fwp%2Fv2%2Fproduct_brand&post=8801"},{"taxonomy":"product_cat","embeddable":true,"href":"https:\/\/magiiik.netstory.com.pl\/index.php?rest_route=%2Fwp%2Fv2%2Fproduct_cat&post=8801"},{"taxonomy":"product_tag","embeddable":true,"href":"https:\/\/magiiik.netstory.com.pl\/index.php?rest_route=%2Fwp%2Fv2%2Fproduct_tag&post=8801"}],"curies":[{"name":"wp","href":"https:\/\/api.w.org\/{rel}","templated":true}]}}