{"id":8791,"date":"2025-09-19T13:20:09","date_gmt":"2025-09-19T11:20:09","guid":{"rendered":"https:\/\/magiiik.netstory.com.pl\/produkt\/romantic-bar-magic-vol-2-by-stephen-ablett-download\/"},"modified":"2025-09-19T13:20:10","modified_gmt":"2025-09-19T11:20:10","slug":"romantic-bar-magic-vol-2-by-stephen-ablett-download","status":"publish","type":"product","link":"https:\/\/magiiik.netstory.com.pl\/?product=romantic-bar-magic-vol-2-by-stephen-ablett-download","title":{"rendered":"Romantic Bar Magic Vol 2 by Stephen Ablett DOWNLOAD"},"content":{"rendered":"<p style=\"font-size: 12px; font-family: Tahoma, Arial, sans-serif; text-align: center;\"><span style=\"font-size: 14pt; font-family: 'arial black', 'avant garde';\">To\u00a0<strong>video do pobrania\u00a0<\/strong>to zbi\u00f3r romantycznej magii, czyli trick\u00f3w, kt\u00f3re mog\u0105 by\u0107 wykonywane na weselach, na Walentynki, w restauracji, barze, dla par, na randkach itd.\u00a0<\/span><\/p>\n<p style=\"font-size: 12px; font-family: Tahoma, Arial, sans-serif; text-align: center;\"><span style=\"font-size: 14pt; font-family: 'arial black', 'avant garde';\"><iframe loading=\"lazy\" src=\"\/\/www.youtube.com\/embed\/bqqQmAztqSQ\" width=\"425\" height=\"350\"><\/iframe><\/span><\/p>\n<p style=\"font-size: 12px; font-family: Tahoma, Arial, sans-serif; text-align: center;\"><span style=\"font-size: 14pt; font-family: 'arial black', 'avant garde';\">Otrzymasz tutaj pe\u0142ne wyja\u015bnienie do poni\u017cszych trick\u00f3w:<\/span><\/p>\n<p style=\"font-size: 12px; font-family: Tahoma, Arial, sans-serif; text-align: center;\"><span style=\"font-size: 14pt; font-family: 'arial black', 'avant garde';\"><strong style=\"color: #444444; font-size: medium; font-family: 'Segoe UI', Arial, Helvetica, sans-serif;\">Gamble with my Heart<\/strong><br style=\"color: #444444; font-size: medium; font-family: 'Segoe UI', Arial, Helvetica, sans-serif;\" \/><strong style=\"color: #444444; font-size: medium; font-family: 'Segoe UI', Arial, Helvetica, sans-serif;\">Card in Heart Balloon<\/strong><br style=\"color: #444444; font-size: medium; font-family: 'Segoe UI', Arial, Helvetica, sans-serif;\" \/><strong style=\"color: #444444; font-size: medium; font-family: 'Segoe UI', Arial, Helvetica, sans-serif;\">Wedding Thought<\/strong><br style=\"color: #444444; font-size: medium; font-family: 'Segoe UI', Arial, Helvetica, sans-serif;\" \/><strong style=\"color: #444444; font-size: medium; font-family: 'Segoe UI', Arial, Helvetica, sans-serif;\">Heart String<\/strong><br style=\"color: #444444; font-size: medium; font-family: 'Segoe UI', Arial, Helvetica, sans-serif;\" \/><strong style=\"color: #444444; font-size: medium; font-family: 'Segoe UI', Arial, Helvetica, sans-serif;\">Ring &amp; Rose<\/strong><br style=\"color: #444444; font-size: medium; font-family: 'Segoe UI', Arial, Helvetica, sans-serif;\" \/><strong style=\"color: #444444; font-size: medium; font-family: 'Segoe UI', Arial, Helvetica, sans-serif;\">Ambitious Waltz<\/strong><br style=\"color: #444444; font-size: medium; font-family: 'Segoe UI', Arial, Helvetica, sans-serif;\" \/><strong style=\"color: #444444; font-size: medium; font-family: 'Segoe UI', Arial, Helvetica, sans-serif;\">The Four Card Trick<\/strong><\/span><\/p>\n<p style=\"font-size: 12px; font-family: Tahoma, Arial, sans-serif; text-align: center;\"><span style=\"font-size: 14pt; font-family: 'arial black', 'avant garde';\"><strong style=\"color: #444444; font-size: medium; font-family: 'Segoe UI', Arial, Helvetica, sans-serif;\">Polecamy,<\/strong><\/span><\/p>\n<p style=\"font-size: 12px; font-family: Tahoma, Arial, sans-serif; text-align: center;\"><span style=\"font-size: 14pt; font-family: 'arial black', 'avant garde';\"><strong style=\"color: #444444; font-size: medium; font-family: 'Segoe UI', Arial, Helvetica, sans-serif;\">magiiik.pl<\/strong><\/span><\/p>\n","protected":false},"excerpt":{"rendered":"<p><strong>Romantic Bar Magic Vol 2 by Stephen Ablett video\u00a0<\/strong><\/p>\n","protected":false},"featured_media":8792,"comment_status":"closed","ping_status":"open","template":"","meta":[],"product_brand":[],"product_cat":[55],"product_tag":[],"class_list":{"0":"post-8791","1":"product","2":"type-product","3":"status-publish","4":"has-post-thumbnail","6":"product_cat-ksiazki-dvd-download-downloads","8":"first","9":"instock","10":"purchasable","11":"product-type-simple"},"_links":{"self":[{"href":"https:\/\/magiiik.netstory.com.pl\/index.php?rest_route=\/wp\/v2\/product\/8791","targetHints":{"allow":["GET"]}}],"collection":[{"href":"https:\/\/magiiik.netstory.com.pl\/index.php?rest_route=\/wp\/v2\/product"}],"about":[{"href":"https:\/\/magiiik.netstory.com.pl\/index.php?rest_route=\/wp\/v2\/types\/product"}],"replies":[{"embeddable":true,"href":"https:\/\/magiiik.netstory.com.pl\/index.php?rest_route=%2Fwp%2Fv2%2Fcomments&post=8791"}],"wp:featuredmedia":[{"embeddable":true,"href":"https:\/\/magiiik.netstory.com.pl\/index.php?rest_route=\/wp\/v2\/media\/8792"}],"wp:attachment":[{"href":"https:\/\/magiiik.netstory.com.pl\/index.php?rest_route=%2Fwp%2Fv2%2Fmedia&parent=8791"}],"wp:term":[{"taxonomy":"product_brand","embeddable":true,"href":"https:\/\/magiiik.netstory.com.pl\/index.php?rest_route=%2Fwp%2Fv2%2Fproduct_brand&post=8791"},{"taxonomy":"product_cat","embeddable":true,"href":"https:\/\/magiiik.netstory.com.pl\/index.php?rest_route=%2Fwp%2Fv2%2Fproduct_cat&post=8791"},{"taxonomy":"product_tag","embeddable":true,"href":"https:\/\/magiiik.netstory.com.pl\/index.php?rest_route=%2Fwp%2Fv2%2Fproduct_tag&post=8791"}],"curies":[{"name":"wp","href":"https:\/\/api.w.org\/{rel}","templated":true}]}}