{"id":8769,"date":"2025-09-19T13:19:50","date_gmt":"2025-09-19T11:19:50","guid":{"rendered":"https:\/\/magiiik.netstory.com.pl\/produkt\/at-the-table-live-lecture-bizzaro\/"},"modified":"2025-09-19T13:19:56","modified_gmt":"2025-09-19T11:19:56","slug":"at-the-table-live-lecture-bizzaro","status":"publish","type":"product","link":"https:\/\/magiiik.netstory.com.pl\/?product=at-the-table-live-lecture-bizzaro","title":{"rendered":"At The Table Live Lecture &#8211; BIZZARO"},"content":{"rendered":"<p style=\"text-align: center;\"><strong><span style=\"font-size: 14pt; font-family: 'arial black', 'avant garde';\">Wyk\u0142ad na \u017cywo ju\u017c 19. listopada!<\/span><\/strong><\/p>\n<p style=\"text-align: center;\"><span style=\"font-size: 14pt; font-family: 'arial black', 'avant garde';\">W \u015bwiecie pe\u0142nym reality show i nijakich rozrywek, <strong>BIZZARO &#8211; OPTYCZNY ILUZJONISTA<\/strong> stara si\u0119 udowodni\u0107, \u017ce normalne jest tylko ustawienie na&#8230; suszarce.<\/span><\/p>\n<p style=\"text-align: center;\"><span style=\"font-size: 14pt; font-family: 'arial black', 'avant garde';\"><strong>Bizzaro<\/strong> wyst\u0119powa\u0142 od wybrze\u017ca do wybrze\u017ca, pojawia\u0142 si\u0119 na <strong>Fox<\/strong>, <strong>NBC<\/strong>,\u00a0<span style=\"color: #444444;\"><strong>America&#8217;s got Talent<\/strong> i\u00a0<strong>Travel Channel&#8217;s Extreme Conventions<\/strong>. Widziano Go r\u00f3wnie\u017c w\u00a0<strong>Magic Castle<\/strong> w Hollywood, CA.\u00a0<\/span><\/span><\/p>\n<p style=\"text-align: center;\"><span style=\"font-size: 14pt; font-family: 'arial black', 'avant garde';\">B\u0119dzie to wyk\u0142ad, jakiego jeszcze nigdy nie widzia\u0142e\u015b! <strong>Bizzaro<\/strong> przeniesie Ci\u0119 do swojego laboratorium magii i tajemnicy! Dowiesz si\u0119, krok po kroku, jak zrobi\u0107, wykona\u0107, skonstruowa\u0107 magi\u0119 w bardzo tw\u00f3rczy spos\u00f3b.<\/span><\/p>\n<p style=\"text-align: center;\"><span style=\"font-size: 14pt; font-family: 'arial black', 'avant garde';\">To b\u0119dzie wyk\u0142ad z kreatywno\u015bci i tworzenia, ale poznasz r\u00f3wnie\u017c podstawy elektroniki.<\/span><\/p>\n<p style=\"text-align: center;\"><span style=\"font-size: 14pt; font-family: 'arial black', 'avant garde';\">Ka\u017cdy trick, kt\u00f3ry wykona w tym szkoleniu, <strong>Bizzaro<\/strong> b\u0119dzie ca\u0142kiem nowy, materia\u0142, kt\u00f3ry nigdy wcze\u015bniej nie by\u0142 publikowany!<\/span><\/p>\n<p style=\"font-size: 12px; font-family: Tahoma, Arial, sans-serif; text-align: center;\"><strong><span style=\"font-size: 14pt; font-family: 'arial black', 'avant garde';\">KUP JU\u017b TERAZ\u00a0bilet i ucz si\u0119 od najlepszych!<\/span><\/strong><\/p>\n<p style=\"font-size: 12px; font-family: Tahoma, Arial, sans-serif; text-align: center;\"><strong><span style=\"font-size: 14pt; font-family: 'arial black', 'avant garde';\">POLECAMY, \u00a0<\/span><\/strong><\/p>\n<p style=\"font-size: 12px; font-family: Tahoma, Arial, sans-serif; text-align: center;\"><strong><span style=\"font-size: 14pt; font-family: 'arial black', 'avant garde';\">magiiik.pl\u00a0<\/span><\/strong><\/p>\n<p style=\"font-size: 12px; font-family: Tahoma, Arial, sans-serif; text-align: left;\"><span style=\"font-size: 12pt; font-family: 'arial black', 'avant garde';\">UWAGA!<\/span><\/p>\n<p style=\"font-size: 12px; font-family: Tahoma, Arial, sans-serif; text-align: left;\"><span style=\"font-size: 12pt; font-family: 'arial black', 'avant garde';\">Szkolenie jest w j\u0119zyku angielskim!<\/span><\/p>\n<p style=\"font-size: 12px; font-family: Tahoma, Arial, sans-serif; text-align: left;\"><span style=\"font-size: 12pt; font-family: 'arial black', 'avant garde';\">Na seri\u0119 &#8222;At The Table&#8221; nie obowi\u0105zuje \u017bADEN rabat!<\/span><\/p>\n","protected":false},"excerpt":{"rendered":"<p><strong>At The Table Live Lecture &#8211; BIZZARO<\/strong><\/p>\n","protected":false},"featured_media":8770,"comment_status":"closed","ping_status":"open","template":"","meta":[],"product_brand":[],"product_cat":[50],"product_tag":[],"class_list":{"0":"post-8769","1":"product","2":"type-product","3":"status-publish","4":"has-post-thumbnail","6":"product_cat-ksiazki-dvd-download-downloads-at-the-table","8":"first","9":"instock","10":"purchasable","11":"product-type-simple"},"_links":{"self":[{"href":"https:\/\/magiiik.netstory.com.pl\/index.php?rest_route=\/wp\/v2\/product\/8769","targetHints":{"allow":["GET"]}}],"collection":[{"href":"https:\/\/magiiik.netstory.com.pl\/index.php?rest_route=\/wp\/v2\/product"}],"about":[{"href":"https:\/\/magiiik.netstory.com.pl\/index.php?rest_route=\/wp\/v2\/types\/product"}],"replies":[{"embeddable":true,"href":"https:\/\/magiiik.netstory.com.pl\/index.php?rest_route=%2Fwp%2Fv2%2Fcomments&post=8769"}],"wp:featuredmedia":[{"embeddable":true,"href":"https:\/\/magiiik.netstory.com.pl\/index.php?rest_route=\/wp\/v2\/media\/8770"}],"wp:attachment":[{"href":"https:\/\/magiiik.netstory.com.pl\/index.php?rest_route=%2Fwp%2Fv2%2Fmedia&parent=8769"}],"wp:term":[{"taxonomy":"product_brand","embeddable":true,"href":"https:\/\/magiiik.netstory.com.pl\/index.php?rest_route=%2Fwp%2Fv2%2Fproduct_brand&post=8769"},{"taxonomy":"product_cat","embeddable":true,"href":"https:\/\/magiiik.netstory.com.pl\/index.php?rest_route=%2Fwp%2Fv2%2Fproduct_cat&post=8769"},{"taxonomy":"product_tag","embeddable":true,"href":"https:\/\/magiiik.netstory.com.pl\/index.php?rest_route=%2Fwp%2Fv2%2Fproduct_tag&post=8769"}],"curies":[{"name":"wp","href":"https:\/\/api.w.org\/{rel}","templated":true}]}}