{"id":8767,"date":"2025-09-19T13:19:50","date_gmt":"2025-09-19T11:19:50","guid":{"rendered":"https:\/\/magiiik.netstory.com.pl\/produkt\/at-the-table-live-lecture-chris-korn\/"},"modified":"2025-09-19T13:19:56","modified_gmt":"2025-09-19T11:19:56","slug":"at-the-table-live-lecture-chris-korn","status":"publish","type":"product","link":"https:\/\/magiiik.netstory.com.pl\/?product=at-the-table-live-lecture-chris-korn","title":{"rendered":"At The Table Live Lecture &#8211; Chris Korn"},"content":{"rendered":"<p style=\"text-align: center;\"><span style=\"font-size: 14pt; font-family: 'arial black', 'avant garde';\"><strong>Wyk\u0142ad na \u017cywo ju\u017c 12. listopada 2014!<\/strong><\/span><\/p>\n<p style=\"text-align: center;\"><span style=\"font-size: 14pt; font-family: 'arial black', 'avant garde';\"><strong>Chris Korn<\/strong> to nazwa magicznej spo\u0142eczno\u015bci znanej od d\u0142u\u017cszego czasu. To bardzo szanowany iluzjonista, r\u00f3wnie\u017c w\u015br\u00f3d takich gwiazd Hollywood jak <strong>Brad Pitt<\/strong>, <strong>JJ Abrams<\/strong>, <strong>Alec Baldwin<\/strong> i wiele innych.\u00a0<\/span><\/p>\n<p style=\"text-align: center;\"><span style=\"font-size: 14pt; font-family: 'arial black', 'avant garde';\">Co sprawia, \u017ce <strong>Chris<\/strong> jest tak popularny? Wyst\u0119powa\u0142 On w ponad 20 r\u00f3\u017cnych krajach na ca\u0142ym \u015bwiecie, w ponad 100 miastach w USA, mia\u0142 r\u00f3wnie\u017c sw\u00f3j w\u0142asny program TV, kt\u00f3ry dawa\u0142 magiczn\u0105 rozrywk\u0119 ponad 74 milionom widz\u00f3w na ca\u0142ym \u015bwiecie!<\/span><\/p>\n<p style=\"text-align: center;\"><span style=\"font-size: 14pt; font-family: 'arial black', 'avant garde';\"><strong>Chris<\/strong> planuje poprowadzi\u0107 wyk\u0142ad, kt\u00f3rego adresatem b\u0119dzie pocz\u0105tkuj\u0105cy, jak i zaawansowany iluzjonista.\u00a0<\/span><\/p>\n<p style=\"text-align: center;\"><span style=\"font-size: 14pt; font-family: 'arial black', 'avant garde';\"><strong>Chris<\/strong> jest naprawd\u0119 jedn\u0105 z najbardziej wp\u0142ywowych i tw\u00f3rczych os\u00f3b w magicznej spo\u0142eczno\u015bci, wi\u0119c je\u015bli szukasz czego\u015b naprawd\u0119 wyj\u0105tkowego, to <strong>KUP BILET JU\u017b TERAZ!<\/strong><\/span><\/p>\n<p style=\"font-size: 12px; font-family: Tahoma, Arial, sans-serif; text-align: center;\"><strong><span style=\"font-size: 14pt; font-family: 'arial black', 'avant garde';\">POLECAMY, \u00a0<\/span><\/strong><\/p>\n<p style=\"font-size: 12px; font-family: Tahoma, Arial, sans-serif; text-align: center;\"><strong><span style=\"font-size: 14pt; font-family: 'arial black', 'avant garde';\">magiiik.pl\u00a0<\/span><\/strong><\/p>\n<p style=\"font-size: 12px; font-family: Tahoma, Arial, sans-serif; text-align: left;\"><span style=\"font-size: 12pt; font-family: 'arial black', 'avant garde';\">UWAGA!<\/span><\/p>\n<p style=\"font-size: 12px; font-family: Tahoma, Arial, sans-serif; text-align: left;\"><span style=\"font-size: 12pt; font-family: 'arial black', 'avant garde';\">Szkolenie jest w j\u0119zyku angielskim!<\/span><\/p>\n<p style=\"font-size: 12px; font-family: Tahoma, Arial, sans-serif; text-align: left;\"><span style=\"font-size: 12pt; font-family: 'arial black', 'avant garde';\">Na seri\u0119 &#8222;At The Table&#8221; nie obowi\u0105zuje \u017bADEN rabat!<\/span><\/p>\n","protected":false},"excerpt":{"rendered":"<p><strong>At The Table Live Lecture &#8211; Chris Korn<\/strong><\/p>\n","protected":false},"featured_media":8768,"comment_status":"closed","ping_status":"open","template":"","meta":[],"product_brand":[],"product_cat":[50],"product_tag":[],"class_list":{"0":"post-8767","1":"product","2":"type-product","3":"status-publish","4":"has-post-thumbnail","6":"product_cat-ksiazki-dvd-download-downloads-at-the-table","8":"first","9":"instock","10":"purchasable","11":"product-type-simple"},"_links":{"self":[{"href":"https:\/\/magiiik.netstory.com.pl\/index.php?rest_route=\/wp\/v2\/product\/8767","targetHints":{"allow":["GET"]}}],"collection":[{"href":"https:\/\/magiiik.netstory.com.pl\/index.php?rest_route=\/wp\/v2\/product"}],"about":[{"href":"https:\/\/magiiik.netstory.com.pl\/index.php?rest_route=\/wp\/v2\/types\/product"}],"replies":[{"embeddable":true,"href":"https:\/\/magiiik.netstory.com.pl\/index.php?rest_route=%2Fwp%2Fv2%2Fcomments&post=8767"}],"wp:featuredmedia":[{"embeddable":true,"href":"https:\/\/magiiik.netstory.com.pl\/index.php?rest_route=\/wp\/v2\/media\/8768"}],"wp:attachment":[{"href":"https:\/\/magiiik.netstory.com.pl\/index.php?rest_route=%2Fwp%2Fv2%2Fmedia&parent=8767"}],"wp:term":[{"taxonomy":"product_brand","embeddable":true,"href":"https:\/\/magiiik.netstory.com.pl\/index.php?rest_route=%2Fwp%2Fv2%2Fproduct_brand&post=8767"},{"taxonomy":"product_cat","embeddable":true,"href":"https:\/\/magiiik.netstory.com.pl\/index.php?rest_route=%2Fwp%2Fv2%2Fproduct_cat&post=8767"},{"taxonomy":"product_tag","embeddable":true,"href":"https:\/\/magiiik.netstory.com.pl\/index.php?rest_route=%2Fwp%2Fv2%2Fproduct_tag&post=8767"}],"curies":[{"name":"wp","href":"https:\/\/api.w.org\/{rel}","templated":true}]}}