{"id":8765,"date":"2025-09-19T13:19:50","date_gmt":"2025-09-19T11:19:50","guid":{"rendered":"https:\/\/magiiik.netstory.com.pl\/produkt\/at-the-table-live-lecture-jesse-feinberg\/"},"modified":"2025-09-19T13:19:55","modified_gmt":"2025-09-19T11:19:55","slug":"at-the-table-live-lecture-jesse-feinberg","status":"publish","type":"product","link":"https:\/\/magiiik.netstory.com.pl\/?product=at-the-table-live-lecture-jesse-feinberg","title":{"rendered":"At The Table Live Lecture &#8211; Jesse Feinberg"},"content":{"rendered":"<p style=\"text-align: center;\"><strong><span style=\"font-size: 14pt; font-family: 'arial black', 'avant garde';\">Wyk\u0142ad na \u017cywo ju\u017c 5. listopada!<\/span><\/strong><\/p>\n<p style=\"text-align: center;\"><span style=\"font-size: 14pt; font-family: 'arial black', 'avant garde';\"><strong>Jesse Feinberg<\/strong> to ogromna si\u0142a tw\u00f3rcza w \u015bwiecie magii. Dawa\u0142 konsultacje dla najlepszych nazwisk, w tym dla samego <strong>Criss<\/strong>&#8217;a <strong>Angel&#8217;<\/strong>a, a tak\u017ce wsp\u00f3\u0142pracowa\u0142 z <strong>Paul<\/strong>&#8217;em <strong>Harris<\/strong>&#8217;em. <strong>Jesse<\/strong> ma na pewno ciekaw\u0105 histori\u0119 do opowiedzenia. Jego magia jest wyj\u0105tkowa i zaskakuj\u0105ca, a metody, jakimi si\u0119 pos\u0142uguje wprawi\u0105 Ci\u0119 w niedowierzanie. Przygotuj si\u0119 na to niezwyk\u0142e szkolenie!<\/span><\/p>\n<p style=\"font-size: 12px; font-family: Tahoma, Arial, sans-serif; text-align: center;\"><span style=\"font-size: 14pt; font-family: 'arial black', 'avant garde';\">Pami\u0119taj, \u017ce\u00a0<strong>At The Table<\/strong>\u00a0umo\u017cliwia r\u00f3wnie\u017c chat, aby\u015b m\u00f3g\u0142\u00a0na \u017cywo\u00a0zada\u0107 swoje pytania do prowadz\u0105cego!\u00a0\u00a0\u00a0<\/span>\u00a0<\/p>\n<p style=\"font-size: 12px; font-family: Tahoma, Arial, sans-serif; text-align: center;\"><strong><span style=\"font-size: 14pt; font-family: 'arial black', 'avant garde';\">KUP JU\u017b TERAZ\u00a0bilet i ucz si\u0119 od najlepszych!<\/span><\/strong><\/p>\n<p style=\"font-size: 12px; font-family: Tahoma, Arial, sans-serif; text-align: center;\">\u00a0<\/p>\n<p style=\"font-size: 12px; font-family: Tahoma, Arial, sans-serif; text-align: center;\"><strong><span style=\"font-size: 14pt; font-family: 'arial black', 'avant garde';\">POLECAMY, \u00a0<\/span><\/strong><\/p>\n<p style=\"font-size: 12px; font-family: Tahoma, Arial, sans-serif; text-align: center;\"><strong><span style=\"font-size: 14pt; font-family: 'arial black', 'avant garde';\">magiiik.pl\u00a0<\/span><\/strong><\/p>\n<p style=\"font-size: 12px; font-family: Tahoma, Arial, sans-serif; text-align: left;\"><span style=\"font-size: 12pt; font-family: 'arial black', 'avant garde';\">UWAGA!<\/span><\/p>\n<p style=\"font-size: 12px; font-family: Tahoma, Arial, sans-serif; text-align: left;\"><span style=\"font-size: 12pt; font-family: 'arial black', 'avant garde';\">Szkolenie jest w j\u0119zyku angielskim!<\/span><\/p>\n<p style=\"font-size: 12px; font-family: Tahoma, Arial, sans-serif; text-align: left;\"><span style=\"font-size: 12pt; font-family: 'arial black', 'avant garde';\">Na seri\u0119 &#8222;At The Table&#8221; nie obowi\u0105zuje \u017bADEN rabat!<\/span><\/p>\n","protected":false},"excerpt":{"rendered":"<p><strong>At The Table Live Lecture &#8211; Jesse Feinberg<\/strong><\/p>\n","protected":false},"featured_media":8766,"comment_status":"closed","ping_status":"open","template":"","meta":[],"product_brand":[],"product_cat":[50],"product_tag":[],"class_list":{"0":"post-8765","1":"product","2":"type-product","3":"status-publish","4":"has-post-thumbnail","6":"product_cat-ksiazki-dvd-download-downloads-at-the-table","8":"first","9":"instock","10":"purchasable","11":"product-type-simple"},"_links":{"self":[{"href":"https:\/\/magiiik.netstory.com.pl\/index.php?rest_route=\/wp\/v2\/product\/8765","targetHints":{"allow":["GET"]}}],"collection":[{"href":"https:\/\/magiiik.netstory.com.pl\/index.php?rest_route=\/wp\/v2\/product"}],"about":[{"href":"https:\/\/magiiik.netstory.com.pl\/index.php?rest_route=\/wp\/v2\/types\/product"}],"replies":[{"embeddable":true,"href":"https:\/\/magiiik.netstory.com.pl\/index.php?rest_route=%2Fwp%2Fv2%2Fcomments&post=8765"}],"wp:featuredmedia":[{"embeddable":true,"href":"https:\/\/magiiik.netstory.com.pl\/index.php?rest_route=\/wp\/v2\/media\/8766"}],"wp:attachment":[{"href":"https:\/\/magiiik.netstory.com.pl\/index.php?rest_route=%2Fwp%2Fv2%2Fmedia&parent=8765"}],"wp:term":[{"taxonomy":"product_brand","embeddable":true,"href":"https:\/\/magiiik.netstory.com.pl\/index.php?rest_route=%2Fwp%2Fv2%2Fproduct_brand&post=8765"},{"taxonomy":"product_cat","embeddable":true,"href":"https:\/\/magiiik.netstory.com.pl\/index.php?rest_route=%2Fwp%2Fv2%2Fproduct_cat&post=8765"},{"taxonomy":"product_tag","embeddable":true,"href":"https:\/\/magiiik.netstory.com.pl\/index.php?rest_route=%2Fwp%2Fv2%2Fproduct_tag&post=8765"}],"curies":[{"name":"wp","href":"https:\/\/api.w.org\/{rel}","templated":true}]}}