{"id":8755,"date":"2025-09-19T13:19:50","date_gmt":"2025-09-19T11:19:50","guid":{"rendered":"https:\/\/magiiik.netstory.com.pl\/produkt\/blades-thru-arm-przecinanie-reki-gilotyna-by-daytona-magic\/"},"modified":"2025-09-19T13:19:53","modified_gmt":"2025-09-19T11:19:53","slug":"blades-thru-arm-przecinanie-reki-gilotyna-by-daytona-magic","status":"publish","type":"product","link":"https:\/\/magiiik.netstory.com.pl\/?product=blades-thru-arm-przecinanie-reki-gilotyna-by-daytona-magic","title":{"rendered":"Blades Thru Arm (przecinanie r\u0119ki, gilotyna) by Daytona Magic"},"content":{"rendered":"<p style=\"text-align: center;\"><span style=\"font-size: 14pt; font-family: 'arial black', 'avant garde';\">Iluzjonista prezentuje niebiesk\u0105 skrzynk\u0119 i dwa ostrza. Wk\u0142ada do tuby swoj\u0105 r\u0119k\u0119 i przebija j\u0105 ostrzami. Otwiera skrzynk\u0119 i widzowie mog\u0105 zobaczy\u0107 r\u0119k\u0119 przeci\u0119t\u0105 na p\u00f3\u0142! Magik porusza palcami! Teraz zamyka skrzynk\u0119, wyjmuje ostrza i pokazuje, \u017ce r\u0119ka jest w ca\u0142o\u015bci, nienaruszona \ud83d\ude42<\/span><\/p>\n<p style=\"text-align: center;\"><span style=\"font-size: 14pt; font-family: 'arial black', 'avant garde';\">W komplecie otrzymasz skrzynk\u0119, dwa ostrza i instrukcj\u0119 w j\u0119zyku angielskim z obrazkami.<\/span><\/p>\n<p style=\"text-align: center;\"><strong><span style=\"font-size: 14pt; font-family: 'arial black', 'avant garde';\">UWAGA!<\/span><\/strong><\/p>\n<p style=\"text-align: center;\"><strong><span style=\"font-size: 14pt; font-family: 'arial black', 'avant garde';\">Wysy\u0142ka tylko kurierem GLS!<\/span><\/strong><\/p>\n<p style=\"text-align: center;\"><strong><span style=\"font-size: 14pt; font-family: 'arial black', 'avant garde';\">Polecamy,<\/span><\/strong><\/p>\n<p style=\"text-align: center;\"><strong><span style=\"font-size: 14pt; font-family: 'arial black', 'avant garde';\">magiiik.pl<\/span><\/strong><\/p>\n","protected":false},"excerpt":{"rendered":"<p><strong>Blades Thru Arm by Daytona Magic<\/strong><\/p>\n","protected":false},"featured_media":8756,"comment_status":"closed","ping_status":"open","template":"","meta":[],"product_brand":[],"product_cat":[65],"product_tag":[],"class_list":{"0":"post-8755","1":"product","2":"type-product","3":"status-publish","4":"has-post-thumbnail","6":"product_cat-iluzja-sceniczna-iluzja-sceniczna","8":"first","9":"instock","10":"purchasable","11":"product-type-simple"},"_links":{"self":[{"href":"https:\/\/magiiik.netstory.com.pl\/index.php?rest_route=\/wp\/v2\/product\/8755","targetHints":{"allow":["GET"]}}],"collection":[{"href":"https:\/\/magiiik.netstory.com.pl\/index.php?rest_route=\/wp\/v2\/product"}],"about":[{"href":"https:\/\/magiiik.netstory.com.pl\/index.php?rest_route=\/wp\/v2\/types\/product"}],"replies":[{"embeddable":true,"href":"https:\/\/magiiik.netstory.com.pl\/index.php?rest_route=%2Fwp%2Fv2%2Fcomments&post=8755"}],"wp:featuredmedia":[{"embeddable":true,"href":"https:\/\/magiiik.netstory.com.pl\/index.php?rest_route=\/wp\/v2\/media\/8756"}],"wp:attachment":[{"href":"https:\/\/magiiik.netstory.com.pl\/index.php?rest_route=%2Fwp%2Fv2%2Fmedia&parent=8755"}],"wp:term":[{"taxonomy":"product_brand","embeddable":true,"href":"https:\/\/magiiik.netstory.com.pl\/index.php?rest_route=%2Fwp%2Fv2%2Fproduct_brand&post=8755"},{"taxonomy":"product_cat","embeddable":true,"href":"https:\/\/magiiik.netstory.com.pl\/index.php?rest_route=%2Fwp%2Fv2%2Fproduct_cat&post=8755"},{"taxonomy":"product_tag","embeddable":true,"href":"https:\/\/magiiik.netstory.com.pl\/index.php?rest_route=%2Fwp%2Fv2%2Fproduct_tag&post=8755"}],"curies":[{"name":"wp","href":"https:\/\/api.w.org\/{rel}","templated":true}]}}