{"id":8745,"date":"2025-09-19T13:19:22","date_gmt":"2025-09-19T11:19:22","guid":{"rendered":"https:\/\/magiiik.netstory.com.pl\/produkt\/water-works-by-uday-jadugar-paul-harris\/"},"modified":"2025-09-19T13:19:43","modified_gmt":"2025-09-19T11:19:43","slug":"water-works-by-uday-jadugar-paul-harris","status":"publish","type":"product","link":"https:\/\/magiiik.netstory.com.pl\/?product=water-works-by-uday-jadugar-paul-harris","title":{"rendered":"Water Works by Uday Jadugar &#038; Paul Harris"},"content":{"rendered":"<p style=\"text-align: center;\"><span style=\"font-size: 14pt; font-family: 'arial black', 'avant garde';\"><strong>Water Works to nowy, zadziwiaj\u0105cy, najprostszy i najbardziej pot\u0119\u017cny efekt anty-grawitacji wody!<\/strong><\/span><\/p>\n<p style=\"text-align: center;\"><span style=\"font-size: 14pt; font-family: 'arial black', 'avant garde';\">Dobr\u0105 wiadomo\u015bci\u0105 jest to, \u017ce nie musisz niczego ukrywa\u0107 w r\u0119kach, nie ma tutaj \u017cadnych chemikali\u00f3w, klej\u00f3w itp. Tw\u00f3j widz mo\u017ce wzi\u0105\u0107 \u0142yka wody z butelki w trakcie prezentacji! Jeste\u015b w 100% czysty!<\/span><\/p>\n<p style=\"text-align: center;\"><strong><span style=\"font-size: 14pt; font-family: 'arial black', 'avant garde';\">EFEKT:<\/span><\/strong><\/p>\n<p style=\"text-align: center;\"><span style=\"font-size: 14pt; font-family: 'arial black', 'avant garde';\">Prezentujesz plastikow\u0105 butelk\u0119 pe\u0142n\u0105 wody. Odwracasz butelk\u0119 do do\u0142u otworem i w niewyt\u0142umaczalny spos\u00f3b woda nie wylatuje! To jeszcze nie koniec! Mo\u017cesz teraz od do\u0142u wcisn\u0105\u0107 o\u0142\u00f3wek, b\u0105d\u017a wyka\u0142aczk\u0119, kt\u00f3re p\u0142ywaj\u0105 wewn\u0105trz butelki! \u017badna inna wersja nie pozwala umie\u015bci\u0107 tak du\u017cego przedmiotu wewn\u0105trz!<\/span><\/p>\n<p style=\"text-align: center;\"><span style=\"font-size: 14pt; font-family: 'arial black', 'avant garde';\">Teraz odwr\u00f3\u0107 butelk\u0119 do ust i wszystko wraca do normy. <strong>Widzowie mog\u0105 wszystko dotkn\u0105\u0107 i zbada\u0107.<\/strong><\/span><\/p>\n<p style=\"text-align: center;\"><strong><span style=\"font-size: 14pt; font-family: 'arial black', 'avant garde';\">BONUS: waterball<\/span><\/strong><\/p>\n<p style=\"text-align: center;\"><span style=\"font-size: 14pt; font-family: 'arial black', 'avant garde';\">W dalszej cz\u0119\u015bci naszego tricku prezentujemy ma\u0142\u0105 niebiesk\u0105 pi\u0142eczk\u0119, kt\u00f3r\u0105 wrzucamy do butelki i kt\u00f3ra powoli opada na dno&#8230; Butelk\u0119 po raz kolejny odwracamy do do\u0142u otworem i wida\u0107 dok\u0142adnie, jak pi\u0142eczka opada ku wylotowi, a\u017c wypada z butelki na d\u0142o\u0144 Twojego widza, a woda zostaje nienaruszona w butelce!<\/span><\/p>\n<p style=\"text-align: center;\"><span style=\"font-size: 14pt; font-family: 'arial black', 'avant garde';\"><iframe loading=\"lazy\" src=\"\/\/www.youtube.com\/embed\/cCY5vH4jHZU\" width=\"425\" height=\"350\"><\/iframe><\/span><\/p>\n<p style=\"text-align: center;\"><span style=\"font-size: 14pt; font-family: 'arial black', 'avant garde';\">W zestawie DVD instrukta\u017cowe i wszystkie niezb\u0119dne do wykonania tricku gimmicki.<\/span><\/p>\n<p style=\"text-align: center;\"><strong><span style=\"font-size: 14pt; font-family: 'arial black', 'avant garde';\">Polecamy,<\/span><\/strong><\/p>\n<p style=\"text-align: center;\"><strong><span style=\"font-size: 14pt; font-family: 'arial black', 'avant garde';\">magiiik.pl<\/span><\/strong><\/p>\n","protected":false},"excerpt":{"rendered":"<p><strong>Water Works by Uday Jadugar &amp; Paul Harris<\/strong><\/p>\n","protected":false},"featured_media":8746,"comment_status":"closed","ping_status":"open","template":"","meta":[],"product_brand":[],"product_cat":[53],"product_tag":[],"class_list":{"0":"post-8745","1":"product","2":"type-product","3":"status-publish","4":"has-post-thumbnail","6":"product_cat-mikro-iluzja-close-up","8":"first","9":"instock","10":"purchasable","11":"product-type-simple"},"_links":{"self":[{"href":"https:\/\/magiiik.netstory.com.pl\/index.php?rest_route=\/wp\/v2\/product\/8745","targetHints":{"allow":["GET"]}}],"collection":[{"href":"https:\/\/magiiik.netstory.com.pl\/index.php?rest_route=\/wp\/v2\/product"}],"about":[{"href":"https:\/\/magiiik.netstory.com.pl\/index.php?rest_route=\/wp\/v2\/types\/product"}],"replies":[{"embeddable":true,"href":"https:\/\/magiiik.netstory.com.pl\/index.php?rest_route=%2Fwp%2Fv2%2Fcomments&post=8745"}],"wp:featuredmedia":[{"embeddable":true,"href":"https:\/\/magiiik.netstory.com.pl\/index.php?rest_route=\/wp\/v2\/media\/8746"}],"wp:attachment":[{"href":"https:\/\/magiiik.netstory.com.pl\/index.php?rest_route=%2Fwp%2Fv2%2Fmedia&parent=8745"}],"wp:term":[{"taxonomy":"product_brand","embeddable":true,"href":"https:\/\/magiiik.netstory.com.pl\/index.php?rest_route=%2Fwp%2Fv2%2Fproduct_brand&post=8745"},{"taxonomy":"product_cat","embeddable":true,"href":"https:\/\/magiiik.netstory.com.pl\/index.php?rest_route=%2Fwp%2Fv2%2Fproduct_cat&post=8745"},{"taxonomy":"product_tag","embeddable":true,"href":"https:\/\/magiiik.netstory.com.pl\/index.php?rest_route=%2Fwp%2Fv2%2Fproduct_tag&post=8745"}],"curies":[{"name":"wp","href":"https:\/\/api.w.org\/{rel}","templated":true}]}}