{"id":8741,"date":"2025-09-19T13:19:22","date_gmt":"2025-09-19T11:19:22","guid":{"rendered":"https:\/\/magiiik.netstory.com.pl\/produkt\/extortion-by-patrick-kun-and-sansminds\/"},"modified":"2025-09-19T13:19:42","modified_gmt":"2025-09-19T11:19:42","slug":"extortion-by-patrick-kun-and-sansminds","status":"publish","type":"product","link":"https:\/\/magiiik.netstory.com.pl\/?product=extortion-by-patrick-kun-and-sansminds","title":{"rendered":"Extortion by Patrick Kun and SansMinds"},"content":{"rendered":"<p style=\"text-align: center;\"><span style=\"font-size: 14pt; font-family: 'arial black', 'avant garde';\">Standardowy trick jest wykonywany na dolarze, jednak mo\u017cesz go wykona\u0107 r\u00f3wnie\u017c na zagranicznych pieni\u0105dzach (euro, z\u0142ot\u00f3wki itd.) Wymaga\u0142o to b\u0119dzie od Ciebie ma\u0142ej modyfikacji, ale trick na pewno b\u0119dzie dzia\u0142a\u0142 i jest do wykonania (szczeg\u00f3\u0142y na DVD).<\/span><\/p>\n<p style=\"text-align: center;\"><span style=\"font-size: 14pt; font-family: 'arial black', 'avant garde';\">Banknot jest na tyle cienki, \u017ce nikt nie ma mo\u017cliwo\u015bci wyczucia gimmicka! Mo\u017cesz pokaza\u0107 prz\u00f3d i ty\u0142 banknotu, co sprawia, \u017ce trick jest bardzo przekonuj\u0105cy i niezwyk\u0142y.\u00a0<\/span><\/p>\n<p style=\"text-align: center;\"><span style=\"font-size: 14pt; font-family: 'arial black', 'avant garde';\"><iframe loading=\"lazy\" src=\"\/\/www.youtube.com\/embed\/sA7ZdnN2u8s\" width=\"425\" height=\"350\"><\/iframe><\/span><\/p>\n<p style=\"text-align: center;\">\u00a0<\/p>\n<p style=\"text-align: center;\"><iframe loading=\"lazy\" src=\"\/\/www.youtube.com\/embed\/k5LevDfNexE\" width=\"425\" height=\"350\"><\/iframe><\/p>\n<p style=\"text-align: center;\"><strong><span style=\"font-size: 14pt; font-family: 'arial black', 'avant garde';\">Polecamy,<\/span><\/strong><\/p>\n<p style=\"text-align: center;\"><strong><span style=\"font-size: 14pt; font-family: 'arial black', 'avant garde';\">magiiik.pl<\/span><\/strong><\/p>\n","protected":false},"excerpt":{"rendered":"<p><strong>Extortion by Patrick Kun and SansMinds<\/strong><\/p>\n","protected":false},"featured_media":8742,"comment_status":"closed","ping_status":"open","template":"","meta":[],"product_brand":[],"product_cat":[54],"product_tag":[],"class_list":{"0":"post-8741","1":"product","2":"type-product","3":"status-publish","4":"has-post-thumbnail","6":"product_cat-ksiazki-dvd-download-sansminds","8":"first","9":"instock","10":"purchasable","11":"product-type-simple"},"_links":{"self":[{"href":"https:\/\/magiiik.netstory.com.pl\/index.php?rest_route=\/wp\/v2\/product\/8741","targetHints":{"allow":["GET"]}}],"collection":[{"href":"https:\/\/magiiik.netstory.com.pl\/index.php?rest_route=\/wp\/v2\/product"}],"about":[{"href":"https:\/\/magiiik.netstory.com.pl\/index.php?rest_route=\/wp\/v2\/types\/product"}],"replies":[{"embeddable":true,"href":"https:\/\/magiiik.netstory.com.pl\/index.php?rest_route=%2Fwp%2Fv2%2Fcomments&post=8741"}],"wp:featuredmedia":[{"embeddable":true,"href":"https:\/\/magiiik.netstory.com.pl\/index.php?rest_route=\/wp\/v2\/media\/8742"}],"wp:attachment":[{"href":"https:\/\/magiiik.netstory.com.pl\/index.php?rest_route=%2Fwp%2Fv2%2Fmedia&parent=8741"}],"wp:term":[{"taxonomy":"product_brand","embeddable":true,"href":"https:\/\/magiiik.netstory.com.pl\/index.php?rest_route=%2Fwp%2Fv2%2Fproduct_brand&post=8741"},{"taxonomy":"product_cat","embeddable":true,"href":"https:\/\/magiiik.netstory.com.pl\/index.php?rest_route=%2Fwp%2Fv2%2Fproduct_cat&post=8741"},{"taxonomy":"product_tag","embeddable":true,"href":"https:\/\/magiiik.netstory.com.pl\/index.php?rest_route=%2Fwp%2Fv2%2Fproduct_tag&post=8741"}],"curies":[{"name":"wp","href":"https:\/\/api.w.org\/{rel}","templated":true}]}}