{"id":8739,"date":"2025-09-19T13:19:22","date_gmt":"2025-09-19T11:19:22","guid":{"rendered":"https:\/\/magiiik.netstory.com.pl\/produkt\/share-the-love-by-patrick-kun-and-sansminds\/"},"modified":"2025-09-19T13:19:41","modified_gmt":"2025-09-19T11:19:41","slug":"share-the-love-by-patrick-kun-and-sansminds","status":"publish","type":"product","link":"https:\/\/magiiik.netstory.com.pl\/?product=share-the-love-by-patrick-kun-and-sansminds","title":{"rendered":"Share the Love by Patrick Kun and SansMinds"},"content":{"rendered":"<p style=\"text-align: center;\"><span style=\"font-size: 14pt; font-family: 'arial black', 'avant garde';\"><strong>Share the Love &#8211; Patrick Kun prezentuje wspania\u0142y trick na Walentynki!<\/strong><\/span><\/p>\n<p style=\"text-align: center;\"><span style=\"font-size: 14pt; font-family: 'arial black', 'avant garde';\">Efekt tego tricku sprawia, \u017ce Walentynki mog\u0105 by\u0107 codziennie!<\/span><\/p>\n<p style=\"text-align: center;\"><span style=\"font-size: 14pt; font-family: 'arial black', 'avant garde';\">Uroczy i praktyczny efekt dla wszystkich magik\u00f3w, kt\u00f3rzy chc\u0105 oczarowa\u0107 swoich widz\u00f3w bardziej ni\u017c na co dzie\u0144!<\/span><\/p>\n<p style=\"text-align: center;\"><span style=\"font-size: 14pt; font-family: 'arial black', 'avant garde';\"><iframe loading=\"lazy\" src=\"\/\/www.youtube.com\/embed\/lWCQHtWjKnM\" width=\"425\" height=\"350\"><\/iframe><\/span><\/p>\n<p style=\"text-align: center;\"><span style=\"font-size: 14pt; font-family: 'arial black', 'avant garde';\">W zestawie otrzymasz specjalny pakiet kart wyprodukowany przez <strong>USPC<\/strong> oraz specjalne koperty.<\/span><\/p>\n<p style=\"text-align: center;\"><strong><span style=\"font-size: 14pt; font-family: 'arial black', 'avant garde';\">Polecamy,<\/span><\/strong><\/p>\n<p style=\"text-align: center;\"><strong><span style=\"font-size: 14pt; font-family: 'arial black', 'avant garde';\">magiiik.pl<\/span><\/strong><\/p>\n","protected":false},"excerpt":{"rendered":"<p><strong>Share the Love by Patrick Kun and SansMinds<\/strong><\/p>\n","protected":false},"featured_media":8740,"comment_status":"closed","ping_status":"open","template":"","meta":[],"product_brand":[],"product_cat":[54],"product_tag":[],"class_list":{"0":"post-8739","1":"product","2":"type-product","3":"status-publish","4":"has-post-thumbnail","6":"product_cat-ksiazki-dvd-download-sansminds","8":"first","9":"instock","10":"purchasable","11":"product-type-simple"},"_links":{"self":[{"href":"https:\/\/magiiik.netstory.com.pl\/index.php?rest_route=\/wp\/v2\/product\/8739","targetHints":{"allow":["GET"]}}],"collection":[{"href":"https:\/\/magiiik.netstory.com.pl\/index.php?rest_route=\/wp\/v2\/product"}],"about":[{"href":"https:\/\/magiiik.netstory.com.pl\/index.php?rest_route=\/wp\/v2\/types\/product"}],"replies":[{"embeddable":true,"href":"https:\/\/magiiik.netstory.com.pl\/index.php?rest_route=%2Fwp%2Fv2%2Fcomments&post=8739"}],"wp:featuredmedia":[{"embeddable":true,"href":"https:\/\/magiiik.netstory.com.pl\/index.php?rest_route=\/wp\/v2\/media\/8740"}],"wp:attachment":[{"href":"https:\/\/magiiik.netstory.com.pl\/index.php?rest_route=%2Fwp%2Fv2%2Fmedia&parent=8739"}],"wp:term":[{"taxonomy":"product_brand","embeddable":true,"href":"https:\/\/magiiik.netstory.com.pl\/index.php?rest_route=%2Fwp%2Fv2%2Fproduct_brand&post=8739"},{"taxonomy":"product_cat","embeddable":true,"href":"https:\/\/magiiik.netstory.com.pl\/index.php?rest_route=%2Fwp%2Fv2%2Fproduct_cat&post=8739"},{"taxonomy":"product_tag","embeddable":true,"href":"https:\/\/magiiik.netstory.com.pl\/index.php?rest_route=%2Fwp%2Fv2%2Fproduct_tag&post=8739"}],"curies":[{"name":"wp","href":"https:\/\/api.w.org\/{rel}","templated":true}]}}