{"id":8688,"date":"2025-09-19T13:19:22","date_gmt":"2025-09-19T11:19:22","guid":{"rendered":"https:\/\/magiiik.netstory.com.pl\/produkt\/sponge-ball-gabczaki-4-10-cm-supersoft-rozne-kolory\/"},"modified":"2025-09-19T13:19:22","modified_gmt":"2025-09-19T11:19:22","slug":"sponge-ball-gabczaki-4-10-cm-supersoft-rozne-kolory","status":"publish","type":"product","link":"https:\/\/magiiik.netstory.com.pl\/?product=sponge-ball-gabczaki-4-10-cm-supersoft-rozne-kolory","title":{"rendered":"Sponge Ball &#8211; G\u0105bczaki 4&#8243; 10 cm SUPERSOFT &#8211; R\u00d3\u017bNE KOLORY!"},"content":{"rendered":"<p style=\"text-align: center;\"><strong><span style=\"font-size: 14pt; font-family: 'arial black', 'avant garde';\">G\u0105bczaki 4&#8243; 10 cm. (r\u00f3\u017cne kolory) SUPERSOFT<\/span><\/strong><\/p>\n","protected":false},"excerpt":{"rendered":"<p><strong>G\u0105bczaki 4&#8243; 10 cm.\u00a0R\u00f3\u017cne kolory &#8211;\u00a0 SUPERSOFT<\/strong><\/p>\n","protected":false},"featured_media":8689,"comment_status":"closed","ping_status":"open","template":"","meta":[],"product_brand":[],"product_cat":[33],"product_tag":[],"class_list":{"0":"post-8688","1":"product","2":"type-product","3":"status-publish","4":"has-post-thumbnail","6":"product_cat-akcesoria-sponge-gabczaki","8":"first","9":"instock","10":"purchasable","11":"product-type-simple"},"_links":{"self":[{"href":"https:\/\/magiiik.netstory.com.pl\/index.php?rest_route=\/wp\/v2\/product\/8688","targetHints":{"allow":["GET"]}}],"collection":[{"href":"https:\/\/magiiik.netstory.com.pl\/index.php?rest_route=\/wp\/v2\/product"}],"about":[{"href":"https:\/\/magiiik.netstory.com.pl\/index.php?rest_route=\/wp\/v2\/types\/product"}],"replies":[{"embeddable":true,"href":"https:\/\/magiiik.netstory.com.pl\/index.php?rest_route=%2Fwp%2Fv2%2Fcomments&post=8688"}],"wp:featuredmedia":[{"embeddable":true,"href":"https:\/\/magiiik.netstory.com.pl\/index.php?rest_route=\/wp\/v2\/media\/8689"}],"wp:attachment":[{"href":"https:\/\/magiiik.netstory.com.pl\/index.php?rest_route=%2Fwp%2Fv2%2Fmedia&parent=8688"}],"wp:term":[{"taxonomy":"product_brand","embeddable":true,"href":"https:\/\/magiiik.netstory.com.pl\/index.php?rest_route=%2Fwp%2Fv2%2Fproduct_brand&post=8688"},{"taxonomy":"product_cat","embeddable":true,"href":"https:\/\/magiiik.netstory.com.pl\/index.php?rest_route=%2Fwp%2Fv2%2Fproduct_cat&post=8688"},{"taxonomy":"product_tag","embeddable":true,"href":"https:\/\/magiiik.netstory.com.pl\/index.php?rest_route=%2Fwp%2Fv2%2Fproduct_tag&post=8688"}],"curies":[{"name":"wp","href":"https:\/\/api.w.org\/{rel}","templated":true}]}}