{"id":8668,"date":"2025-09-19T13:18:33","date_gmt":"2025-09-19T11:18:33","guid":{"rendered":"https:\/\/magiiik.netstory.com.pl\/produkt\/3dm-by-mike-hankins-video-download\/"},"modified":"2025-09-19T13:19:09","modified_gmt":"2025-09-19T11:19:09","slug":"3dm-by-mike-hankins-video-download","status":"publish","type":"product","link":"https:\/\/magiiik.netstory.com.pl\/?product=3dm-by-mike-hankins-video-download","title":{"rendered":"3DM by Mike Hankins (video DOWNLOAD)"},"content":{"rendered":"<p style=\"text-align: center;\"><span style=\"font-size: 18pt;\"><strong><span style=\"font-family: 'arial black', 'avant garde';\">Bardzo wizualna zmiana koloru!<\/span><\/strong><\/span><\/p>\n<p style=\"text-align: center;\"><span style=\"font-size: 18pt;\"><strong><span style=\"font-family: 'arial black', 'avant garde';\">Bardzo zwodniczy switch!<\/span><\/strong><\/span><\/p>\n<p style=\"text-align: center;\"><span style=\"font-size: 18pt;\"><strong><span style=\"font-family: 'arial black', 'avant garde';\">Genialna kontrola kart!<\/span><\/strong><\/span><\/p>\n<p style=\"text-align: center;\"><span style=\"font-size: 14pt; font-family: 'arial black', 'avant garde';\">Wszystko w jednej cenie, <strong>3DM<\/strong>!<\/span><\/p>\n<p style=\"text-align: center;\">\u00a0<\/p>\n<p style=\"text-align: center;\"><span style=\"font-size: 14pt; font-family: 'arial black', 'avant garde';\"><strong>3DM<\/strong> to zbi\u00f3r 3 rewelacyjnych trick\u00f3w z kartami, prosto z g\u0142owy <strong>Mike<\/strong>&#8217;a <strong>Hankins<\/strong>&#8217;a! Towarzyszy\u0142y w Jego repertuarze blisko 10 lat, a teraz przyszed\u0142 czas aby\u015b pozna\u0142 ich sekrety!<\/span><\/p>\n<p style=\"text-align: center;\">\u00a0<\/p>\n<p style=\"text-align: center;\"><span style=\"color: #444444; font-size: 14pt; font-family: 'arial black', 'avant garde';\"><strong>The Eteson Change<\/strong> &#8211; istnieje bardzo wiele zmian kolor\u00f3w wybranej przez widza karty, ale ta zmiana jest niezwykle efektowna, do tego czysta i g\u0142adka! To wygl\u0105da, jak prawdziwa magia!<\/span><\/p>\n<p style=\"text-align: center;\"><em><span style=\"font-size: 14pt; font-family: 'arial black', 'avant garde';\">&#8222;Czekaj&#8230; Co?! Zmianokolormania jest the best!&#8221;<\/span><\/em><\/p>\n<p style=\"text-align: center;\"><strong><span style=\"font-size: 14pt; font-family: 'arial black', 'avant garde';\">&#8211; Chris Kenner<\/span><\/strong><\/p>\n<p style=\"text-align: center;\"><span style=\"color: #444444; font-size: 14pt; font-family: 'arial black', 'avant garde';\"><strong>The JG Move<\/strong> &#8211; ten trick ma wiele zastosowa\u0144, wszystko zale\u017cy ju\u017c tylko od Twojej wyobra\u017ani, co b\u0119dziesz w stanie zrobi\u0107 z t\u0105 wiedz\u0105! Mo\u017cesz wykona\u0107 klasyczny trick <strong>KM Move<\/strong>, mo\u017cesz u\u017cy\u0107 go do zmiany koloru karty w powietrzu i do wielu innych!<\/span><\/p>\n<p style=\"text-align: center;\"><span style=\"color: #444444; font-size: 14pt; font-family: 'arial black', 'avant garde';\"><strong>The Anjuna Fan Control<\/strong> &#8211; wybrana karta jest z powrotem w\u0142o\u017cona do talii. Wykonujesz kilka ruch\u00f3w i bez problemu pojawiasz kart\u0119 wybran\u0105 przez widza. Istnieje wiele kontroli kart, ale uwierzcie, \u017ce ta jest wyj\u0105tkowa, zosta\u0142a stworzona dla magik\u00f3w, kt\u00f3rzy chc\u0105 by\u0107 wyj\u0105tkowi.<\/span><\/p>\n<p style=\"text-align: center;\">\u00a0<\/p>\n<p style=\"text-align: center;\"><span style=\"color: #444444; font-size: 14pt; font-family: 'arial black', 'avant garde';\"><iframe loading=\"lazy\" src=\"\/\/www.youtube.com\/embed\/Ebl7cySSWRo\" width=\"425\" height=\"350\"><\/iframe><\/span><\/p>\n<p style=\"text-align: center;\"><strong><span style=\"font-size: 14pt; font-family: 'arial black', 'avant garde';\">TRZY PODST\u0118PNE RUCHY MAGIKA &#8211; WSZYSTKO W CENIE 35 Z\u0141.!<\/span><\/strong><\/p>\n<p style=\"text-align: center;\"><strong><span style=\"font-size: 14pt; font-family: 'arial black', 'avant garde';\">Polecamy,<\/span><\/strong><\/p>\n<p style=\"text-align: center;\"><strong><span style=\"font-size: 14pt; font-family: 'arial black', 'avant garde';\">magiiik.pl<\/span><\/strong><\/p>\n<p>\u00a0<\/p>\n","protected":false},"excerpt":{"rendered":"<p><strong>3DM by Mike Hankins<\/strong><\/p>\n","protected":false},"featured_media":8669,"comment_status":"closed","ping_status":"open","template":"","meta":[],"product_brand":[],"product_cat":[55],"product_tag":[],"class_list":{"0":"post-8668","1":"product","2":"type-product","3":"status-publish","4":"has-post-thumbnail","6":"product_cat-ksiazki-dvd-download-downloads","8":"first","9":"instock","10":"purchasable","11":"product-type-simple"},"_links":{"self":[{"href":"https:\/\/magiiik.netstory.com.pl\/index.php?rest_route=\/wp\/v2\/product\/8668","targetHints":{"allow":["GET"]}}],"collection":[{"href":"https:\/\/magiiik.netstory.com.pl\/index.php?rest_route=\/wp\/v2\/product"}],"about":[{"href":"https:\/\/magiiik.netstory.com.pl\/index.php?rest_route=\/wp\/v2\/types\/product"}],"replies":[{"embeddable":true,"href":"https:\/\/magiiik.netstory.com.pl\/index.php?rest_route=%2Fwp%2Fv2%2Fcomments&post=8668"}],"wp:featuredmedia":[{"embeddable":true,"href":"https:\/\/magiiik.netstory.com.pl\/index.php?rest_route=\/wp\/v2\/media\/8669"}],"wp:attachment":[{"href":"https:\/\/magiiik.netstory.com.pl\/index.php?rest_route=%2Fwp%2Fv2%2Fmedia&parent=8668"}],"wp:term":[{"taxonomy":"product_brand","embeddable":true,"href":"https:\/\/magiiik.netstory.com.pl\/index.php?rest_route=%2Fwp%2Fv2%2Fproduct_brand&post=8668"},{"taxonomy":"product_cat","embeddable":true,"href":"https:\/\/magiiik.netstory.com.pl\/index.php?rest_route=%2Fwp%2Fv2%2Fproduct_cat&post=8668"},{"taxonomy":"product_tag","embeddable":true,"href":"https:\/\/magiiik.netstory.com.pl\/index.php?rest_route=%2Fwp%2Fv2%2Fproduct_tag&post=8668"}],"curies":[{"name":"wp","href":"https:\/\/api.w.org\/{rel}","templated":true}]}}