{"id":8607,"date":"2025-09-19T13:18:33","date_gmt":"2025-09-19T11:18:33","guid":{"rendered":"https:\/\/magiiik.netstory.com.pl\/produkt\/mmd1-comic-deck-by-handlordz\/"},"modified":"2025-09-19T13:18:42","modified_gmt":"2025-09-19T11:18:42","slug":"mmd1-comic-deck-by-handlordz","status":"publish","type":"product","link":"https:\/\/magiiik.netstory.com.pl\/?product=mmd1-comic-deck-by-handlordz","title":{"rendered":"MMD#1 Comic Deck by Handlordz"},"content":{"rendered":"<p style=\"text-align: center;\"><span style=\"font-size: 14pt; font-family: 'arial black', 'avant garde';\">Pierwsza edycja <strong>Comic Deck MMD<\/strong> &#8211;<strong>\u00a0<\/strong><em><strong>Magicians Must Die<\/strong> (Magicy musz\u0105 umrze\u0107).<\/em><\/span><\/p>\n<p style=\"text-align: center;\"><span style=\"font-size: 14pt; font-family: 'arial black', 'avant garde';\"><strong>MMD#1 Comic Deck<\/strong> to pierwsza seria komiks\u00f3w na \u015bwiecie, kt\u00f3re s\u0105 na talii kart! Te jedyne w swoim rodzaju karty zosta\u0142y w pracowni na 10 lat, a\u017c do teraz &#8211; projekt sta\u0142 si\u0119 rzeczywisto\u015bci\u0105! Nic takiego nie zosta\u0142o zrobione nigdy wcze\u015bniej!\u00a0<\/span><\/p>\n<p style=\"text-align: center;\"><span style=\"font-size: 14pt; font-family: 'arial black', 'avant garde';\">Niesamowita grafika (artysta\u00a0<strong>Jay Noble Peteranetz<\/strong>) stworzona r\u0119cznie, wiele iluzji zosta\u0142o stworzonych w 3D, a nast\u0119pnie wykorzystane jako materia\u0142 odniesienia dla artysty.\u00a0<\/span><\/p>\n<p style=\"text-align: center;\"><span style=\"font-size: 14pt; font-family: 'arial black', 'avant garde';\">To by\u0142o ogromne przedsi\u0119wzi\u0119cie i pierwsze w historii kart!<\/span><\/p>\n<p style=\"text-align: center;\"><span style=\"font-size: 14pt; font-family: 'arial black', 'avant garde';\"><iframe loading=\"lazy\" src=\"\/\/www.youtube.com\/embed\/gPcA2moTPzA\" width=\"425\" height=\"350\"><\/iframe><\/span><\/p>\n<p style=\"text-align: center;\"><span style=\"font-size: 14pt; font-family: 'arial black', 'avant garde';\">Nie przegap okazji i kup ju\u017c dzi\u015b t\u0105 niezwyk\u0142\u0105, limitowan\u0105 edycj\u0119 kart <strong>MMD<\/strong>!<\/span><\/p>\n<p style=\"text-align: center;\"><strong><span style=\"font-size: 14pt; font-family: 'arial black', 'avant garde';\">Polecamy,<\/span><\/strong><\/p>\n<p style=\"text-align: center;\"><strong><span style=\"font-size: 14pt; font-family: 'arial black', 'avant garde';\">magiiik.pl<\/span><\/strong><\/p>\n<p>\u00a0<\/p>\n","protected":false},"excerpt":{"rendered":"<p><strong>MMD#1 Comic Deck by Handlordz<\/strong><\/p>\n","protected":false},"featured_media":8608,"comment_status":"closed","ping_status":"open","template":"","meta":[],"product_brand":[],"product_cat":[46],"product_tag":[],"class_list":{"0":"post-8607","1":"product","2":"type-product","3":"status-publish","4":"has-post-thumbnail","6":"product_cat-mikro-iluzja-close-up-karty-kolekcjonerskie","8":"first","9":"instock","10":"purchasable","11":"product-type-simple"},"_links":{"self":[{"href":"https:\/\/magiiik.netstory.com.pl\/index.php?rest_route=\/wp\/v2\/product\/8607","targetHints":{"allow":["GET"]}}],"collection":[{"href":"https:\/\/magiiik.netstory.com.pl\/index.php?rest_route=\/wp\/v2\/product"}],"about":[{"href":"https:\/\/magiiik.netstory.com.pl\/index.php?rest_route=\/wp\/v2\/types\/product"}],"replies":[{"embeddable":true,"href":"https:\/\/magiiik.netstory.com.pl\/index.php?rest_route=%2Fwp%2Fv2%2Fcomments&post=8607"}],"wp:featuredmedia":[{"embeddable":true,"href":"https:\/\/magiiik.netstory.com.pl\/index.php?rest_route=\/wp\/v2\/media\/8608"}],"wp:attachment":[{"href":"https:\/\/magiiik.netstory.com.pl\/index.php?rest_route=%2Fwp%2Fv2%2Fmedia&parent=8607"}],"wp:term":[{"taxonomy":"product_brand","embeddable":true,"href":"https:\/\/magiiik.netstory.com.pl\/index.php?rest_route=%2Fwp%2Fv2%2Fproduct_brand&post=8607"},{"taxonomy":"product_cat","embeddable":true,"href":"https:\/\/magiiik.netstory.com.pl\/index.php?rest_route=%2Fwp%2Fv2%2Fproduct_cat&post=8607"},{"taxonomy":"product_tag","embeddable":true,"href":"https:\/\/magiiik.netstory.com.pl\/index.php?rest_route=%2Fwp%2Fv2%2Fproduct_tag&post=8607"}],"curies":[{"name":"wp","href":"https:\/\/api.w.org\/{rel}","templated":true}]}}