{"id":8551,"date":"2025-09-19T13:17:41","date_gmt":"2025-09-19T11:17:41","guid":{"rendered":"https:\/\/magiiik.netstory.com.pl\/produkt\/karty-babel-limitowana-edycja\/"},"modified":"2025-09-19T13:18:12","modified_gmt":"2025-09-19T11:18:12","slug":"karty-babel-limitowana-edycja","status":"publish","type":"product","link":"https:\/\/magiiik.netstory.com.pl\/?product=karty-babel-limitowana-edycja","title":{"rendered":"Karty BABEL &#8211; Limitowana Edycja"},"content":{"rendered":"<p style=\"text-align: center;\"><span style=\"font-size: 14pt; font-family: 'arial black', 'avant garde';\"><strong>BABEL<\/strong> to efekt wsp\u00f3\u0142pracy\u00a0<strong><em style=\"color: #444444; font-size: medium; font-family: 'Segoe UI', Arial, Helvetica, sans-serif;\">Card Experiment i German illustrator Simon Prades<\/em><\/strong><span style=\"color: #444444;\">. Drukowane przez <strong>USPCC<\/strong>.<\/span><\/span><\/p>\n<p style=\"text-align: center;\"><span style=\"font-size: 14pt; font-family: 'arial black', 'avant garde';\"><strong>Simon Prades<\/strong> to niemiecki rysownik. Jego prace, szczeg\u00f3lnie te, kt\u00f3re przedstawiaj\u0105 natur\u0119, mo\u017cna rozr\u00f3\u017cni\u0107 dzi\u0119ki skomplikowanym szczeg\u00f3\u0142om i \u017cywym akwarelom. Wi\u0119kszo\u015b\u0107 Jego prac jest bardzo lubiana przez publiczno\u015b\u0107.<\/span><\/p>\n<p style=\"text-align: center;\"><span style=\"font-size: 14pt; font-family: 'arial black', 'avant garde';\">Zainspirowany opowie\u015bciami o <strong>Wie\u017cy Babel<\/strong>, stworzy\u0142 tali\u0119 kart <strong>BABEL<\/strong>, gdzie zobaczymy skomplikowan\u0105 gr\u0119 figur geometrycznych, kt\u00f3re symbolizuj\u0105 walk\u0119 mi\u0119dzy r\u00f3\u017cnymi klasami spo\u0142ecznymi.<\/span><\/p>\n<p style=\"text-align: center;\"><strong><span style=\"font-size: 14pt; font-family: 'arial black', 'avant garde';\">Limitowana Edycja, tylko 2500 sztuk!<\/span><\/strong><\/p>\n<p style=\"text-align: center;\"><strong><span style=\"font-size: 14pt; font-family: 'arial black', 'avant garde';\">Polecamy,<\/span><\/strong><\/p>\n<p style=\"text-align: center;\"><strong><span style=\"font-size: 14pt; font-family: 'arial black', 'avant garde';\">magiiik.pl<\/span><\/strong><\/p>\n","protected":false},"excerpt":{"rendered":"<p><strong>Karty BABEL<\/strong><\/p>\n","protected":false},"featured_media":8552,"comment_status":"closed","ping_status":"open","template":"","meta":[],"product_brand":[],"product_cat":[46],"product_tag":[],"class_list":{"0":"post-8551","1":"product","2":"type-product","3":"status-publish","4":"has-post-thumbnail","6":"product_cat-mikro-iluzja-close-up-karty-kolekcjonerskie","8":"first","9":"instock","10":"purchasable","11":"product-type-simple"},"_links":{"self":[{"href":"https:\/\/magiiik.netstory.com.pl\/index.php?rest_route=\/wp\/v2\/product\/8551","targetHints":{"allow":["GET"]}}],"collection":[{"href":"https:\/\/magiiik.netstory.com.pl\/index.php?rest_route=\/wp\/v2\/product"}],"about":[{"href":"https:\/\/magiiik.netstory.com.pl\/index.php?rest_route=\/wp\/v2\/types\/product"}],"replies":[{"embeddable":true,"href":"https:\/\/magiiik.netstory.com.pl\/index.php?rest_route=%2Fwp%2Fv2%2Fcomments&post=8551"}],"wp:featuredmedia":[{"embeddable":true,"href":"https:\/\/magiiik.netstory.com.pl\/index.php?rest_route=\/wp\/v2\/media\/8552"}],"wp:attachment":[{"href":"https:\/\/magiiik.netstory.com.pl\/index.php?rest_route=%2Fwp%2Fv2%2Fmedia&parent=8551"}],"wp:term":[{"taxonomy":"product_brand","embeddable":true,"href":"https:\/\/magiiik.netstory.com.pl\/index.php?rest_route=%2Fwp%2Fv2%2Fproduct_brand&post=8551"},{"taxonomy":"product_cat","embeddable":true,"href":"https:\/\/magiiik.netstory.com.pl\/index.php?rest_route=%2Fwp%2Fv2%2Fproduct_cat&post=8551"},{"taxonomy":"product_tag","embeddable":true,"href":"https:\/\/magiiik.netstory.com.pl\/index.php?rest_route=%2Fwp%2Fv2%2Fproduct_tag&post=8551"}],"curies":[{"name":"wp","href":"https:\/\/api.w.org\/{rel}","templated":true}]}}