{"id":8544,"date":"2025-09-19T13:17:41","date_gmt":"2025-09-19T11:17:41","guid":{"rendered":"https:\/\/magiiik.netstory.com.pl\/produkt\/mechanic-deck-vr2\/"},"modified":"2025-09-19T13:18:08","modified_gmt":"2025-09-19T11:18:08","slug":"mechanic-deck-vr2","status":"publish","type":"product","link":"https:\/\/magiiik.netstory.com.pl\/?product=mechanic-deck-vr2","title":{"rendered":"Mechanic Deck VR2"},"content":{"rendered":"<p style=\"text-align: center;\"><span style=\"font-size: 14pt; font-family: 'arial black', 'avant garde';\">Po wielkim sukcesie <strong>Mechanic Deck<\/strong>, zdecydowali\u015bmy si\u0119 na <strong>upgrade<\/strong>! <\/span><\/p>\n<p style=\"text-align: center;\"><span style=\"font-size: 14pt; font-family: 'arial black', 'avant garde';\">&#8222;Nie chc\u0119 jednak aby to by\u0142a tylko wersja w innym kolorze, wi\u0119c s\u0105 to zupe\u0142nie nowe karty z nowym projektem!&#8221;<\/span><\/p>\n<p style=\"text-align: center;\"><span style=\"font-size: 14pt; font-family: 'arial black', 'avant garde';\">Przelistkuj karty i zobacz, co si\u0119 stanie! Karty o\u017cywaj\u0105, a ko\u0142a kolczaste id\u0119 w ruch!<\/span><\/p>\n<p style=\"text-align: center;\"><span style=\"font-size: 14pt; font-family: 'arial black', 'avant garde';\">Unowocze\u015bniony system animacji sprawia, \u017ce koszulki wygl\u0105daj\u0105 jeszcze \u0142adniej i s\u0105 \u0142atwiejsze do odczytania!\u00a0<\/span><\/p>\n<p style=\"text-align: center;\"><span style=\"font-size: 14pt; font-family: 'arial black', 'avant garde';\">W <strong>BONUSIE<\/strong> otrzymasz r\u00f3wnie\u017c <strong>PDF<\/strong>, gdzie znajdziesz wskaz\u00f3wki, jak u\u017cywa\u0107 klucza <strong>Mechanic Deck<\/strong>!\u00a0<\/span><\/p>\n<p style=\"text-align: center;\"><span style=\"font-size: 14pt; font-family: 'arial black', 'avant garde';\"><iframe loading=\"lazy\" src=\"\/\/www.youtube.com\/embed\/_MrfC5lBHCU\" width=\"425\" height=\"350\"><\/iframe><\/span><\/p>\n<p><em><span style=\"font-size: 14pt; font-family: 'arial black', 'avant garde';\">&#8211; Nowy projekt!<\/span><\/em><\/p>\n<p><em><span style=\"font-size: 14pt; font-family: 'arial black', 'avant garde';\">&#8211; Nowy system animacji!<\/span><\/em><\/p>\n<p><em><span style=\"font-size: 14pt; font-family: 'arial black', 'avant garde';\">&#8211; Darmowe pliki PDF!<\/span><\/em><br \/><em><span style=\"font-size: 14pt; font-family: 'arial black', 'avant garde';\">&#8211; Wydrukowane przez USPCC!<\/span><\/em><\/p>\n<p><strong><span style=\"font-size: 14pt; font-family: 'arial black', 'avant garde';\">Polecamy,<\/span><\/strong><\/p>\n<p><strong><span style=\"font-size: 14pt; font-family: 'arial black', 'avant garde';\">magiiik.pl<\/span><\/strong><\/p>\n","protected":false},"excerpt":{"rendered":"<p><strong>Mechanic Deck VR2<\/strong><\/p>\n","protected":false},"featured_media":8545,"comment_status":"closed","ping_status":"open","template":"","meta":[],"product_brand":[],"product_cat":[46],"product_tag":[],"class_list":{"0":"post-8544","1":"product","2":"type-product","3":"status-publish","4":"has-post-thumbnail","6":"product_cat-mikro-iluzja-close-up-karty-kolekcjonerskie","8":"first","9":"instock","10":"purchasable","11":"product-type-simple"},"_links":{"self":[{"href":"https:\/\/magiiik.netstory.com.pl\/index.php?rest_route=\/wp\/v2\/product\/8544","targetHints":{"allow":["GET"]}}],"collection":[{"href":"https:\/\/magiiik.netstory.com.pl\/index.php?rest_route=\/wp\/v2\/product"}],"about":[{"href":"https:\/\/magiiik.netstory.com.pl\/index.php?rest_route=\/wp\/v2\/types\/product"}],"replies":[{"embeddable":true,"href":"https:\/\/magiiik.netstory.com.pl\/index.php?rest_route=%2Fwp%2Fv2%2Fcomments&post=8544"}],"wp:featuredmedia":[{"embeddable":true,"href":"https:\/\/magiiik.netstory.com.pl\/index.php?rest_route=\/wp\/v2\/media\/8545"}],"wp:attachment":[{"href":"https:\/\/magiiik.netstory.com.pl\/index.php?rest_route=%2Fwp%2Fv2%2Fmedia&parent=8544"}],"wp:term":[{"taxonomy":"product_brand","embeddable":true,"href":"https:\/\/magiiik.netstory.com.pl\/index.php?rest_route=%2Fwp%2Fv2%2Fproduct_brand&post=8544"},{"taxonomy":"product_cat","embeddable":true,"href":"https:\/\/magiiik.netstory.com.pl\/index.php?rest_route=%2Fwp%2Fv2%2Fproduct_cat&post=8544"},{"taxonomy":"product_tag","embeddable":true,"href":"https:\/\/magiiik.netstory.com.pl\/index.php?rest_route=%2Fwp%2Fv2%2Fproduct_tag&post=8544"}],"curies":[{"name":"wp","href":"https:\/\/api.w.org\/{rel}","templated":true}]}}