{"id":8532,"date":"2025-09-19T13:17:41","date_gmt":"2025-09-19T11:17:41","guid":{"rendered":"https:\/\/magiiik.netstory.com.pl\/produkt\/discoverie-deck\/"},"modified":"2025-09-19T13:18:03","modified_gmt":"2025-09-19T11:18:03","slug":"discoverie-deck","status":"publish","type":"product","link":"https:\/\/magiiik.netstory.com.pl\/?product=discoverie-deck","title":{"rendered":"Discoverie Deck"},"content":{"rendered":"<p style=\"text-align: center;\"><span style=\"font-size: 14pt; font-family: 'arial black', 'avant garde';\">W <strong>1584<\/strong> roku na zawsze zosta\u0142a zmieniona historia magii, przez jednego m\u0119\u017cczyzn\u0119 i jedn\u0105 ksi\u0105\u017ck\u0119&#8230;<\/span><\/p>\n<p style=\"text-align: center;\"><span style=\"font-size: 14pt; font-family: 'arial black', 'avant garde';\"><strong>Reginald Scot<\/strong>, opublikowa\u0142 <strong>&#8222;<\/strong><span style=\"color: #444444;\"><strong>The Discoverie of Witchcraft&#8221;<\/strong>, jedn\u0105 z pierwszych ksi\u0105\u017cek o magii, jak\u0105 kiedykolwiek napisano w j\u0119zyku angielskim. <strong>Discoverie<\/strong> pokaza\u0142a, \u017ce magowie to nie czarownice, a po prostu pomys\u0142owi arty\u015bci.\u00a0<\/span><\/span><\/p>\n<p style=\"text-align: center;\"><span style=\"font-size: 14pt; font-family: 'arial black', 'avant garde';\">Talia <strong>Discoverie<\/strong> zosta\u0142a zaprojektowana w stylu rzadkiej, pierwszej edycji <strong>&#8222;<\/strong><span style=\"color: #444444;\"><strong>Discoverie of Witchcraft&#8221;<\/strong>. Skomplikowane drzeworyty mo\u017cna odnale\u017a\u0107 na twarzach kart, a Asy s\u0105 ozdobione fragmentami ksi\u0105\u017cki, napisanej eleganckim stylem.\u00a0<\/span><\/span><\/p>\n<p style=\"text-align: center;\"><span style=\"color: #444444; font-size: 14pt; font-family: 'arial black', 'avant garde';\">Talia <strong>Discoverie<\/strong> jest drukowana w najwy\u017cszej jako\u015bci przez <strong>USPCC<\/strong>.<\/span><\/p>\n<p style=\"text-align: center;\"><span style=\"font-size: 14pt; font-family: 'arial black', 'avant garde';\">Bez <strong>Discoverie<\/strong> \u015bwiat magii wygl\u0105da\u0142by zupe\u0142nie inaczej! Pom\u00f3\u017c nam \u015bwi\u0119towa\u0107 ogromny wp\u0142yw tego, ma\u0142o znanego tomu z tej historycznej talii kart!\u00a0<\/span><\/p>\n<p style=\"text-align: center;\"><strong><span style=\"font-size: 14pt; font-family: 'arial black', 'avant garde';\">Karty s\u0105 wyprodukowane w bardzo limitowanej edycji!<\/span><\/strong><\/p>\n<p style=\"text-align: center;\"><strong><span style=\"font-size: 14pt; font-family: 'arial black', 'avant garde';\">Polecamy,<\/span><\/strong><\/p>\n<p style=\"text-align: center;\"><strong><span style=\"font-size: 14pt; font-family: 'arial black', 'avant garde';\">magiiik.pl<\/span><\/strong><\/p>\n<p>\u00a0<\/p>\n","protected":false},"excerpt":{"rendered":"<p><strong>Discoverie Deck<\/strong><\/p>\n","protected":false},"featured_media":8533,"comment_status":"closed","ping_status":"open","template":"","meta":[],"product_brand":[],"product_cat":[46],"product_tag":[],"class_list":{"0":"post-8532","1":"product","2":"type-product","3":"status-publish","4":"has-post-thumbnail","6":"product_cat-mikro-iluzja-close-up-karty-kolekcjonerskie","8":"first","9":"instock","10":"purchasable","11":"product-type-simple"},"_links":{"self":[{"href":"https:\/\/magiiik.netstory.com.pl\/index.php?rest_route=\/wp\/v2\/product\/8532","targetHints":{"allow":["GET"]}}],"collection":[{"href":"https:\/\/magiiik.netstory.com.pl\/index.php?rest_route=\/wp\/v2\/product"}],"about":[{"href":"https:\/\/magiiik.netstory.com.pl\/index.php?rest_route=\/wp\/v2\/types\/product"}],"replies":[{"embeddable":true,"href":"https:\/\/magiiik.netstory.com.pl\/index.php?rest_route=%2Fwp%2Fv2%2Fcomments&post=8532"}],"wp:featuredmedia":[{"embeddable":true,"href":"https:\/\/magiiik.netstory.com.pl\/index.php?rest_route=\/wp\/v2\/media\/8533"}],"wp:attachment":[{"href":"https:\/\/magiiik.netstory.com.pl\/index.php?rest_route=%2Fwp%2Fv2%2Fmedia&parent=8532"}],"wp:term":[{"taxonomy":"product_brand","embeddable":true,"href":"https:\/\/magiiik.netstory.com.pl\/index.php?rest_route=%2Fwp%2Fv2%2Fproduct_brand&post=8532"},{"taxonomy":"product_cat","embeddable":true,"href":"https:\/\/magiiik.netstory.com.pl\/index.php?rest_route=%2Fwp%2Fv2%2Fproduct_cat&post=8532"},{"taxonomy":"product_tag","embeddable":true,"href":"https:\/\/magiiik.netstory.com.pl\/index.php?rest_route=%2Fwp%2Fv2%2Fproduct_tag&post=8532"}],"curies":[{"name":"wp","href":"https:\/\/api.w.org\/{rel}","templated":true}]}}