{"id":8523,"date":"2025-09-19T13:17:41","date_gmt":"2025-09-19T11:17:41","guid":{"rendered":"https:\/\/magiiik.netstory.com.pl\/produkt\/brazil-by-the-blue-crown-limitowana-edycja\/"},"modified":"2025-09-19T13:17:59","modified_gmt":"2025-09-19T11:17:59","slug":"brazil-by-the-blue-crown-limitowana-edycja","status":"publish","type":"product","link":"https:\/\/magiiik.netstory.com.pl\/?product=brazil-by-the-blue-crown-limitowana-edycja","title":{"rendered":"BRAZIL by The Blue Crown &#8211; Limitowana Edycja!"},"content":{"rendered":"<p style=\"text-align: center;\"><span style=\"font-size: 14pt; font-family: 'arial black', 'avant garde';\"><strong>BRAZIL<\/strong> to talia, w kt\u00f3rej g\u0142\u00f3wny nacisk po\u0142o\u017cony jest na \u017c\u00f3\u0142ty i zielony kolor (kolory Brazylii). Talia jest absolutnie osza\u0142amiaj\u0105ca. <strong>Alex Pandrea<\/strong> i projektant <strong>Randy Butterfield<\/strong> sprawili, \u017ce mi\u0142o si\u0119 patrzy na te karty!<\/span><\/p>\n<p style=\"text-align: center;\"><span style=\"font-size: 14pt; font-family: 'arial black', 'avant garde';\">To karty na zam\u00f3wienie, limitowana edycja, nigdy nie b\u0119d\u0105 drukowane ponownie, wyprodukowane przez <strong>USPCC<\/strong> w ilo\u015bci <strong>5000<\/strong> sztuk.<\/span><\/p>\n<p style=\"text-align: center;\"><span style=\"font-size: 14pt; font-family: 'arial black', 'avant garde';\">Do kart do\u0142o\u017cone s\u0105 <strong>2 karty BONUS<\/strong> &#8211; co\u015b ekstra dla fan\u00f3w pi\u0142ki no\u017cnej &#8211; czerwona i \u017c\u00f3\u0142ta kartka, kt\u00f3re mo\u017cesz po prostu wykorzysta\u0107 przy grze w pi\u0142k\u0119!<\/span><\/p>\n<p style=\"text-align: center;\">\u00a0<\/p>\n<p style=\"text-align: center;\"><strong><span style=\"font-size: 14pt; font-family: 'arial black', 'avant garde';\">Polecamy,<\/span><\/strong><\/p>\n<p style=\"text-align: center;\"><strong><span style=\"font-size: 14pt; font-family: 'arial black', 'avant garde';\">magiiik.pl<\/span><\/strong><\/p>\n<p>\u00a0<\/p>\n","protected":false},"excerpt":{"rendered":"<p><strong>BRAZIL by The Blue Crown<\/strong><\/p>\n","protected":false},"featured_media":8524,"comment_status":"closed","ping_status":"open","template":"","meta":[],"product_brand":[],"product_cat":[46],"product_tag":[],"class_list":{"0":"post-8523","1":"product","2":"type-product","3":"status-publish","4":"has-post-thumbnail","6":"product_cat-mikro-iluzja-close-up-karty-kolekcjonerskie","8":"first","9":"instock","10":"purchasable","11":"product-type-simple"},"_links":{"self":[{"href":"https:\/\/magiiik.netstory.com.pl\/index.php?rest_route=\/wp\/v2\/product\/8523","targetHints":{"allow":["GET"]}}],"collection":[{"href":"https:\/\/magiiik.netstory.com.pl\/index.php?rest_route=\/wp\/v2\/product"}],"about":[{"href":"https:\/\/magiiik.netstory.com.pl\/index.php?rest_route=\/wp\/v2\/types\/product"}],"replies":[{"embeddable":true,"href":"https:\/\/magiiik.netstory.com.pl\/index.php?rest_route=%2Fwp%2Fv2%2Fcomments&post=8523"}],"wp:featuredmedia":[{"embeddable":true,"href":"https:\/\/magiiik.netstory.com.pl\/index.php?rest_route=\/wp\/v2\/media\/8524"}],"wp:attachment":[{"href":"https:\/\/magiiik.netstory.com.pl\/index.php?rest_route=%2Fwp%2Fv2%2Fmedia&parent=8523"}],"wp:term":[{"taxonomy":"product_brand","embeddable":true,"href":"https:\/\/magiiik.netstory.com.pl\/index.php?rest_route=%2Fwp%2Fv2%2Fproduct_brand&post=8523"},{"taxonomy":"product_cat","embeddable":true,"href":"https:\/\/magiiik.netstory.com.pl\/index.php?rest_route=%2Fwp%2Fv2%2Fproduct_cat&post=8523"},{"taxonomy":"product_tag","embeddable":true,"href":"https:\/\/magiiik.netstory.com.pl\/index.php?rest_route=%2Fwp%2Fv2%2Fproduct_tag&post=8523"}],"curies":[{"name":"wp","href":"https:\/\/api.w.org\/{rel}","templated":true}]}}