{"id":8469,"date":"2025-09-19T13:16:39","date_gmt":"2025-09-19T11:16:39","guid":{"rendered":"https:\/\/magiiik.netstory.com.pl\/produkt\/bee-miracle-deck-magic-8-limitowana-edycja\/"},"modified":"2025-09-19T13:17:25","modified_gmt":"2025-09-19T11:17:25","slug":"bee-miracle-deck-magic-8-limitowana-edycja","status":"publish","type":"product","link":"https:\/\/magiiik.netstory.com.pl\/?product=bee-miracle-deck-magic-8-limitowana-edycja","title":{"rendered":"Bee Miracle Deck &#8211; Magic 8 (Limitowana Edycja)"},"content":{"rendered":"<p style=\"text-align: center;\"><span style=\"font-size: 14pt; font-family: 'arial black', 'avant garde';\"><strong>BEE &#8211; Miracle Deck &#8211; Magic 8<\/strong> &#8211; to tali drukowana przez <strong>USPCC<\/strong>, specjalnie zaprojektowana dla najwi\u0119kszego stowarzyszenia chi\u0144skich magik\u00f3w.<\/span><\/p>\n<p style=\"text-align: center;\"><strong><span style=\"font-size: 14pt; font-family: 'arial black', 'avant garde';\">Limitowana Edycja, ju\u017c niedrukowana.\u00a0<\/span><\/strong><\/p>\n<p style=\"text-align: center;\"><span style=\"font-size: 14pt; font-family: 'arial black', 'avant garde';\">Dost\u0119pna w dwu kolorach &#8211; niebieskim i czarnym.<\/span><\/p>\n<p style=\"text-align: center;\"><span style=\"font-size: 14pt; font-family: 'arial black', 'avant garde';\"><strong>Magic 8<\/strong> to najbardziej wiarygodna firma w bran\u017cy magicznej.\u00a0<\/span><\/p>\n<p style=\"text-align: center;\"><strong><span style=\"font-size: 14pt; font-family: 'arial black', 'avant garde';\">Polecamy,<\/span><\/strong><\/p>\n<p style=\"text-align: center;\"><strong><span style=\"font-size: 14pt; font-family: 'arial black', 'avant garde';\">magiiik.pl<\/span><\/strong><\/p>\n<p>\u00a0<\/p>\n","protected":false},"excerpt":{"rendered":"<p><strong>Bee Miracle Deck &#8211; Magic 8<\/strong><\/p>\n","protected":false},"featured_media":8470,"comment_status":"closed","ping_status":"open","template":"","meta":[],"product_brand":[],"product_cat":[46],"product_tag":[],"class_list":{"0":"post-8469","1":"product","2":"type-product","3":"status-publish","4":"has-post-thumbnail","6":"product_cat-mikro-iluzja-close-up-karty-kolekcjonerskie","8":"first","9":"instock","10":"purchasable","11":"product-type-simple"},"_links":{"self":[{"href":"https:\/\/magiiik.netstory.com.pl\/index.php?rest_route=\/wp\/v2\/product\/8469","targetHints":{"allow":["GET"]}}],"collection":[{"href":"https:\/\/magiiik.netstory.com.pl\/index.php?rest_route=\/wp\/v2\/product"}],"about":[{"href":"https:\/\/magiiik.netstory.com.pl\/index.php?rest_route=\/wp\/v2\/types\/product"}],"replies":[{"embeddable":true,"href":"https:\/\/magiiik.netstory.com.pl\/index.php?rest_route=%2Fwp%2Fv2%2Fcomments&post=8469"}],"wp:featuredmedia":[{"embeddable":true,"href":"https:\/\/magiiik.netstory.com.pl\/index.php?rest_route=\/wp\/v2\/media\/8470"}],"wp:attachment":[{"href":"https:\/\/magiiik.netstory.com.pl\/index.php?rest_route=%2Fwp%2Fv2%2Fmedia&parent=8469"}],"wp:term":[{"taxonomy":"product_brand","embeddable":true,"href":"https:\/\/magiiik.netstory.com.pl\/index.php?rest_route=%2Fwp%2Fv2%2Fproduct_brand&post=8469"},{"taxonomy":"product_cat","embeddable":true,"href":"https:\/\/magiiik.netstory.com.pl\/index.php?rest_route=%2Fwp%2Fv2%2Fproduct_cat&post=8469"},{"taxonomy":"product_tag","embeddable":true,"href":"https:\/\/magiiik.netstory.com.pl\/index.php?rest_route=%2Fwp%2Fv2%2Fproduct_tag&post=8469"}],"curies":[{"name":"wp","href":"https:\/\/api.w.org\/{rel}","templated":true}]}}