{"id":8445,"date":"2025-09-19T13:16:39","date_gmt":"2025-09-19T11:16:39","guid":{"rendered":"https:\/\/magiiik.netstory.com.pl\/produkt\/bicycle-pyromaniac\/"},"modified":"2025-09-19T13:17:14","modified_gmt":"2025-09-19T11:17:14","slug":"bicycle-pyromaniac","status":"publish","type":"product","link":"https:\/\/magiiik.netstory.com.pl\/?product=bicycle-pyromaniac","title":{"rendered":"Bicycle Pyromaniac"},"content":{"rendered":"<p style=\"text-align: center;\"><span style=\"font-size: 14pt; font-family: 'arial black', 'avant garde';\">W zesz\u0142ym roku pojawia\u0142o si\u0119 wiele nowych wzor\u00f3w kart, ale sprawdzi\u0142 si\u0119 tylko jeden &#8211;<strong> PYROMANIAC<\/strong>! To jedne z najfajnieszych kart do tej pory!<\/span><\/p>\n<p style=\"text-align: center;\"><span style=\"font-size: 14pt; font-family: 'arial black', 'avant garde';\">Z przodu magik, kt\u00f3ry wyci\u0105ga ze swojego kapelusza p\u0142on\u0105ce wzory. To niezwyk\u0142a talia, r\u0119cznie rysowane arcydzie\u0142a, kt\u00f3re ka\u017cdy powinien mie\u0107 w swoich r\u0119kach.<\/span><\/p>\n<p style=\"text-align: center;\"><span style=\"font-size: 14pt; font-family: 'arial black', 'avant garde';\">Drukowane przez USPPC.<\/span><\/p>\n<p style=\"text-align: center;\"><strong><span style=\"font-size: 14pt; font-family: 'arial black', 'avant garde';\">Polecamy,<\/span><\/strong><\/p>\n<p style=\"text-align: center;\"><strong><span style=\"font-size: 14pt; font-family: 'arial black', 'avant garde';\">magiiik.pl<\/span><\/strong><\/p>\n","protected":false},"excerpt":{"rendered":"<p><strong>Bicycle Pyromaniac<\/strong><\/p>\n","protected":false},"featured_media":8446,"comment_status":"closed","ping_status":"open","template":"","meta":[],"product_brand":[],"product_cat":[46],"product_tag":[],"class_list":{"0":"post-8445","1":"product","2":"type-product","3":"status-publish","4":"has-post-thumbnail","6":"product_cat-mikro-iluzja-close-up-karty-kolekcjonerskie","8":"first","9":"instock","10":"purchasable","11":"product-type-simple"},"_links":{"self":[{"href":"https:\/\/magiiik.netstory.com.pl\/index.php?rest_route=\/wp\/v2\/product\/8445","targetHints":{"allow":["GET"]}}],"collection":[{"href":"https:\/\/magiiik.netstory.com.pl\/index.php?rest_route=\/wp\/v2\/product"}],"about":[{"href":"https:\/\/magiiik.netstory.com.pl\/index.php?rest_route=\/wp\/v2\/types\/product"}],"replies":[{"embeddable":true,"href":"https:\/\/magiiik.netstory.com.pl\/index.php?rest_route=%2Fwp%2Fv2%2Fcomments&post=8445"}],"wp:featuredmedia":[{"embeddable":true,"href":"https:\/\/magiiik.netstory.com.pl\/index.php?rest_route=\/wp\/v2\/media\/8446"}],"wp:attachment":[{"href":"https:\/\/magiiik.netstory.com.pl\/index.php?rest_route=%2Fwp%2Fv2%2Fmedia&parent=8445"}],"wp:term":[{"taxonomy":"product_brand","embeddable":true,"href":"https:\/\/magiiik.netstory.com.pl\/index.php?rest_route=%2Fwp%2Fv2%2Fproduct_brand&post=8445"},{"taxonomy":"product_cat","embeddable":true,"href":"https:\/\/magiiik.netstory.com.pl\/index.php?rest_route=%2Fwp%2Fv2%2Fproduct_cat&post=8445"},{"taxonomy":"product_tag","embeddable":true,"href":"https:\/\/magiiik.netstory.com.pl\/index.php?rest_route=%2Fwp%2Fv2%2Fproduct_tag&post=8445"}],"curies":[{"name":"wp","href":"https:\/\/api.w.org\/{rel}","templated":true}]}}