{"id":8436,"date":"2025-09-19T13:16:39","date_gmt":"2025-09-19T11:16:39","guid":{"rendered":"https:\/\/magiiik.netstory.com.pl\/produkt\/bicycle-karnival-death-heads\/"},"modified":"2025-09-19T13:17:10","modified_gmt":"2025-09-19T11:17:10","slug":"bicycle-karnival-death-heads","status":"publish","type":"product","link":"https:\/\/magiiik.netstory.com.pl\/?product=bicycle-karnival-death-heads","title":{"rendered":"Bicycle Karnival Death Heads"},"content":{"rendered":"<p style=\"text-align: center;\"><span style=\"font-size: 14pt; font-family: 'arial black', 'avant garde';\">Karty <strong>Karnival Death Heads<\/strong> zosta\u0142y najpierw wydane w <strong>2011<\/strong> roku, 100% plastik. By\u0142y bardzo popularne w\u015br\u00f3d hazardzist\u00f3w, magik\u00f3w, kolekcjoner\u00f3w i szybko sta\u0142y si\u0119 bestsellerem.\u00a0<\/span><\/p>\n<p style=\"text-align: center;\"><span style=\"font-size: 14pt; font-family: 'arial black', 'avant garde';\">Jednak du\u017co os\u00f3b zadawa\u0142o sobie pytanie, czy jest mo\u017cliwe, aby te karty powsta\u0142y w wersji <strong>Bicycle<\/strong>&#8230;? Odpowied\u017a brzmi TAK!<\/span><\/p>\n<p style=\"text-align: center;\"><span style=\"font-size: 14pt; font-family: 'arial black', 'avant garde';\"><strong>Bicycle Karnival Death Heads<\/strong> oferuje ten sam projekt, co w oryginale, ale drukowane s\u0105 w najwy\u017csz\u0105 staranno\u015bci\u0105 przez <strong>USPCC<\/strong>.\u00a0<\/span><\/p>\n<p style=\"text-align: center;\"><strong><span style=\"font-size: 14pt; font-family: 'arial black', 'avant garde';\">Polecamy,<\/span><\/strong><\/p>\n<p style=\"text-align: center;\"><strong><span style=\"font-size: 14pt; font-family: 'arial black', 'avant garde';\">magiiik.pl<\/span><\/strong><\/p>\n","protected":false},"excerpt":{"rendered":"<p><strong>Bicycle Karnival Death Heads<\/strong><\/p>\n","protected":false},"featured_media":8437,"comment_status":"closed","ping_status":"open","template":"","meta":[],"product_brand":[],"product_cat":[46],"product_tag":[],"class_list":{"0":"post-8436","1":"product","2":"type-product","3":"status-publish","4":"has-post-thumbnail","6":"product_cat-mikro-iluzja-close-up-karty-kolekcjonerskie","8":"first","9":"instock","10":"purchasable","11":"product-type-simple"},"_links":{"self":[{"href":"https:\/\/magiiik.netstory.com.pl\/index.php?rest_route=\/wp\/v2\/product\/8436","targetHints":{"allow":["GET"]}}],"collection":[{"href":"https:\/\/magiiik.netstory.com.pl\/index.php?rest_route=\/wp\/v2\/product"}],"about":[{"href":"https:\/\/magiiik.netstory.com.pl\/index.php?rest_route=\/wp\/v2\/types\/product"}],"replies":[{"embeddable":true,"href":"https:\/\/magiiik.netstory.com.pl\/index.php?rest_route=%2Fwp%2Fv2%2Fcomments&post=8436"}],"wp:featuredmedia":[{"embeddable":true,"href":"https:\/\/magiiik.netstory.com.pl\/index.php?rest_route=\/wp\/v2\/media\/8437"}],"wp:attachment":[{"href":"https:\/\/magiiik.netstory.com.pl\/index.php?rest_route=%2Fwp%2Fv2%2Fmedia&parent=8436"}],"wp:term":[{"taxonomy":"product_brand","embeddable":true,"href":"https:\/\/magiiik.netstory.com.pl\/index.php?rest_route=%2Fwp%2Fv2%2Fproduct_brand&post=8436"},{"taxonomy":"product_cat","embeddable":true,"href":"https:\/\/magiiik.netstory.com.pl\/index.php?rest_route=%2Fwp%2Fv2%2Fproduct_cat&post=8436"},{"taxonomy":"product_tag","embeddable":true,"href":"https:\/\/magiiik.netstory.com.pl\/index.php?rest_route=%2Fwp%2Fv2%2Fproduct_tag&post=8436"}],"curies":[{"name":"wp","href":"https:\/\/api.w.org\/{rel}","templated":true}]}}