{"id":8429,"date":"2025-09-19T13:16:39","date_gmt":"2025-09-19T11:16:39","guid":{"rendered":"https:\/\/magiiik.netstory.com.pl\/produkt\/bicycle-karnival-z-ray\/"},"modified":"2025-09-19T13:17:06","modified_gmt":"2025-09-19T11:17:06","slug":"bicycle-karnival-z-ray","status":"publish","type":"product","link":"https:\/\/magiiik.netstory.com.pl\/?product=bicycle-karnival-z-ray","title":{"rendered":"Bicycle Karnival Z-RAY"},"content":{"rendered":"<p style=\"text-align: center;\"><strong><span style=\"font-size: 14pt; font-family: 'arial black', 'avant garde';\">Limitowana edycja!<\/span><\/strong><\/p>\n<p style=\"text-align: center;\"><span style=\"font-size: 14pt; font-family: 'arial black', 'avant garde';\">Od postaci komediowej do nowoczesnego kuglarza, od Hollywood do Bollywood &#8211; przez prawie 30 lat <strong>Paul Zenon<\/strong> projektowa\u0142 i \u0142\u0105czy\u0142 r\u00f3\u017cne postaci ze sob\u0105 i tak powsta\u0142y, mi\u0119dzy innymi te karty, kt\u00f3re znane s\u0105 teraz na ca\u0142ym \u015bwiecie.<\/span><\/p>\n<p style=\"text-align: center;\"><span style=\"font-size: 14pt; font-family: 'arial black', 'avant garde';\"><strong>Bicycle Karnival Z-RAY<\/strong> s\u0105 drukowane w Stanach Zjednoczonych przez najwi\u0119kszych producent\u00f3w kart do gry.\u00a0<\/span><\/p>\n<p><em>&#8211; najwy\u017csza jako\u015b\u0107;<\/em><\/p>\n<p><em>&#8211; retro tatua\u017c i styl komiksowy;<\/em><\/p>\n<p><em>&#8211; ekskluzywna grafika;<\/em><\/p>\n<p><em>&#8211; specjalnie dla magik\u00f3w, Paul ukry\u0142 kilka ma\u0142ych szczeg\u00f3\u0142\u00f3w.<\/em><\/p>\n<p>\u00a0<\/p>\n<p><strong>Polecamy,<\/strong><\/p>\n<p><strong>magiiik.pl<\/strong><\/p>\n<p>\u00a0<\/p>\n","protected":false},"excerpt":{"rendered":"<p><strong>Bicycle Karnival Z-RAY<\/strong><\/p>\n","protected":false},"featured_media":8430,"comment_status":"closed","ping_status":"open","template":"","meta":[],"product_brand":[],"product_cat":[46],"product_tag":[],"class_list":{"0":"post-8429","1":"product","2":"type-product","3":"status-publish","4":"has-post-thumbnail","6":"product_cat-mikro-iluzja-close-up-karty-kolekcjonerskie","8":"first","9":"instock","10":"purchasable","11":"product-type-simple"},"_links":{"self":[{"href":"https:\/\/magiiik.netstory.com.pl\/index.php?rest_route=\/wp\/v2\/product\/8429","targetHints":{"allow":["GET"]}}],"collection":[{"href":"https:\/\/magiiik.netstory.com.pl\/index.php?rest_route=\/wp\/v2\/product"}],"about":[{"href":"https:\/\/magiiik.netstory.com.pl\/index.php?rest_route=\/wp\/v2\/types\/product"}],"replies":[{"embeddable":true,"href":"https:\/\/magiiik.netstory.com.pl\/index.php?rest_route=%2Fwp%2Fv2%2Fcomments&post=8429"}],"wp:featuredmedia":[{"embeddable":true,"href":"https:\/\/magiiik.netstory.com.pl\/index.php?rest_route=\/wp\/v2\/media\/8430"}],"wp:attachment":[{"href":"https:\/\/magiiik.netstory.com.pl\/index.php?rest_route=%2Fwp%2Fv2%2Fmedia&parent=8429"}],"wp:term":[{"taxonomy":"product_brand","embeddable":true,"href":"https:\/\/magiiik.netstory.com.pl\/index.php?rest_route=%2Fwp%2Fv2%2Fproduct_brand&post=8429"},{"taxonomy":"product_cat","embeddable":true,"href":"https:\/\/magiiik.netstory.com.pl\/index.php?rest_route=%2Fwp%2Fv2%2Fproduct_cat&post=8429"},{"taxonomy":"product_tag","embeddable":true,"href":"https:\/\/magiiik.netstory.com.pl\/index.php?rest_route=%2Fwp%2Fv2%2Fproduct_tag&post=8429"}],"curies":[{"name":"wp","href":"https:\/\/api.w.org\/{rel}","templated":true}]}}