{"id":8403,"date":"2025-09-19T13:16:39","date_gmt":"2025-09-19T11:16:39","guid":{"rendered":"https:\/\/magiiik.netstory.com.pl\/produkt\/bicycle-warrior-horse\/"},"modified":"2025-09-19T13:16:52","modified_gmt":"2025-09-19T11:16:52","slug":"bicycle-warrior-horse","status":"publish","type":"product","link":"https:\/\/magiiik.netstory.com.pl\/?product=bicycle-warrior-horse","title":{"rendered":"Bicycle Warrior Horse"},"content":{"rendered":"<p style=\"text-align: center;\"><span style=\"font-size: 14pt; font-family: 'arial black', 'avant garde';\"><strong>Bicycle Warrior Horse<\/strong> to bardzo wyj\u0105tkowe karty i przynosz\u0105ce szcz\u0119\u015bcie! <strong>31. stycznia 2014<\/strong> rozpocz\u0105\u0142 si\u0119<strong> Rok Konia<\/strong> w Kalendarzu Chi\u0144skim, a to szcz\u0119\u015bliwy rok!<\/span><\/p>\n<p style=\"text-align: center;\"><span style=\"font-size: 14pt; font-family: 'arial black', 'avant garde';\">Ludzie urodzeni w latach Konia s\u0105 aktywni i energiczni, uroczy, weseli, pracowici i opanowani. Ko\u0144 jest sympatyczny i umiej\u0119tnie nabywa bogactwa i szacunek. Ko\u0144 urodzi\u0142 si\u0119 w latach 1918, 1930, 1942, 1954, 1966, 1978, 1990, 2014.<\/span><\/p>\n<p style=\"text-align: center;\"><span style=\"font-size: 14pt; font-family: 'arial black', 'avant garde';\">Karty wyprodukowane w Stanach Zjednoczonych.<\/span><\/p>\n<p style=\"text-align: center;\"><strong><span style=\"font-size: 14pt; font-family: 'arial black', 'avant garde';\">Polecamy,<\/span><\/strong><\/p>\n<p style=\"text-align: center;\"><strong><span style=\"font-size: 14pt; font-family: 'arial black', 'avant garde';\">magiiik.pl<\/span><\/strong><\/p>\n<p>\u00a0<\/p>\n","protected":false},"excerpt":{"rendered":"<p><strong>Bicycle Warrior Horse<\/strong><\/p>\n","protected":false},"featured_media":8404,"comment_status":"closed","ping_status":"open","template":"","meta":[],"product_brand":[],"product_cat":[46],"product_tag":[],"class_list":{"0":"post-8403","1":"product","2":"type-product","3":"status-publish","4":"has-post-thumbnail","6":"product_cat-mikro-iluzja-close-up-karty-kolekcjonerskie","8":"first","9":"instock","10":"purchasable","11":"product-type-simple"},"_links":{"self":[{"href":"https:\/\/magiiik.netstory.com.pl\/index.php?rest_route=\/wp\/v2\/product\/8403","targetHints":{"allow":["GET"]}}],"collection":[{"href":"https:\/\/magiiik.netstory.com.pl\/index.php?rest_route=\/wp\/v2\/product"}],"about":[{"href":"https:\/\/magiiik.netstory.com.pl\/index.php?rest_route=\/wp\/v2\/types\/product"}],"replies":[{"embeddable":true,"href":"https:\/\/magiiik.netstory.com.pl\/index.php?rest_route=%2Fwp%2Fv2%2Fcomments&post=8403"}],"wp:featuredmedia":[{"embeddable":true,"href":"https:\/\/magiiik.netstory.com.pl\/index.php?rest_route=\/wp\/v2\/media\/8404"}],"wp:attachment":[{"href":"https:\/\/magiiik.netstory.com.pl\/index.php?rest_route=%2Fwp%2Fv2%2Fmedia&parent=8403"}],"wp:term":[{"taxonomy":"product_brand","embeddable":true,"href":"https:\/\/magiiik.netstory.com.pl\/index.php?rest_route=%2Fwp%2Fv2%2Fproduct_brand&post=8403"},{"taxonomy":"product_cat","embeddable":true,"href":"https:\/\/magiiik.netstory.com.pl\/index.php?rest_route=%2Fwp%2Fv2%2Fproduct_cat&post=8403"},{"taxonomy":"product_tag","embeddable":true,"href":"https:\/\/magiiik.netstory.com.pl\/index.php?rest_route=%2Fwp%2Fv2%2Fproduct_tag&post=8403"}],"curies":[{"name":"wp","href":"https:\/\/api.w.org\/{rel}","templated":true}]}}