{"id":8387,"date":"2025-09-19T13:16:39","date_gmt":"2025-09-19T11:16:39","guid":{"rendered":"https:\/\/magiiik.netstory.com.pl\/produkt\/bicycle-divine\/"},"modified":"2025-09-19T13:16:45","modified_gmt":"2025-09-19T11:16:45","slug":"bicycle-divine","status":"publish","type":"product","link":"https:\/\/magiiik.netstory.com.pl\/?product=bicycle-divine","title":{"rendered":"Bicycle Divine"},"content":{"rendered":"<p style=\"text-align: center;\"><span style=\"font-size: 14pt; font-family: 'arial black', 'avant garde';\"><strong>Bicycle DIVINE<\/strong> zosta\u0142y zaprojektowane przy u\u017cyciu wzoru matematycznego, kt\u00f3ry wydaje si\u0119 by\u0107 kluczem do wszystkiego. Ten tajemniczy schemat ukrywa we wzorach kwiaty, muszle, fale morza i wiele innych. To niezwyk\u0142e karty.<\/span><\/p>\n<p><em>&#8211; limitowana edycja;<\/em><\/p>\n<p><em>&#8211; 52 elegancko zdobione karty;<\/em><\/p>\n<p><em>&#8211; tajny &#8222;kod \u017cycia&#8221; ukryty w kartach;<\/em><\/p>\n<p><em>&#8211; unikalna karta gaff do wielu zastosowa\u0144;<\/em><\/p>\n<p><em>&#8211; wydruk przez USPCC w Stanach Zjednoczonych;<\/em><\/p>\n<p><em>&#8211; prawdziwe arcydzie\u0142o autora.<\/em><\/p>\n<p>\u00a0<\/p>\n<p><strong>Polecamy,<\/strong><\/p>\n<p><strong>magiiik.pl<\/strong><\/p>\n","protected":false},"excerpt":{"rendered":"<p><strong>Bicycle Divine<\/strong><\/p>\n","protected":false},"featured_media":8388,"comment_status":"closed","ping_status":"open","template":"","meta":[],"product_brand":[],"product_cat":[46],"product_tag":[],"class_list":{"0":"post-8387","1":"product","2":"type-product","3":"status-publish","4":"has-post-thumbnail","6":"product_cat-mikro-iluzja-close-up-karty-kolekcjonerskie","8":"first","9":"instock","10":"purchasable","11":"product-type-simple"},"_links":{"self":[{"href":"https:\/\/magiiik.netstory.com.pl\/index.php?rest_route=\/wp\/v2\/product\/8387","targetHints":{"allow":["GET"]}}],"collection":[{"href":"https:\/\/magiiik.netstory.com.pl\/index.php?rest_route=\/wp\/v2\/product"}],"about":[{"href":"https:\/\/magiiik.netstory.com.pl\/index.php?rest_route=\/wp\/v2\/types\/product"}],"replies":[{"embeddable":true,"href":"https:\/\/magiiik.netstory.com.pl\/index.php?rest_route=%2Fwp%2Fv2%2Fcomments&post=8387"}],"wp:featuredmedia":[{"embeddable":true,"href":"https:\/\/magiiik.netstory.com.pl\/index.php?rest_route=\/wp\/v2\/media\/8388"}],"wp:attachment":[{"href":"https:\/\/magiiik.netstory.com.pl\/index.php?rest_route=%2Fwp%2Fv2%2Fmedia&parent=8387"}],"wp:term":[{"taxonomy":"product_brand","embeddable":true,"href":"https:\/\/magiiik.netstory.com.pl\/index.php?rest_route=%2Fwp%2Fv2%2Fproduct_brand&post=8387"},{"taxonomy":"product_cat","embeddable":true,"href":"https:\/\/magiiik.netstory.com.pl\/index.php?rest_route=%2Fwp%2Fv2%2Fproduct_cat&post=8387"},{"taxonomy":"product_tag","embeddable":true,"href":"https:\/\/magiiik.netstory.com.pl\/index.php?rest_route=%2Fwp%2Fv2%2Fproduct_tag&post=8387"}],"curies":[{"name":"wp","href":"https:\/\/api.w.org\/{rel}","templated":true}]}}