{"id":8358,"date":"2025-09-19T13:16:10","date_gmt":"2025-09-19T11:16:10","guid":{"rendered":"https:\/\/magiiik.netstory.com.pl\/produkt\/bicycle-mr-hyde\/"},"modified":"2025-09-19T13:16:25","modified_gmt":"2025-09-19T11:16:25","slug":"bicycle-mr-hyde","status":"publish","type":"product","link":"https:\/\/magiiik.netstory.com.pl\/?product=bicycle-mr-hyde","title":{"rendered":"Bicycle Mr. Hyde"},"content":{"rendered":"<p style=\"text-align: center;\"><span style=\"font-size: 14pt; font-family: 'arial black', 'avant garde';\">Czerpi\u0105c inspiracj\u0119 ze s\u0142ynnej powie\u015bci <strong>Robert<\/strong>&#8217;a <strong>Luis<\/strong>&#8217;a <strong>Stevenson<\/strong>&#8217;a &#8222;<strong>Dr Jekyll i Mr Hyde<\/strong>&#8222;, <strong>Alakazam Magic<\/strong> prezentuje dwa wybitne projekty <strong>Bicycle<\/strong>, produkowane wy\u0142\u0105cznie dla <strong>Alakazam Magic<\/strong>. Tak, jak <strong>Hyde<\/strong>, tak i <strong>Jekyll<\/strong> ma w\u0142asn\u0105 osobowo\u015b\u0107.\u00a0<\/span><\/p>\n<p style=\"text-align: center;\"><span style=\"font-size: 14pt; font-family: 'arial black', 'avant garde';\">Talia znakomicie nadaje si\u0119 dla iluzjonist\u00f3w, cardistry i kolekcjoner\u00f3w.<\/span><\/p>\n<p style=\"text-align: center;\"><strong><span style=\"font-size: 14pt; font-family: 'arial black', 'avant garde';\">Polecamy,<\/span><\/strong><\/p>\n<p style=\"text-align: center;\"><strong><span style=\"font-size: 14pt; font-family: 'arial black', 'avant garde';\">magiiik.pl<\/span><\/strong><\/p>\n","protected":false},"excerpt":{"rendered":"<p><strong>Bicycle Mr. Hyde\u00a0<\/strong><\/p>\n","protected":false},"featured_media":8359,"comment_status":"closed","ping_status":"open","template":"","meta":[],"product_brand":[],"product_cat":[46],"product_tag":[],"class_list":{"0":"post-8358","1":"product","2":"type-product","3":"status-publish","4":"has-post-thumbnail","6":"product_cat-mikro-iluzja-close-up-karty-kolekcjonerskie","8":"first","9":"instock","10":"purchasable","11":"product-type-simple"},"_links":{"self":[{"href":"https:\/\/magiiik.netstory.com.pl\/index.php?rest_route=\/wp\/v2\/product\/8358","targetHints":{"allow":["GET"]}}],"collection":[{"href":"https:\/\/magiiik.netstory.com.pl\/index.php?rest_route=\/wp\/v2\/product"}],"about":[{"href":"https:\/\/magiiik.netstory.com.pl\/index.php?rest_route=\/wp\/v2\/types\/product"}],"replies":[{"embeddable":true,"href":"https:\/\/magiiik.netstory.com.pl\/index.php?rest_route=%2Fwp%2Fv2%2Fcomments&post=8358"}],"wp:featuredmedia":[{"embeddable":true,"href":"https:\/\/magiiik.netstory.com.pl\/index.php?rest_route=\/wp\/v2\/media\/8359"}],"wp:attachment":[{"href":"https:\/\/magiiik.netstory.com.pl\/index.php?rest_route=%2Fwp%2Fv2%2Fmedia&parent=8358"}],"wp:term":[{"taxonomy":"product_brand","embeddable":true,"href":"https:\/\/magiiik.netstory.com.pl\/index.php?rest_route=%2Fwp%2Fv2%2Fproduct_brand&post=8358"},{"taxonomy":"product_cat","embeddable":true,"href":"https:\/\/magiiik.netstory.com.pl\/index.php?rest_route=%2Fwp%2Fv2%2Fproduct_cat&post=8358"},{"taxonomy":"product_tag","embeddable":true,"href":"https:\/\/magiiik.netstory.com.pl\/index.php?rest_route=%2Fwp%2Fv2%2Fproduct_tag&post=8358"}],"curies":[{"name":"wp","href":"https:\/\/api.w.org\/{rel}","templated":true}]}}