{"id":8354,"date":"2025-09-19T13:16:10","date_gmt":"2025-09-19T11:16:10","guid":{"rendered":"https:\/\/magiiik.netstory.com.pl\/produkt\/street-magic-magazine-08-09-2007\/"},"modified":"2025-09-19T13:16:24","modified_gmt":"2025-09-19T11:16:24","slug":"street-magic-magazine-08-09-2007","status":"publish","type":"product","link":"https:\/\/magiiik.netstory.com.pl\/?product=street-magic-magazine-08-09-2007","title":{"rendered":"Street Magic Magazine 08\/09.2007"},"content":{"rendered":"<p style=\"font-size: 12px; font-family: Tahoma, Arial, sans-serif; text-align: center;\"><span style=\"font-size: 14pt; font-family: 'arial black', 'avant garde';\"><strong>Street Magic Magazine<\/strong> to dwumiesi\u0119cznik, w kt\u00f3rym znajdziemy ca\u0142\u0105 mas\u0119 przydatnych wiadomo\u015bci, ale r\u00f3wnie\u017c dok\u0142adnie opisane tricki ze zdj\u0119ciami.\u00a0<\/span><\/p>\n<p style=\"font-size: 12px; font-family: Tahoma, Arial, sans-serif; text-align: center;\"><span style=\"font-size: 14pt; font-family: 'arial black', 'avant garde';\">To magazyn dla iluzjonist\u00f3w &#8211; artyst\u00f3w, kt\u00f3rzy chc\u0105 by\u0107 na czasie, nie chc\u0105 cofa\u0107 si\u0119 w swoim fachu.\u00a0<\/span><\/p>\n<p style=\"font-size: 12px; font-family: Tahoma, Arial, sans-serif; text-align: center;\"><strong><span style=\"font-size: 14pt; font-family: 'arial black', 'avant garde';\">Ilo\u015b\u0107 stron: 95<\/span><\/strong><\/p>\n<p style=\"font-size: 12px; font-family: Tahoma, Arial, sans-serif; text-align: center;\">\u00a0<\/p>\n<p style=\"font-size: 12px; font-family: Tahoma, Arial, sans-serif; text-align: center;\"><strong><span style=\"font-size: 14pt; font-family: 'arial black', 'avant garde';\">Polecamy,<\/span><\/strong><\/p>\n<p style=\"font-size: 12px; font-family: Tahoma, Arial, sans-serif; text-align: center;\"><strong><span style=\"font-size: 14pt; font-family: 'arial black', 'avant garde';\">magiiik.pl<\/span><\/strong><\/p>\n","protected":false},"excerpt":{"rendered":"<p><strong>Street Magic Magazine 08\/09.2007<\/strong><\/p>\n","protected":false},"featured_media":8355,"comment_status":"closed","ping_status":"open","template":"","meta":[],"product_brand":[],"product_cat":[66],"product_tag":[],"class_list":{"0":"post-8354","1":"product","2":"type-product","3":"status-publish","4":"has-post-thumbnail","6":"product_cat-czasopisma-street-magic","8":"first","9":"instock","10":"purchasable","11":"product-type-simple"},"_links":{"self":[{"href":"https:\/\/magiiik.netstory.com.pl\/index.php?rest_route=\/wp\/v2\/product\/8354","targetHints":{"allow":["GET"]}}],"collection":[{"href":"https:\/\/magiiik.netstory.com.pl\/index.php?rest_route=\/wp\/v2\/product"}],"about":[{"href":"https:\/\/magiiik.netstory.com.pl\/index.php?rest_route=\/wp\/v2\/types\/product"}],"replies":[{"embeddable":true,"href":"https:\/\/magiiik.netstory.com.pl\/index.php?rest_route=%2Fwp%2Fv2%2Fcomments&post=8354"}],"wp:featuredmedia":[{"embeddable":true,"href":"https:\/\/magiiik.netstory.com.pl\/index.php?rest_route=\/wp\/v2\/media\/8355"}],"wp:attachment":[{"href":"https:\/\/magiiik.netstory.com.pl\/index.php?rest_route=%2Fwp%2Fv2%2Fmedia&parent=8354"}],"wp:term":[{"taxonomy":"product_brand","embeddable":true,"href":"https:\/\/magiiik.netstory.com.pl\/index.php?rest_route=%2Fwp%2Fv2%2Fproduct_brand&post=8354"},{"taxonomy":"product_cat","embeddable":true,"href":"https:\/\/magiiik.netstory.com.pl\/index.php?rest_route=%2Fwp%2Fv2%2Fproduct_cat&post=8354"},{"taxonomy":"product_tag","embeddable":true,"href":"https:\/\/magiiik.netstory.com.pl\/index.php?rest_route=%2Fwp%2Fv2%2Fproduct_tag&post=8354"}],"curies":[{"name":"wp","href":"https:\/\/api.w.org\/{rel}","templated":true}]}}