{"id":8348,"date":"2025-09-19T13:16:10","date_gmt":"2025-09-19T11:16:10","guid":{"rendered":"https:\/\/magiiik.netstory.com.pl\/produkt\/joshua-jays-amazing-book-of-cards\/"},"modified":"2025-09-19T13:16:23","modified_gmt":"2025-09-19T11:16:23","slug":"joshua-jays-amazing-book-of-cards","status":"publish","type":"product","link":"https:\/\/magiiik.netstory.com.pl\/?product=joshua-jays-amazing-book-of-cards","title":{"rendered":"Joshua Jay&#8217;s Amazing Book of Cards"},"content":{"rendered":"<p style=\"text-align: center;\"><span style=\"font-size: 14pt; font-family: 'arial black', 'avant garde';\">Oto ksi\u0105\u017cka, dzi\u0119ki kt\u00f3rej dowiesz si\u0119, jak wykonywa\u0107 te wszystkie genialny tricki karciane, kt\u00f3re zachwycaj\u0105 wszystkich!\u00a0<\/span><\/p>\n<p style=\"text-align: center;\"><span style=\"font-size: 14pt; font-family: 'arial black', 'avant garde';\">W klarowny, najprostszy spos\u00f3b, ksi\u0105\u017cka krok po kroku poka\u017ce, jak wykonywa\u0107 cuda z tali\u0105 52 kart.\u00a0<\/span><\/p>\n<p style=\"text-align: center;\"><span style=\"font-size: 14pt; font-family: 'arial black', 'avant garde';\"><strong>Joshua Jay<\/strong> to wielokrotnie nagradzany iluzjonista karciany, a to Jego kolejna wspania\u0142a ksi\u0105\u017cka o kartach, pe\u0142na zwi\u0119z\u0142ego tekstu, zdj\u0119\u0107 w pe\u0142nym kolorze i do\u0142\u0105czonym DVD.\u00a0<\/span><\/p>\n<p style=\"text-align: center;\"><strong><span style=\"font-size: 14pt; font-family: 'arial black', 'avant garde';\">Ilo\u015b\u0107 stron: 200. Oprawa mi\u0119kka.<\/span><\/strong><\/p>\n<p>\u00a0<\/p>\n<p><strong>Polecamy,<\/strong><\/p>\n<p><strong>magiiik.pl<\/strong><\/p>\n","protected":false},"excerpt":{"rendered":"<p><strong>Joshua Jay&#8217;s Amazing Book of Cards<\/strong><\/p>\n","protected":false},"featured_media":8349,"comment_status":"closed","ping_status":"open","template":"","meta":[],"product_brand":[],"product_cat":[56],"product_tag":[],"class_list":{"0":"post-8348","1":"product","2":"type-product","3":"status-publish","4":"has-post-thumbnail","6":"product_cat-ksiazki-dvd-download-ksiazki","8":"first","9":"instock","10":"purchasable","11":"product-type-simple"},"_links":{"self":[{"href":"https:\/\/magiiik.netstory.com.pl\/index.php?rest_route=\/wp\/v2\/product\/8348","targetHints":{"allow":["GET"]}}],"collection":[{"href":"https:\/\/magiiik.netstory.com.pl\/index.php?rest_route=\/wp\/v2\/product"}],"about":[{"href":"https:\/\/magiiik.netstory.com.pl\/index.php?rest_route=\/wp\/v2\/types\/product"}],"replies":[{"embeddable":true,"href":"https:\/\/magiiik.netstory.com.pl\/index.php?rest_route=%2Fwp%2Fv2%2Fcomments&post=8348"}],"wp:featuredmedia":[{"embeddable":true,"href":"https:\/\/magiiik.netstory.com.pl\/index.php?rest_route=\/wp\/v2\/media\/8349"}],"wp:attachment":[{"href":"https:\/\/magiiik.netstory.com.pl\/index.php?rest_route=%2Fwp%2Fv2%2Fmedia&parent=8348"}],"wp:term":[{"taxonomy":"product_brand","embeddable":true,"href":"https:\/\/magiiik.netstory.com.pl\/index.php?rest_route=%2Fwp%2Fv2%2Fproduct_brand&post=8348"},{"taxonomy":"product_cat","embeddable":true,"href":"https:\/\/magiiik.netstory.com.pl\/index.php?rest_route=%2Fwp%2Fv2%2Fproduct_cat&post=8348"},{"taxonomy":"product_tag","embeddable":true,"href":"https:\/\/magiiik.netstory.com.pl\/index.php?rest_route=%2Fwp%2Fv2%2Fproduct_tag&post=8348"}],"curies":[{"name":"wp","href":"https:\/\/api.w.org\/{rel}","templated":true}]}}