{"id":8344,"date":"2025-09-19T13:16:10","date_gmt":"2025-09-19T11:16:10","guid":{"rendered":"https:\/\/magiiik.netstory.com.pl\/produkt\/professional-magic-for-children-by-david-ginn-ksiazka\/"},"modified":"2025-09-19T13:16:22","modified_gmt":"2025-09-19T11:16:22","slug":"professional-magic-for-children-by-david-ginn-ksiazka","status":"publish","type":"product","link":"https:\/\/magiiik.netstory.com.pl\/?product=professional-magic-for-children-by-david-ginn-ksiazka","title":{"rendered":"Professional Magic for Children by David Ginn (ksi\u0105\u017cka)"},"content":{"rendered":"<p style=\"text-align: center;\"><span style=\"font-size: 14pt; font-family: 'arial black', 'avant garde';\">W 1976 roku <strong>David Ginn<\/strong> opublikowa\u0142 swoj\u0105 ksi\u0105\u017ck\u0119 po\u015bwi\u0119con\u0105 magii dla dziecinnej publiczno\u015bci. Przez 23 lata sprzeda\u0142 ponad 7 tys. egzemplarzy!\u00a0<\/span><\/p>\n<p style=\"text-align: center;\"><span style=\"font-size: 14pt; font-family: 'arial black', 'avant garde';\"><strong>&#8222;Profesjonalna Magia dla Dzieci&#8221;<\/strong> ma wp\u0142yw na magik\u00f3w i clown\u00f3w na ca\u0142ym \u015bwiecie! Ksi\u0105\u017cka nie ma teorii, ale przedstawia do\u015bwiadczenie autora, kt\u00f3ry daje 400 pokaz\u00f3w rocznie w szko\u0142ach, przedszkolach, bibliotekach, ko\u015bcio\u0142ach i innych miejscach rodzinnych.<\/span><\/p>\n<p style=\"text-align: center;\"><span style=\"font-size: 14pt; font-family: 'arial black', 'avant garde';\">Ksi\u0105\u017cka liczy <strong>244 stron<\/strong>, na kt\u00f3rych przeczytasz o filozofii robienia magii dla dzieci, techniki i metody radzenia sobie z najm\u0142odszymi widzami. Ponadto nauczysz si\u0119 wielu genialnych trick\u00f3w, kt\u00f3re bawi\u0105 nie tylko dzieci, ale ca\u0142e rodziny!\u00a0<\/span><\/p>\n<p style=\"text-align: center;\"><strong><span style=\"font-size: 14pt; font-family: 'arial black', 'avant garde';\">Polecamy,<\/span><\/strong><\/p>\n<p style=\"text-align: center;\"><strong><span style=\"font-size: 14pt; font-family: 'arial black', 'avant garde';\">magiiik.pl<\/span><\/strong><\/p>\n","protected":false},"excerpt":{"rendered":"<p><strong>Professional Magic for Children by David Ginn<\/strong><\/p>\n","protected":false},"featured_media":8345,"comment_status":"closed","ping_status":"open","template":"","meta":[],"product_brand":[],"product_cat":[56],"product_tag":[],"class_list":{"0":"post-8344","1":"product","2":"type-product","3":"status-publish","4":"has-post-thumbnail","6":"product_cat-ksiazki-dvd-download-ksiazki","8":"first","9":"instock","10":"purchasable","11":"product-type-simple"},"_links":{"self":[{"href":"https:\/\/magiiik.netstory.com.pl\/index.php?rest_route=\/wp\/v2\/product\/8344","targetHints":{"allow":["GET"]}}],"collection":[{"href":"https:\/\/magiiik.netstory.com.pl\/index.php?rest_route=\/wp\/v2\/product"}],"about":[{"href":"https:\/\/magiiik.netstory.com.pl\/index.php?rest_route=\/wp\/v2\/types\/product"}],"replies":[{"embeddable":true,"href":"https:\/\/magiiik.netstory.com.pl\/index.php?rest_route=%2Fwp%2Fv2%2Fcomments&post=8344"}],"wp:featuredmedia":[{"embeddable":true,"href":"https:\/\/magiiik.netstory.com.pl\/index.php?rest_route=\/wp\/v2\/media\/8345"}],"wp:attachment":[{"href":"https:\/\/magiiik.netstory.com.pl\/index.php?rest_route=%2Fwp%2Fv2%2Fmedia&parent=8344"}],"wp:term":[{"taxonomy":"product_brand","embeddable":true,"href":"https:\/\/magiiik.netstory.com.pl\/index.php?rest_route=%2Fwp%2Fv2%2Fproduct_brand&post=8344"},{"taxonomy":"product_cat","embeddable":true,"href":"https:\/\/magiiik.netstory.com.pl\/index.php?rest_route=%2Fwp%2Fv2%2Fproduct_cat&post=8344"},{"taxonomy":"product_tag","embeddable":true,"href":"https:\/\/magiiik.netstory.com.pl\/index.php?rest_route=%2Fwp%2Fv2%2Fproduct_tag&post=8344"}],"curies":[{"name":"wp","href":"https:\/\/api.w.org\/{rel}","templated":true}]}}