{"id":8342,"date":"2025-09-19T13:16:10","date_gmt":"2025-09-19T11:16:10","guid":{"rendered":"https:\/\/magiiik.netstory.com.pl\/produkt\/modern-coin-magic-by-j-b-bobo-ksiazka\/"},"modified":"2025-09-19T13:16:21","modified_gmt":"2025-09-19T11:16:21","slug":"modern-coin-magic-by-j-b-bobo-ksiazka","status":"publish","type":"product","link":"https:\/\/magiiik.netstory.com.pl\/?product=modern-coin-magic-by-j-b-bobo-ksiazka","title":{"rendered":"Modern Coin Magic by J. B. Bobo (ksi\u0105\u017cka)"},"content":{"rendered":"<p style=\"text-align: center;\"><span style=\"font-size: 14pt; font-family: 'arial black', 'avant garde';\">B\u0119d\u0105c magikiem trzeba by\u0107 przygotowanym na wszystko, a zw\u0142aszcza na to, \u017ce przy ka\u017cdej okazji b\u0119d\u0105 nas prosi\u0107: <strong>&#8222;Poka\u017c co\u015b!&#8221;<\/strong>. Nie zawsze jeste\u015bmy przygotowani i nie zawsze mamy przy sobie niezb\u0119dne rekwizyty. Odpowiedzi\u0105 na takie sytuacje jest w\u0142a\u015bnie ta ksi\u0105\u017cka, a wraz z ni\u0105 tricki z monetami, kt\u00f3re mo\u017cemy pokaza\u0107 zawsze i wsz\u0119dzie \ud83d\ude42<\/span><\/p>\n<p style=\"text-align: center;\"><span style=\"font-size: 14pt; font-family: 'arial black', 'avant garde';\">Ta ksi\u0105\u017cka, to najbardziej kompletny kurs o monetach, jaki zosta\u0142 kiedykolwiek napisany! Iluzjonista <strong>Bobo<\/strong> zebra\u0142 tutaj wszystkie najlepsze i najbardziej popularne chwyty i tricki z monetami. Wszystko, co potrzebujesz wiedzie\u0107 o monetach jest w tej ksi\u0105\u017cce, kt\u00f3ra wzbogacona jest 510 ilustracjami.\u00a0<\/span><\/p>\n<p style=\"text-align: center;\"><strong><span style=\"font-size: 14pt; font-family: 'arial black', 'avant garde';\">Polecamy,<\/span><\/strong><\/p>\n<p style=\"text-align: center;\"><strong><span style=\"font-size: 14pt; font-family: 'arial black', 'avant garde';\">magiiik.pl<\/span><\/strong><\/p>\n","protected":false},"excerpt":{"rendered":"<p><strong>Modern Coin Magic by Bobo<\/strong><\/p>\n","protected":false},"featured_media":8343,"comment_status":"closed","ping_status":"open","template":"","meta":[],"product_brand":[],"product_cat":[56],"product_tag":[],"class_list":{"0":"post-8342","1":"product","2":"type-product","3":"status-publish","4":"has-post-thumbnail","6":"product_cat-ksiazki-dvd-download-ksiazki","8":"first","9":"instock","10":"purchasable","11":"product-type-simple"},"_links":{"self":[{"href":"https:\/\/magiiik.netstory.com.pl\/index.php?rest_route=\/wp\/v2\/product\/8342","targetHints":{"allow":["GET"]}}],"collection":[{"href":"https:\/\/magiiik.netstory.com.pl\/index.php?rest_route=\/wp\/v2\/product"}],"about":[{"href":"https:\/\/magiiik.netstory.com.pl\/index.php?rest_route=\/wp\/v2\/types\/product"}],"replies":[{"embeddable":true,"href":"https:\/\/magiiik.netstory.com.pl\/index.php?rest_route=%2Fwp%2Fv2%2Fcomments&post=8342"}],"wp:featuredmedia":[{"embeddable":true,"href":"https:\/\/magiiik.netstory.com.pl\/index.php?rest_route=\/wp\/v2\/media\/8343"}],"wp:attachment":[{"href":"https:\/\/magiiik.netstory.com.pl\/index.php?rest_route=%2Fwp%2Fv2%2Fmedia&parent=8342"}],"wp:term":[{"taxonomy":"product_brand","embeddable":true,"href":"https:\/\/magiiik.netstory.com.pl\/index.php?rest_route=%2Fwp%2Fv2%2Fproduct_brand&post=8342"},{"taxonomy":"product_cat","embeddable":true,"href":"https:\/\/magiiik.netstory.com.pl\/index.php?rest_route=%2Fwp%2Fv2%2Fproduct_cat&post=8342"},{"taxonomy":"product_tag","embeddable":true,"href":"https:\/\/magiiik.netstory.com.pl\/index.php?rest_route=%2Fwp%2Fv2%2Fproduct_tag&post=8342"}],"curies":[{"name":"wp","href":"https:\/\/api.w.org\/{rel}","templated":true}]}}