{"id":8339,"date":"2025-09-19T13:16:10","date_gmt":"2025-09-19T11:16:10","guid":{"rendered":"https:\/\/magiiik.netstory.com.pl\/produkt\/stir-crazy-by-dan-hauss\/"},"modified":"2025-09-19T13:16:20","modified_gmt":"2025-09-19T11:16:20","slug":"stir-crazy-by-dan-hauss","status":"publish","type":"product","link":"https:\/\/magiiik.netstory.com.pl\/?product=stir-crazy-by-dan-hauss","title":{"rendered":"Stir Crazy by Dan Hauss"},"content":{"rendered":"<p style=\"text-align: center;\"><span style=\"font-size: 14pt; font-family: 'arial black', 'avant garde';\">S\u0142omki do picia s\u0105 wsz\u0119dzie! Miliony z nich s\u0105 wykorzystywane codzienne w restauracjach, barach, sto\u0142\u00f3wkach, szko\u0142ach itd. To genialny rekwizyt codziennego u\u017cytku, z kt\u00f3rym mo\u017cesz robi\u0107 cuda!\u00a0<\/span><\/p>\n<p style=\"text-align: center;\"><span style=\"font-size: 14pt; font-family: 'arial black', 'avant garde';\">Efekt <strong>Stir Crazy<\/strong> jest fenomenalny! Zamiast kart, monet, lub podejrzanych rekwizyt\u00f3w poka\u017c trick ze s\u0142omk\u0105 do picia!<\/span><\/p>\n<p style=\"text-align: center;\"><span style=\"font-size: 14pt; font-family: 'arial black', 'avant garde';\"><strong>Stir Crazy<\/strong> to \u015bwie\u017cy efekt <strong>Dan<\/strong>&#8217;a <strong>Hauss<\/strong>&#8217;a, tw\u00f3rczego geniusza. <\/span><\/p>\n<p style=\"text-align: center;\"><span style=\"font-size: 14pt; font-family: 'arial black', 'avant garde';\">Prezentujesz zwyk\u0142\u0105 s\u0142omk\u0119 do picia i w zadziwiaj\u0105cy spos\u00f3b przekr\u0119casz na niej czerwony pasek, by po chwili przywr\u00f3ci\u0107 wszystko do normy. <strong>Ten trick mo\u017cesz wykona\u0107 wsz\u0119dzie!<\/strong><\/span><\/p>\n<p style=\"text-align: center;\"><span style=\"font-size: 14pt; font-family: 'arial black', 'avant garde';\"><strong>Dan<\/strong> dok\u0142adnie wyt\u0142umaczy Ci, co i jak robi\u0107, aby efekt by\u0142 osza\u0142amiaj\u0105cy. Do DVD do\u0142\u0105czone s\u0105 gimmicki, dzi\u0119ki czemu od razu mo\u017cesz \u0107wiczy\u0107 sw\u00f3j nowy trick. Do\u0142\u0105czony jest r\u00f3wnie\u017c bonus, z kt\u00f3rego dowiesz si\u0119, jak zmieni\u0107 kolor paska na s\u0142omce, a p\u00f3\u017aniej da\u0107 widzowi w prezencie tak\u0105 s\u0142omk\u0119!<\/span><\/p>\n<p style=\"text-align: center;\">\u00a0<iframe loading=\"lazy\" src=\"\/\/www.youtube.com\/embed\/iOv9ow8iNYc\" width=\"425\" height=\"350\"><\/iframe><\/p>\n<p><strong>Polecamy,<\/strong><\/p>\n<p><strong>magiiik.pl<\/strong><\/p>\n<p>\u00a0<\/p>\n<p style=\"text-align: center;\"><strong>Zobacz DARMOWY TRICK DAN&#8217;a!<\/strong><\/p>\n<p style=\"text-align: center;\"><iframe loading=\"lazy\" src=\"\/\/www.youtube.com\/embed\/vPm_y8TkWFs\" width=\"425\" height=\"350\"><\/iframe><\/p>\n","protected":false},"excerpt":{"rendered":"<p><strong>Stir Crazy by Dan Hauss<\/strong><\/p>\n","protected":false},"featured_media":8340,"comment_status":"closed","ping_status":"open","template":"","meta":[],"product_brand":[],"product_cat":[34],"product_tag":[],"class_list":{"0":"post-8339","1":"product","2":"type-product","3":"status-publish","4":"has-post-thumbnail","6":"product_cat-mikro-iluzja-close-up-inne","8":"first","9":"instock","10":"purchasable","11":"product-type-simple"},"_links":{"self":[{"href":"https:\/\/magiiik.netstory.com.pl\/index.php?rest_route=\/wp\/v2\/product\/8339","targetHints":{"allow":["GET"]}}],"collection":[{"href":"https:\/\/magiiik.netstory.com.pl\/index.php?rest_route=\/wp\/v2\/product"}],"about":[{"href":"https:\/\/magiiik.netstory.com.pl\/index.php?rest_route=\/wp\/v2\/types\/product"}],"replies":[{"embeddable":true,"href":"https:\/\/magiiik.netstory.com.pl\/index.php?rest_route=%2Fwp%2Fv2%2Fcomments&post=8339"}],"wp:featuredmedia":[{"embeddable":true,"href":"https:\/\/magiiik.netstory.com.pl\/index.php?rest_route=\/wp\/v2\/media\/8340"}],"wp:attachment":[{"href":"https:\/\/magiiik.netstory.com.pl\/index.php?rest_route=%2Fwp%2Fv2%2Fmedia&parent=8339"}],"wp:term":[{"taxonomy":"product_brand","embeddable":true,"href":"https:\/\/magiiik.netstory.com.pl\/index.php?rest_route=%2Fwp%2Fv2%2Fproduct_brand&post=8339"},{"taxonomy":"product_cat","embeddable":true,"href":"https:\/\/magiiik.netstory.com.pl\/index.php?rest_route=%2Fwp%2Fv2%2Fproduct_cat&post=8339"},{"taxonomy":"product_tag","embeddable":true,"href":"https:\/\/magiiik.netstory.com.pl\/index.php?rest_route=%2Fwp%2Fv2%2Fproduct_tag&post=8339"}],"curies":[{"name":"wp","href":"https:\/\/api.w.org\/{rel}","templated":true}]}}