{"id":8327,"date":"2025-09-19T13:16:10","date_gmt":"2025-09-19T11:16:10","guid":{"rendered":"https:\/\/magiiik.netstory.com.pl\/produkt\/3-card-monte\/"},"modified":"2025-09-19T13:16:14","modified_gmt":"2025-09-19T11:16:14","slug":"3-card-monte","status":"publish","type":"product","link":"https:\/\/magiiik.netstory.com.pl\/?product=3-card-monte","title":{"rendered":"3 Card Monte"},"content":{"rendered":"<p style=\"text-align: center;\"><span style=\"font-size: 14pt; font-family: 'arial black', 'avant garde';\"><strong>3 Card Monte<\/strong>, znane te\u017c jako<strong> 3 Card Marney<\/strong>, <strong>Znajd\u017a Dam\u0119<\/strong>, b\u0105d\u017a <strong>\u015aled\u017a Mnie<\/strong>.\u00a0<\/span><\/p>\n<p style=\"text-align: center;\"><span style=\"font-size: 14pt; font-family: 'arial black', 'avant garde';\">Trick znany jest z czas\u00f3w staro\u017cytnych. Teraz dost\u0119pny w nieco innej, ulepszonej formie, by m\u00f3c zadziwia\u0107 jeszcze bardziej!\u00a0<\/span><\/p>\n<p style=\"text-align: center;\"><span style=\"font-size: 14pt; font-family: 'arial black', 'avant garde';\">Iluzjonista pokazuje 3 du\u017ce karty &#8211; dw\u00f3ch Kr\u00f3li i jedn\u0105 Dam\u0119. Teraz odwraca je koszulkami do widz\u00f3w i prosi, aby \u015bledzili ka\u017cdy Jego ruch, a dok\u0142adniej, ruch Damy&#8230; Powoli zmienia kolejno\u015b\u0107 kart&#8230; Bez wzgl\u0119du na to, jak bardzo b\u0119d\u0105 si\u0119 wysila\u0107, zawsze odpowiedz\u0105 b\u0142\u0119dnie! Masz pe\u0142n\u0105 kontrol\u0119 nad tym, gdzie znajdzie si\u0119 Dama! W ostateczno\u015bci Dama zamienia si\u0119 w Kr\u00f3la i pokazujesz wszystkie 3 karty, na kt\u00f3rych wida\u0107 3 Kr\u00f3li!\u00a0<\/span><\/p>\n<p>\u00a0<\/p>\n<p>Wymiary: 9&#8243; x 13&#8243;<\/p>\n<p>\u00a0<\/p>\n<p><strong>Polecamy,<\/strong><\/p>\n<p><strong>magiiik.pl<\/strong><\/p>\n<p><span style=\"font-size: 10pt;\"><strong>UWAGA!<\/strong><\/span><\/p>\n<p><span style=\"font-size: 10pt;\"><strong>Na ten rekwizyt nie obowi\u0105zuje \u017caden rabat!<\/strong><\/span><\/p>\n","protected":false},"excerpt":{"rendered":"<p><strong>3 Card Monte by Sumit Chhajer<\/strong><\/p>\n","protected":false},"featured_media":8328,"comment_status":"closed","ping_status":"open","template":"","meta":[],"product_brand":[],"product_cat":[65],"product_tag":[],"class_list":{"0":"post-8327","1":"product","2":"type-product","3":"status-publish","4":"has-post-thumbnail","6":"product_cat-iluzja-sceniczna-iluzja-sceniczna","8":"first","9":"instock","10":"purchasable","11":"product-type-simple"},"_links":{"self":[{"href":"https:\/\/magiiik.netstory.com.pl\/index.php?rest_route=\/wp\/v2\/product\/8327","targetHints":{"allow":["GET"]}}],"collection":[{"href":"https:\/\/magiiik.netstory.com.pl\/index.php?rest_route=\/wp\/v2\/product"}],"about":[{"href":"https:\/\/magiiik.netstory.com.pl\/index.php?rest_route=\/wp\/v2\/types\/product"}],"replies":[{"embeddable":true,"href":"https:\/\/magiiik.netstory.com.pl\/index.php?rest_route=%2Fwp%2Fv2%2Fcomments&post=8327"}],"wp:featuredmedia":[{"embeddable":true,"href":"https:\/\/magiiik.netstory.com.pl\/index.php?rest_route=\/wp\/v2\/media\/8328"}],"wp:attachment":[{"href":"https:\/\/magiiik.netstory.com.pl\/index.php?rest_route=%2Fwp%2Fv2%2Fmedia&parent=8327"}],"wp:term":[{"taxonomy":"product_brand","embeddable":true,"href":"https:\/\/magiiik.netstory.com.pl\/index.php?rest_route=%2Fwp%2Fv2%2Fproduct_brand&post=8327"},{"taxonomy":"product_cat","embeddable":true,"href":"https:\/\/magiiik.netstory.com.pl\/index.php?rest_route=%2Fwp%2Fv2%2Fproduct_cat&post=8327"},{"taxonomy":"product_tag","embeddable":true,"href":"https:\/\/magiiik.netstory.com.pl\/index.php?rest_route=%2Fwp%2Fv2%2Fproduct_tag&post=8327"}],"curies":[{"name":"wp","href":"https:\/\/api.w.org\/{rel}","templated":true}]}}