{"id":8319,"date":"2025-09-19T13:16:10","date_gmt":"2025-09-19T11:16:10","guid":{"rendered":"https:\/\/magiiik.netstory.com.pl\/produkt\/spider-pen-pro-by-mesika-akcesoria\/"},"modified":"2025-09-19T13:16:11","modified_gmt":"2025-09-19T11:16:11","slug":"spider-pen-pro-by-mesika-akcesoria","status":"publish","type":"product","link":"https:\/\/magiiik.netstory.com.pl\/?product=spider-pen-pro-by-mesika-akcesoria","title":{"rendered":"Spider Pen Pro by Mesika (akcesoria)"},"content":{"rendered":"<p style=\"text-align: center;\"><span style=\"font-size: 14pt; font-family: 'arial black', 'avant garde';\">Je\u015bli u\u017cywasz <strong>Spider Pen Pro<\/strong> i chcesz, aby Tw\u00f3j magiiiczny d\u0142ugopis by\u0142 mniej widoczny, mo\u017cesz dokupi\u0107 akcesoria i wymieni\u0107 je w swoim rekwizycie.<\/span><\/p>\n<p>\u00a0<\/p>\n","protected":false},"excerpt":{"rendered":"<p><strong>Spider Pen Pro by Mesika (akcesoria)<\/strong><\/p>\n","protected":false},"featured_media":8320,"comment_status":"closed","ping_status":"open","template":"","meta":[],"product_brand":[],"product_cat":[45],"product_tag":[],"class_list":{"0":"post-8319","1":"product","2":"type-product","3":"status-publish","4":"has-post-thumbnail","6":"product_cat-iluzja-sceniczna-lewitacja","8":"first","9":"instock","10":"purchasable","11":"product-type-simple"},"_links":{"self":[{"href":"https:\/\/magiiik.netstory.com.pl\/index.php?rest_route=\/wp\/v2\/product\/8319","targetHints":{"allow":["GET"]}}],"collection":[{"href":"https:\/\/magiiik.netstory.com.pl\/index.php?rest_route=\/wp\/v2\/product"}],"about":[{"href":"https:\/\/magiiik.netstory.com.pl\/index.php?rest_route=\/wp\/v2\/types\/product"}],"replies":[{"embeddable":true,"href":"https:\/\/magiiik.netstory.com.pl\/index.php?rest_route=%2Fwp%2Fv2%2Fcomments&post=8319"}],"wp:featuredmedia":[{"embeddable":true,"href":"https:\/\/magiiik.netstory.com.pl\/index.php?rest_route=\/wp\/v2\/media\/8320"}],"wp:attachment":[{"href":"https:\/\/magiiik.netstory.com.pl\/index.php?rest_route=%2Fwp%2Fv2%2Fmedia&parent=8319"}],"wp:term":[{"taxonomy":"product_brand","embeddable":true,"href":"https:\/\/magiiik.netstory.com.pl\/index.php?rest_route=%2Fwp%2Fv2%2Fproduct_brand&post=8319"},{"taxonomy":"product_cat","embeddable":true,"href":"https:\/\/magiiik.netstory.com.pl\/index.php?rest_route=%2Fwp%2Fv2%2Fproduct_cat&post=8319"},{"taxonomy":"product_tag","embeddable":true,"href":"https:\/\/magiiik.netstory.com.pl\/index.php?rest_route=%2Fwp%2Fv2%2Fproduct_tag&post=8319"}],"curies":[{"name":"wp","href":"https:\/\/api.w.org\/{rel}","templated":true}]}}