{"id":8316,"date":"2025-09-19T13:16:10","date_gmt":"2025-09-19T11:16:10","guid":{"rendered":"https:\/\/magiiik.netstory.com.pl\/produkt\/change-bag-torba-zamian-repeat-zipper-by-mr-magic\/"},"modified":"2025-09-19T13:16:10","modified_gmt":"2025-09-19T11:16:10","slug":"change-bag-torba-zamian-repeat-zipper-by-mr-magic","status":"publish","type":"product","link":"https:\/\/magiiik.netstory.com.pl\/?product=change-bag-torba-zamian-repeat-zipper-by-mr-magic","title":{"rendered":"Change Bag (Torba Zamian) Repeat Zipper by Mr. Magic"},"content":{"rendered":"<p style=\"text-align: center;\"><span style=\"font-size: 14pt; font-family: arial, helvetica, sans-serif;\"><strong>Change Bag (Torba Zamian)<\/strong> to jedno z najwa\u017cniejszych urz\u0105dze\u0144, kt\u00f3re musi posiada\u0107 ka\u017cdy profesjonalny iluzjonista.\u00a0<\/span><\/p>\n<p style=\"text-align: center;\"><span style=\"font-size: 14pt; font-family: arial, helvetica, sans-serif;\">Ten magiiiczny worek pomo\u017ce Ci wykona\u0107 ca\u0142\u0105 mas\u0119 r\u00f3\u017cnych efekt\u00f3w, kt\u00f3re zadziwi\u0105 ka\u017cdego widza! Pojawiania si\u0119 przedmiot\u00f3w, znikanie, zamiana chustek w confetti, 4 chustek w jedn\u0105 wielk\u0105, to tylko klasyczne, podstawowe efekty, do kt\u00f3rych mo\u017cesz wykorzysta\u0107 <strong>Torb\u0119 Zamian<\/strong>!\u00a0<\/span><\/p>\n<p style=\"text-align: center;\"><span style=\"color: #ff0000;\"><font face=\"arial, helvetica, sans-serif\"><span style=\"font-size: 18.6666660308838px;\">Podw\u00f3jna kiesze\u0144 z ekspresem!<\/span><\/font><\/span><\/p>\n<p style=\"text-align: center;\"><span style=\"font-family: arial, helvetica, sans-serif;\"><strong><span style=\"font-size: 14pt;\">Polecamy,<\/span><\/strong><\/span><\/p>\n<p style=\"text-align: center;\"><span style=\"font-family: arial, helvetica, sans-serif;\"><strong><span style=\"font-size: 14pt;\">magiiik.pl<\/span><\/strong><\/span><\/p>\n","protected":false},"excerpt":{"rendered":"<p><strong>Change Bag (Torba Zamian) by Mr. Magic<\/strong><\/p>\n","protected":false},"featured_media":8317,"comment_status":"closed","ping_status":"open","template":"","meta":[],"product_brand":[],"product_cat":[64],"product_tag":[],"class_list":{"0":"post-8316","1":"product","2":"type-product","3":"status-publish","4":"has-post-thumbnail","6":"product_cat-akcesoria-torby-zmian","8":"first","9":"instock","10":"purchasable","11":"product-type-simple"},"_links":{"self":[{"href":"https:\/\/magiiik.netstory.com.pl\/index.php?rest_route=\/wp\/v2\/product\/8316","targetHints":{"allow":["GET"]}}],"collection":[{"href":"https:\/\/magiiik.netstory.com.pl\/index.php?rest_route=\/wp\/v2\/product"}],"about":[{"href":"https:\/\/magiiik.netstory.com.pl\/index.php?rest_route=\/wp\/v2\/types\/product"}],"replies":[{"embeddable":true,"href":"https:\/\/magiiik.netstory.com.pl\/index.php?rest_route=%2Fwp%2Fv2%2Fcomments&post=8316"}],"wp:featuredmedia":[{"embeddable":true,"href":"https:\/\/magiiik.netstory.com.pl\/index.php?rest_route=\/wp\/v2\/media\/8317"}],"wp:attachment":[{"href":"https:\/\/magiiik.netstory.com.pl\/index.php?rest_route=%2Fwp%2Fv2%2Fmedia&parent=8316"}],"wp:term":[{"taxonomy":"product_brand","embeddable":true,"href":"https:\/\/magiiik.netstory.com.pl\/index.php?rest_route=%2Fwp%2Fv2%2Fproduct_brand&post=8316"},{"taxonomy":"product_cat","embeddable":true,"href":"https:\/\/magiiik.netstory.com.pl\/index.php?rest_route=%2Fwp%2Fv2%2Fproduct_cat&post=8316"},{"taxonomy":"product_tag","embeddable":true,"href":"https:\/\/magiiik.netstory.com.pl\/index.php?rest_route=%2Fwp%2Fv2%2Fproduct_tag&post=8316"}],"curies":[{"name":"wp","href":"https:\/\/api.w.org\/{rel}","templated":true}]}}