{"id":8314,"date":"2025-09-19T13:15:43","date_gmt":"2025-09-19T11:15:43","guid":{"rendered":"https:\/\/magiiik.netstory.com.pl\/produkt\/hydro\/"},"modified":"2025-09-19T13:16:03","modified_gmt":"2025-09-19T11:16:03","slug":"hydro","status":"publish","type":"product","link":"https:\/\/magiiik.netstory.com.pl\/?product=hydro","title":{"rendered":"HYDRO"},"content":{"rendered":"<p style=\"text-align: center;\"><span style=\"font-size: 14pt; font-family: 'arial black', 'avant garde';\">Po\u017cyczasz od widza butelk\u0119 pe\u0142n\u0105 p\u0142ynu (woda, nap\u00f3j, piwo itp.) i k\u0142adziesz d\u0142o\u0144 nad otworem. Po odwr\u00f3ceniu butelki do do\u0142u, zabierasz d\u0142o\u0144, a p\u0142yn pozostaje zawieszony wewn\u0105trz! Efekt niesamowity!<\/span><\/p>\n<p style=\"text-align: center;\"><span style=\"font-size: 14pt; font-family: 'arial black', 'avant garde';\">Mo\u017cesz teraz wprowadzi\u0107 przez otw\u00f3r do butelki wyka\u0142aczk\u0119, b\u0105d\u017a zapa\u0142k\u0119, aby udowodni\u0107, \u017ce butelki nic nie blokuje. To genialny trick, kt\u00f3ry mo\u017cesz pokaza\u0107 dos\u0142ownie wsz\u0119dzie!\u00a0<\/span><\/p>\n<p style=\"text-align: center;\"><span style=\"font-size: 14pt; font-family: 'arial black', 'avant garde';\">Gimmick i dok\u0142adna instrukcja w zestawie.<\/span><\/p>\n<p style=\"text-align: center;\"><strong><span style=\"font-size: 14pt; font-family: 'arial black', 'avant garde';\">Polecamy,<\/span><\/strong><\/p>\n<p style=\"text-align: center;\"><strong><span style=\"font-size: 14pt; font-family: 'arial black', 'avant garde';\">magiiik.pl<\/span><\/strong><\/p>\n","protected":false},"excerpt":{"rendered":"<p><strong>HYDRO<\/strong><\/p>\n","protected":false},"featured_media":8315,"comment_status":"closed","ping_status":"open","template":"","meta":[],"product_brand":[],"product_cat":[34],"product_tag":[],"class_list":{"0":"post-8314","1":"product","2":"type-product","3":"status-publish","4":"has-post-thumbnail","6":"product_cat-mikro-iluzja-close-up-inne","8":"first","9":"instock","10":"purchasable","11":"product-type-simple"},"_links":{"self":[{"href":"https:\/\/magiiik.netstory.com.pl\/index.php?rest_route=\/wp\/v2\/product\/8314","targetHints":{"allow":["GET"]}}],"collection":[{"href":"https:\/\/magiiik.netstory.com.pl\/index.php?rest_route=\/wp\/v2\/product"}],"about":[{"href":"https:\/\/magiiik.netstory.com.pl\/index.php?rest_route=\/wp\/v2\/types\/product"}],"replies":[{"embeddable":true,"href":"https:\/\/magiiik.netstory.com.pl\/index.php?rest_route=%2Fwp%2Fv2%2Fcomments&post=8314"}],"wp:featuredmedia":[{"embeddable":true,"href":"https:\/\/magiiik.netstory.com.pl\/index.php?rest_route=\/wp\/v2\/media\/8315"}],"wp:attachment":[{"href":"https:\/\/magiiik.netstory.com.pl\/index.php?rest_route=%2Fwp%2Fv2%2Fmedia&parent=8314"}],"wp:term":[{"taxonomy":"product_brand","embeddable":true,"href":"https:\/\/magiiik.netstory.com.pl\/index.php?rest_route=%2Fwp%2Fv2%2Fproduct_brand&post=8314"},{"taxonomy":"product_cat","embeddable":true,"href":"https:\/\/magiiik.netstory.com.pl\/index.php?rest_route=%2Fwp%2Fv2%2Fproduct_cat&post=8314"},{"taxonomy":"product_tag","embeddable":true,"href":"https:\/\/magiiik.netstory.com.pl\/index.php?rest_route=%2Fwp%2Fv2%2Fproduct_tag&post=8314"}],"curies":[{"name":"wp","href":"https:\/\/api.w.org\/{rel}","templated":true}]}}