{"id":8306,"date":"2025-09-19T13:15:43","date_gmt":"2025-09-19T11:15:43","guid":{"rendered":"https:\/\/magiiik.netstory.com.pl\/produkt\/znikajaca-laska-srebrna-fantasio\/"},"modified":"2025-09-19T13:16:02","modified_gmt":"2025-09-19T11:16:02","slug":"znikajaca-laska-srebrna-fantasio","status":"publish","type":"product","link":"https:\/\/magiiik.netstory.com.pl\/?product=znikajaca-laska-srebrna-fantasio","title":{"rendered":"Znikaj\u0105ca laska (srebrna) &#8211; Fantasio"},"content":{"rendered":"<p style=\"text-align: center;\"><strong><span style=\"font-size: 19px; font-family: 'arial black', 'avant garde';\">Magik prezentuje solidn\u0105 lask\u0119 spacerow\u0105, kt\u00f3ra w mgnieniu oka znika, b\u0105d\u017a przemienia si\u0119 w chusteczki i confetti.<\/span><\/strong><\/p>\n","protected":false},"excerpt":{"rendered":"<p><strong>Znikaj\u0105ca laska (srebrna) &#8211; Fantasio<\/strong><\/p>\n","protected":false},"featured_media":8307,"comment_status":"closed","ping_status":"open","template":"","meta":[],"product_brand":[],"product_cat":[39],"product_tag":[],"class_list":{"0":"post-8306","1":"product","2":"type-product","3":"status-publish","4":"has-post-thumbnail","6":"product_cat-iluzja-sceniczna-laski-swieczki","8":"first","9":"instock","10":"purchasable","11":"product-type-simple"},"_links":{"self":[{"href":"https:\/\/magiiik.netstory.com.pl\/index.php?rest_route=\/wp\/v2\/product\/8306","targetHints":{"allow":["GET"]}}],"collection":[{"href":"https:\/\/magiiik.netstory.com.pl\/index.php?rest_route=\/wp\/v2\/product"}],"about":[{"href":"https:\/\/magiiik.netstory.com.pl\/index.php?rest_route=\/wp\/v2\/types\/product"}],"replies":[{"embeddable":true,"href":"https:\/\/magiiik.netstory.com.pl\/index.php?rest_route=%2Fwp%2Fv2%2Fcomments&post=8306"}],"wp:featuredmedia":[{"embeddable":true,"href":"https:\/\/magiiik.netstory.com.pl\/index.php?rest_route=\/wp\/v2\/media\/8307"}],"wp:attachment":[{"href":"https:\/\/magiiik.netstory.com.pl\/index.php?rest_route=%2Fwp%2Fv2%2Fmedia&parent=8306"}],"wp:term":[{"taxonomy":"product_brand","embeddable":true,"href":"https:\/\/magiiik.netstory.com.pl\/index.php?rest_route=%2Fwp%2Fv2%2Fproduct_brand&post=8306"},{"taxonomy":"product_cat","embeddable":true,"href":"https:\/\/magiiik.netstory.com.pl\/index.php?rest_route=%2Fwp%2Fv2%2Fproduct_cat&post=8306"},{"taxonomy":"product_tag","embeddable":true,"href":"https:\/\/magiiik.netstory.com.pl\/index.php?rest_route=%2Fwp%2Fv2%2Fproduct_tag&post=8306"}],"curies":[{"name":"wp","href":"https:\/\/api.w.org\/{rel}","templated":true}]}}