{"id":8275,"date":"2025-09-19T13:15:43","date_gmt":"2025-09-19T11:15:43","guid":{"rendered":"https:\/\/magiiik.netstory.com.pl\/produkt\/at-the-table-live-lecture-joshua-jay\/"},"modified":"2025-09-19T13:15:49","modified_gmt":"2025-09-19T11:15:49","slug":"at-the-table-live-lecture-joshua-jay","status":"publish","type":"product","link":"https:\/\/magiiik.netstory.com.pl\/?product=at-the-table-live-lecture-joshua-jay","title":{"rendered":"At The Table Live Lecture &#8211; Joshua Jay"},"content":{"rendered":"<p style=\"text-align: left;\"><span style=\"font-size: 14pt; font-family: 'arial black', 'avant garde';\"><strong>Joshua Jay\u00a0<\/strong>&#8211; to wytrawny d\u017centelmen w \u015bwiecie magii, kt\u00f3rego wszyscy znaj\u0105. Opublikowa\u0142 liczne artyku\u0142y, Jego DVD instrukta\u017cowe s\u0105 jednymi z najlepiej sprzedaj\u0105cych si\u0119 na \u015bwiecie, autor bestsellerowej ksi\u0105\u017cki, Jego efekty i procedury s\u0105 ol\u015bniewaj\u0105ce! Wyk\u0142ad ten b\u0119dzie zawiera\u0142 wiele publikowanych trick\u00f3w, jak i takie, kt\u00f3rych jeszcze nigdy nie widzia\u0142e\u015b.\u00a0<strong>Joshua<\/strong>\u00a0przedstawi zr\u00f3\u017cnicowane efekty, aby ka\u017cdy znalaz\u0142 co\u015b dla siebie!<\/span><\/p>\n<p style=\"text-align: center;\">\u00a0<\/p>\n<p style=\"font-size: 12px; font-family: Tahoma, Arial, sans-serif; text-align: center;\"><span style=\"font-size: 14pt;\"><span style=\"font-family: arial, helvetica, sans-serif;\">Pami\u0119taj, \u017ce\u00a0<strong>At The Table<\/strong>\u00a0umo\u017cliwia r\u00f3wnie\u017c chat, aby\u015b m\u00f3g\u0142\u00a0na \u017cywo\u00a0zada\u0107 swoje pytania do prowadz\u0105cego!\u00a0<\/span>\u00a0<\/span><\/p>\n<p style=\"font-size: 12px; font-family: Tahoma, Arial, sans-serif; text-align: center;\"><span style=\"font-size: 14pt; font-family: arial, helvetica, sans-serif;\"><strong>KUP JU\u017b TERAZ<\/strong>\u00a0bilet i ucz si\u0119 od najlepszych!<\/span><\/p>\n<p style=\"font-size: 12px; font-family: Tahoma, Arial, sans-serif; text-align: center;\"><span style=\"font-size: 14pt; font-family: arial, helvetica, sans-serif;\"><iframe loading=\"lazy\" src=\"\/\/www.youtube.com\/embed\/r6IauduQK7o\" width=\"425\" height=\"350\"><\/iframe><\/span><\/p>\n<p>\u00a0<\/p>\n<p style=\"font-size: 12px; font-family: Tahoma, Arial, sans-serif;\"><span style=\"font-size: 14pt;\">POLECAMY, \u00a0<\/span><\/p>\n<p style=\"font-size: 12px; font-family: Tahoma, Arial, sans-serif;\"><span style=\"font-size: 14pt;\">magiiik.pl\u00a0<\/span><\/p>\n<p style=\"font-size: 12px; font-family: Tahoma, Arial, sans-serif;\">UWAGA!<\/p>\n<p style=\"font-size: 12px; font-family: Tahoma, Arial, sans-serif;\">Szkolenie jest w j\u0119zyku angielskim!<\/p>\n<p style=\"font-size: 12px; font-family: Tahoma, Arial, sans-serif;\">Na seri\u0119 &#8222;At The Table&#8221; nie obowi\u0105zuje \u017bADEN rabat!<\/p>\n","protected":false},"excerpt":{"rendered":"<p><strong>At The Table Live Lecture &#8211; Joshua Jay<\/strong><\/p>\n","protected":false},"featured_media":8276,"comment_status":"closed","ping_status":"open","template":"","meta":[],"product_brand":[],"product_cat":[50],"product_tag":[],"class_list":{"0":"post-8275","1":"product","2":"type-product","3":"status-publish","4":"has-post-thumbnail","6":"product_cat-ksiazki-dvd-download-downloads-at-the-table","8":"first","9":"instock","10":"purchasable","11":"product-type-simple"},"_links":{"self":[{"href":"https:\/\/magiiik.netstory.com.pl\/index.php?rest_route=\/wp\/v2\/product\/8275","targetHints":{"allow":["GET"]}}],"collection":[{"href":"https:\/\/magiiik.netstory.com.pl\/index.php?rest_route=\/wp\/v2\/product"}],"about":[{"href":"https:\/\/magiiik.netstory.com.pl\/index.php?rest_route=\/wp\/v2\/types\/product"}],"replies":[{"embeddable":true,"href":"https:\/\/magiiik.netstory.com.pl\/index.php?rest_route=%2Fwp%2Fv2%2Fcomments&post=8275"}],"wp:featuredmedia":[{"embeddable":true,"href":"https:\/\/magiiik.netstory.com.pl\/index.php?rest_route=\/wp\/v2\/media\/8276"}],"wp:attachment":[{"href":"https:\/\/magiiik.netstory.com.pl\/index.php?rest_route=%2Fwp%2Fv2%2Fmedia&parent=8275"}],"wp:term":[{"taxonomy":"product_brand","embeddable":true,"href":"https:\/\/magiiik.netstory.com.pl\/index.php?rest_route=%2Fwp%2Fv2%2Fproduct_brand&post=8275"},{"taxonomy":"product_cat","embeddable":true,"href":"https:\/\/magiiik.netstory.com.pl\/index.php?rest_route=%2Fwp%2Fv2%2Fproduct_cat&post=8275"},{"taxonomy":"product_tag","embeddable":true,"href":"https:\/\/magiiik.netstory.com.pl\/index.php?rest_route=%2Fwp%2Fv2%2Fproduct_tag&post=8275"}],"curies":[{"name":"wp","href":"https:\/\/api.w.org\/{rel}","templated":true}]}}