{"id":8271,"date":"2025-09-19T13:15:43","date_gmt":"2025-09-19T11:15:43","guid":{"rendered":"https:\/\/magiiik.netstory.com.pl\/produkt\/at-the-table-live-lecture-sezon-5\/"},"modified":"2025-09-19T13:15:48","modified_gmt":"2025-09-19T11:15:48","slug":"at-the-table-live-lecture-sezon-5","status":"publish","type":"product","link":"https:\/\/magiiik.netstory.com.pl\/?product=at-the-table-live-lecture-sezon-5","title":{"rendered":"At The Table Live Lecture &#8211; SEZON 5"},"content":{"rendered":"<p style=\"font-size: 12px; font-family: Tahoma, Arial, sans-serif; text-align: center;\"><strong><span style=\"font-size: 14pt; font-family: 'arial black', 'avant garde';\">At The Table SEZON 5!\u00a0<\/span><\/strong><\/p>\n<p style=\"font-size: 12px; font-family: Tahoma, Arial, sans-serif; text-align: center;\"><span style=\"font-size: 14pt; font-family: 'arial black', 'avant garde';\">Dalej utrzymujemy si\u0119 w standardzie &#8211; szkolenie\u00a0<strong>CO TYDZIE\u0143<\/strong>! \ud83d\ude42<\/span><\/p>\n<p style=\"font-size: 12px; font-family: Tahoma, Arial, sans-serif; text-align: center;\"><span style=\"font-size: 14pt; font-family: 'arial black', 'avant garde';\">5 ekskluzywnych i niesamowitych wyk\u0142ad\u00f3w ju\u017c w pa\u017adzierniku!\u00a0<\/span><\/p>\n<p style=\"font-size: 12px; font-family: Tahoma, Arial, sans-serif; text-align: center;\"><span style=\"font-size: 14pt; font-family: 'arial black', 'avant garde';\">TERAZ\u00a0mo\u017cesz wykupi\u0107\u00a0bilet za jedyne\u00a0<strong>150 z\u0142.<\/strong>\u00a0i uczestniczy\u0107 we wszystkich <strong>5<\/strong> wyk\u0142adach\u00a0oraz zosta\u0107\u00a0<strong>VIP<\/strong>&#8217;em!\u00a0<\/span><\/p>\n<p style=\"font-size: 12px; font-family: Tahoma, Arial, sans-serif; text-align: center;\"><span style=\"font-size: 14pt; font-family: 'arial black', 'avant garde';\">\u00a0<\/span><\/p>\n<p style=\"font-size: 12px; font-family: Tahoma, Arial, sans-serif; text-align: center;\"><span style=\"font-size: 14pt; font-family: 'arial black', 'avant garde';\">Co to oznacza &#8222;zosta\u0107 VIP&#8217;em&#8221;?<\/span><\/p>\n<p style=\"font-size: 12px; font-family: Tahoma, Arial, sans-serif; text-align: center;\"><strong><span style=\"font-size: 14pt; font-family: 'arial black', 'avant garde';\">Oznacza to, \u017ce wszystkie 5 wyk\u0142ad\u00f3w dostaniesz za cen\u0119 2!\u00a0<\/span><\/strong><\/p>\n<p style=\"font-size: 12px; font-family: Tahoma, Arial, sans-serif; text-align: center;\">\u00a0<\/p>\n<p style=\"text-align: center;\"><strong><span style=\"font-size: 14pt; font-family: 'arial black', 'avant garde';\">Pa\u017adziernik b\u0119dzie miesi\u0105cem magii!!!<\/span><\/strong><\/p>\n<p style=\"text-align: center;\"><span style=\"font-size: 14pt; font-family: 'arial black', 'avant garde';\">Dlaczego warto kupi\u0107 ju\u017c dzi\u015b bilet na nowy, <strong>5 SEZON AT THE TABLE<\/strong>? Mamy a\u017c 5 powod\u00f3w:\u00a0<strong>John Archer, Joshua Jay, Caleb Wiles, Nick Einhorn <\/strong>i<strong> Mark Calabrese!<\/strong><\/span><\/p>\n<p style=\"text-align: center;\">\u00a0<\/p>\n<p><span style=\"font-size: 14pt; font-family: 'arial black', 'avant garde';\"><strong>John Archer<\/strong> &#8211; <strong>stand-up<\/strong> i <strong>comedy magic<\/strong>. Iluzjonista z Wielkiej Brytanii. Wyst\u0119powa\u0142 w wielu programach telewizyjnych i serialach. Je\u015bli chcesz pozna\u0107 tajniki <strong>comedy magic<\/strong> i <strong>iluzji scenicznej<\/strong>, to nie mo\u017cesz przegapi\u0107 tego wydarzenia!\u00a0<\/span><\/p>\n<p><span style=\"font-size: 14pt; font-family: 'arial black', 'avant garde';\"><strong>Joshua Jay<\/strong>\u00a0&#8211; to wytrawny d\u017centelmen w \u015bwiecie magii, kt\u00f3rego wszyscy znaj\u0105. Opublikowa\u0142 liczne artyku\u0142y, Jego DVD instrukta\u017cowe s\u0105 jednymi z najlepiej sprzedaj\u0105cych si\u0119 na \u015bwiecie, autor bestsellerowej ksi\u0105\u017cki, Jego efekty i procedury s\u0105 ol\u015bniewaj\u0105ce! Wyk\u0142ad ten b\u0119dzie zawiera\u0142 wiele publikowanych trick\u00f3w, jak i takie, kt\u00f3rych jeszcze nigdy nie widzia\u0142e\u015b. <strong>Joshua<\/strong> przedstawi zr\u00f3\u017cnicowane efekty, aby ka\u017cdy znalaz\u0142 co\u015b dla siebie!<\/span><\/p>\n<p><span style=\"font-size: 14pt; font-family: 'arial black', 'avant garde';\"><strong>Caleb Wiles<\/strong>\u00a0&#8211; nale\u017cy zobaczy\u0107, aby uwierzy\u0107 w magi\u0119! Jego magia jest niezwyk\u0142a! To autor i felietonista magicznego magazynu <strong>Genii<\/strong>. Jego wyk\u0142ad b\u0119dzie pe\u0142en niesamowitych procedur i trick\u00f3w, kt\u00f3re zosta\u0142y bardzo entuzjastycznie przyj\u0119te przez wielu krytyk\u00f3w w magii.\u00a0<\/span><\/p>\n<p><span style=\"font-size: 14pt; font-family: 'arial black', 'avant garde';\"><strong>Nick Einhorn<\/strong>\u00a0&#8211; to kolejny niezwyk\u0142y talent, kt\u00f3ry trzeba zobaczy\u0107! <strong>Nick<\/strong> zaprezentuje Ci wyk\u0142ad, kt\u00f3rego nie zapomnisz! Jest autorem licznych ksi\u0105\u017cek i magicznych efekt\u00f3w.\u00a0<\/span><\/p>\n<p><span style=\"font-size: 14pt; font-family: 'arial black', 'avant garde';\"><strong> Mark Calabrese &#8211;<\/strong> by\u0142 kreatywnym konsultantem mi\u0119dzy innymi <strong>Criss<\/strong>&#8217;a <strong>Angel<\/strong>&#8217;a. \u017byje z iluzji. Jego efekty magiczne s\u0105 w stanie zaskoczy\u0107 i zadziwi\u0107 niejednego magika! Musisz to zobaczy\u0107!<\/span><\/p>\n<p style=\"text-align: center;\"><strong><span style=\"font-size: 14pt; font-family: 'arial black', 'avant garde';\">Ten sezon zapowiada si\u0119 bombowo!<\/span><\/strong><\/p>\n<p style=\"font-size: 12px; font-family: Tahoma, Arial, sans-serif; text-align: center;\"><span style=\"font-size: 14pt; font-family: 'arial black', 'avant garde';\">Zosta\u0144 VIP&#8217;em ju\u017c DZISIAJ,\u00a0a otrzymasz &#8222;miejsce w pierwszym rz\u0119dzie&#8221; na\u00a0wszystkie 5 wyk\u0142ad\u00f3w za jedyne\u00a0<strong>150 z\u0142.!\u00a0<\/strong><\/span><\/p>\n<p style=\"font-size: 12px; font-family: Tahoma, Arial, sans-serif;\"><span style=\"font-size: 14pt; font-family: 'arial black', 'avant garde';\">\u00a0<\/span><\/p>\n<p style=\"font-size: 12px; font-family: Tahoma, Arial, sans-serif;\"><span style=\"font-size: 14pt; font-family: 'arial black', 'avant garde';\">POLECAMY,<\/span><\/p>\n<p style=\"font-size: 12px; font-family: Tahoma, Arial, sans-serif;\"><span style=\"font-size: 14pt; font-family: 'arial black', 'avant garde';\">magiiik.pl<\/span><\/p>\n<p style=\"font-size: 12px; font-family: Tahoma, Arial, sans-serif;\"><span style=\"font-size: 10pt; font-family: 'arial black', 'avant garde';\">UWAGA!<\/span><\/p>\n<p style=\"font-size: 12px; font-family: Tahoma, Arial, sans-serif;\"><span style=\"font-size: 10pt; font-family: 'arial black', 'avant garde';\">J\u0119zyk angielski<\/span><\/p>\n<p style=\"font-size: 12px; font-family: Tahoma, Arial, sans-serif;\"><span style=\"font-size: 10pt; font-family: 'arial black', 'avant garde';\">Na seri\u0119 AT THE TABLE nie obowi\u0105zuje \u017bADEN rabat!<\/span><\/p>\n","protected":false},"excerpt":{"rendered":"<p><strong>At The Table Live Lecture &#8211; SEZON 5<\/strong><\/p>\n","protected":false},"featured_media":8272,"comment_status":"closed","ping_status":"open","template":"","meta":[],"product_brand":[],"product_cat":[50],"product_tag":[],"class_list":{"0":"post-8271","1":"product","2":"type-product","3":"status-publish","4":"has-post-thumbnail","6":"product_cat-ksiazki-dvd-download-downloads-at-the-table","8":"first","9":"instock","10":"purchasable","11":"product-type-simple"},"_links":{"self":[{"href":"https:\/\/magiiik.netstory.com.pl\/index.php?rest_route=\/wp\/v2\/product\/8271","targetHints":{"allow":["GET"]}}],"collection":[{"href":"https:\/\/magiiik.netstory.com.pl\/index.php?rest_route=\/wp\/v2\/product"}],"about":[{"href":"https:\/\/magiiik.netstory.com.pl\/index.php?rest_route=\/wp\/v2\/types\/product"}],"replies":[{"embeddable":true,"href":"https:\/\/magiiik.netstory.com.pl\/index.php?rest_route=%2Fwp%2Fv2%2Fcomments&post=8271"}],"wp:featuredmedia":[{"embeddable":true,"href":"https:\/\/magiiik.netstory.com.pl\/index.php?rest_route=\/wp\/v2\/media\/8272"}],"wp:attachment":[{"href":"https:\/\/magiiik.netstory.com.pl\/index.php?rest_route=%2Fwp%2Fv2%2Fmedia&parent=8271"}],"wp:term":[{"taxonomy":"product_brand","embeddable":true,"href":"https:\/\/magiiik.netstory.com.pl\/index.php?rest_route=%2Fwp%2Fv2%2Fproduct_brand&post=8271"},{"taxonomy":"product_cat","embeddable":true,"href":"https:\/\/magiiik.netstory.com.pl\/index.php?rest_route=%2Fwp%2Fv2%2Fproduct_cat&post=8271"},{"taxonomy":"product_tag","embeddable":true,"href":"https:\/\/magiiik.netstory.com.pl\/index.php?rest_route=%2Fwp%2Fv2%2Fproduct_tag&post=8271"}],"curies":[{"name":"wp","href":"https:\/\/api.w.org\/{rel}","templated":true}]}}