{"id":8269,"date":"2025-09-19T13:15:43","date_gmt":"2025-09-19T11:15:43","guid":{"rendered":"https:\/\/magiiik.netstory.com.pl\/produkt\/walletrix-by-deepak-mishra-i-oliver-smith-download\/"},"modified":"2025-09-19T13:15:47","modified_gmt":"2025-09-19T11:15:47","slug":"walletrix-by-deepak-mishra-i-oliver-smith-download","status":"publish","type":"product","link":"https:\/\/magiiik.netstory.com.pl\/?product=walletrix-by-deepak-mishra-i-oliver-smith-download","title":{"rendered":"Walletrix by Deepak Mishra i Oliver Smith DOWNLOAD"},"content":{"rendered":"<p style=\"text-align: center;\"><span style=\"font-size: 14pt; font-family: 'arial black', 'avant garde';\"><strong>Walletrix<\/strong> jest pierwszym projektem w historii, kt\u00f3ry obejmuje 6 niesamowitych efekt\u00f3w, kt\u00f3re mo\u017cna zrobi\u0107 przy u\u017cyciu normalnego zwyk\u0142ego ungimmicked portfela!<\/span><\/p>\n<p style=\"text-align: center;\"><span style=\"font-size: 14pt; font-family: 'arial black', 'avant garde';\"><iframe loading=\"lazy\" src=\"\/\/www.youtube.com\/embed\/N4hg3F8WsBM\" width=\"425\" height=\"350\"><\/iframe><\/span><\/p>\n<p>\u00a0<\/p>\n<p><span style=\"font-size: 14pt; font-family: 'arial black', 'avant garde';\">Co jest takiego specjalnego w tym projekcie? <\/span><br \/><span style=\"font-size: 14pt; font-family: 'arial black', 'avant garde';\">1) 6 super niesamowitych efekt\u00f3w magicznych;<\/span><br \/><span style=\"font-size: 14pt; font-family: 'arial black', 'avant garde';\">2) Nie wymaga specjalnych umiej\u0119tno\u015bci;<\/span><br \/><span style=\"font-size: 14pt; font-family: 'arial black', 'avant garde';\">3) Mo\u017cna wykona\u0107 z wi\u0119kszo\u015bci\u0105 portfeli;<\/span><br \/><span style=\"font-size: 14pt; font-family: 'arial black', 'avant garde';\">4) Sztuczka bardzo prosta w wykonaniu;<\/span><br \/><span style=\"font-size: 14pt; font-family: 'arial black', 'avant garde';\">5) Portfel mo\u017cna da\u0107 do sprawdzenia.<\/span><\/p>\n<p>\u00a0<\/p>\n<p><strong><span style=\"font-size: 14pt; font-family: 'arial black', 'avant garde';\">Polecamy,<\/span><\/strong><\/p>\n<p><strong><span style=\"font-size: 14pt; font-family: 'arial black', 'avant garde';\">magiiik.pl<\/span><\/strong><\/p>\n<p><span style=\"font-size: 10pt;\">UWAGA!<\/span><\/p>\n<p><span style=\"font-size: 10pt;\">wersja do pobrania<\/span><\/p>\n<p><span style=\"font-size: 10pt;\">j\u0119zyk angielski<\/span><\/p>\n","protected":false},"excerpt":{"rendered":"<p><strong><span style=\"color: #444444; font-size: 19px; font-family: 'Segoe UI', Arial, Helvetica, sans-serif;\">Walletrix by Deepak Mishra i Oliver Smith<\/span><\/strong><\/p>\n","protected":false},"featured_media":8270,"comment_status":"closed","ping_status":"open","template":"","meta":[],"product_brand":[],"product_cat":[55],"product_tag":[],"class_list":{"0":"post-8269","1":"product","2":"type-product","3":"status-publish","4":"has-post-thumbnail","6":"product_cat-ksiazki-dvd-download-downloads","8":"first","9":"instock","10":"purchasable","11":"product-type-simple"},"_links":{"self":[{"href":"https:\/\/magiiik.netstory.com.pl\/index.php?rest_route=\/wp\/v2\/product\/8269","targetHints":{"allow":["GET"]}}],"collection":[{"href":"https:\/\/magiiik.netstory.com.pl\/index.php?rest_route=\/wp\/v2\/product"}],"about":[{"href":"https:\/\/magiiik.netstory.com.pl\/index.php?rest_route=\/wp\/v2\/types\/product"}],"replies":[{"embeddable":true,"href":"https:\/\/magiiik.netstory.com.pl\/index.php?rest_route=%2Fwp%2Fv2%2Fcomments&post=8269"}],"wp:featuredmedia":[{"embeddable":true,"href":"https:\/\/magiiik.netstory.com.pl\/index.php?rest_route=\/wp\/v2\/media\/8270"}],"wp:attachment":[{"href":"https:\/\/magiiik.netstory.com.pl\/index.php?rest_route=%2Fwp%2Fv2%2Fmedia&parent=8269"}],"wp:term":[{"taxonomy":"product_brand","embeddable":true,"href":"https:\/\/magiiik.netstory.com.pl\/index.php?rest_route=%2Fwp%2Fv2%2Fproduct_brand&post=8269"},{"taxonomy":"product_cat","embeddable":true,"href":"https:\/\/magiiik.netstory.com.pl\/index.php?rest_route=%2Fwp%2Fv2%2Fproduct_cat&post=8269"},{"taxonomy":"product_tag","embeddable":true,"href":"https:\/\/magiiik.netstory.com.pl\/index.php?rest_route=%2Fwp%2Fv2%2Fproduct_tag&post=8269"}],"curies":[{"name":"wp","href":"https:\/\/api.w.org\/{rel}","templated":true}]}}