{"id":8259,"date":"2025-09-19T13:15:43","date_gmt":"2025-09-19T11:15:43","guid":{"rendered":"https:\/\/magiiik.netstory.com.pl\/produkt\/evanesce-by-eric-jones-download\/"},"modified":"2025-09-19T13:15:43","modified_gmt":"2025-09-19T11:15:43","slug":"evanesce-by-eric-jones-download","status":"publish","type":"product","link":"https:\/\/magiiik.netstory.com.pl\/?product=evanesce-by-eric-jones-download","title":{"rendered":"Evanesce by Eric Jones DOWNLOAD"},"content":{"rendered":"<p style=\"text-align: center;\"><span style=\"font-size: 12pt; font-family: 'arial black', 'avant garde';\">Mistrz magii z monetami, <strong>Eric James<\/strong> oferuje niesamowite, nowe znikni\u0119cie monety, kt\u00f3re jest szalone i pi\u0119kne!\u00a0<\/span><\/p>\n<p style=\"text-align: center;\"><span style=\"font-size: 12pt; font-family: 'arial black', 'avant garde';\">Wyobra\u017a sobie, \u017ce monety znikaj\u0105 w Twojej r\u0119ce w najbardziej niesamowity spos\u00f3b, a do tego trick mo\u017cesz wykona\u0107 ca\u0142kiem nago! \ud83d\ude42\u00a0<\/span><\/p>\n<p style=\"text-align: center;\"><span style=\"font-size: 12pt; font-family: 'arial black', 'avant garde';\"><strong>Eric<\/strong> nauczy Ci\u0119 nowych i unikalnych technik, kt\u00f3re przydadz\u0105 Ci si\u0119 w Twojej karierze magika. To <strong>13 minutowe video<\/strong> jest pe\u0142ne doskona\u0142ych technik, profesjonalnych porad, kt\u00f3re z czasem mo\u017cna doda\u0107 do swojego repertuaru.<\/span><\/p>\n<p style=\"text-align: center;\">\u00a0<iframe loading=\"lazy\" src=\"\/\/www.youtube.com\/embed\/CqRntV8hM1Q\" width=\"425\" height=\"350\"><\/iframe><\/p>\n<p><span style=\"font-size: 12pt; font-family: 'arial black', 'avant garde';\">Z tego video nauczysz si\u0119:<\/span><\/p>\n<p><strong><span style=\"font-size: 12pt; font-family: 'arial black', 'avant garde';\">&#8211; JW Grip;<\/span><\/strong><\/p>\n<p><strong>&#8211; Wyb\u00f3r monet;<\/strong><\/p>\n<p><strong>&#8211; JW Grip Muscle Pass<\/strong><\/p>\n<p><strong>&#8211; Evanesce: podstawowe techniki;<\/strong><\/p>\n<p><strong>&#8211; Profesjonalne porady.<\/strong><\/p>\n<p>\u00a0<\/p>\n<p><strong>Polecamy,<\/strong><\/p>\n<p><strong>magiiik.pl<\/strong><\/p>\n<p>\u00a0<\/p>\n<p><span style=\"font-size: 10pt;\">UWAGA!<\/span><\/p>\n<p><span style=\"font-size: 10pt;\">Wersja do pobrania;<\/span><\/p>\n<p><span style=\"font-size: 10pt;\">J\u0119zyk angielski<\/span><\/p>\n","protected":false},"excerpt":{"rendered":"<p><strong>Evanesce by Eric Jones<\/strong><\/p>\n","protected":false},"featured_media":8260,"comment_status":"closed","ping_status":"open","template":"","meta":[],"product_brand":[],"product_cat":[55],"product_tag":[],"class_list":{"0":"post-8259","1":"product","2":"type-product","3":"status-publish","4":"has-post-thumbnail","6":"product_cat-ksiazki-dvd-download-downloads","8":"first","9":"instock","10":"purchasable","11":"product-type-simple"},"_links":{"self":[{"href":"https:\/\/magiiik.netstory.com.pl\/index.php?rest_route=\/wp\/v2\/product\/8259","targetHints":{"allow":["GET"]}}],"collection":[{"href":"https:\/\/magiiik.netstory.com.pl\/index.php?rest_route=\/wp\/v2\/product"}],"about":[{"href":"https:\/\/magiiik.netstory.com.pl\/index.php?rest_route=\/wp\/v2\/types\/product"}],"replies":[{"embeddable":true,"href":"https:\/\/magiiik.netstory.com.pl\/index.php?rest_route=%2Fwp%2Fv2%2Fcomments&post=8259"}],"wp:featuredmedia":[{"embeddable":true,"href":"https:\/\/magiiik.netstory.com.pl\/index.php?rest_route=\/wp\/v2\/media\/8260"}],"wp:attachment":[{"href":"https:\/\/magiiik.netstory.com.pl\/index.php?rest_route=%2Fwp%2Fv2%2Fmedia&parent=8259"}],"wp:term":[{"taxonomy":"product_brand","embeddable":true,"href":"https:\/\/magiiik.netstory.com.pl\/index.php?rest_route=%2Fwp%2Fv2%2Fproduct_brand&post=8259"},{"taxonomy":"product_cat","embeddable":true,"href":"https:\/\/magiiik.netstory.com.pl\/index.php?rest_route=%2Fwp%2Fv2%2Fproduct_cat&post=8259"},{"taxonomy":"product_tag","embeddable":true,"href":"https:\/\/magiiik.netstory.com.pl\/index.php?rest_route=%2Fwp%2Fv2%2Fproduct_tag&post=8259"}],"curies":[{"name":"wp","href":"https:\/\/api.w.org\/{rel}","templated":true}]}}