{"id":8257,"date":"2025-09-19T13:15:43","date_gmt":"2025-09-19T11:15:43","guid":{"rendered":"https:\/\/magiiik.netstory.com.pl\/produkt\/parasol-babci-tajemniczy-parasol-uday\/"},"modified":"2025-09-19T13:15:43","modified_gmt":"2025-09-19T11:15:43","slug":"parasol-babci-tajemniczy-parasol-uday","status":"publish","type":"product","link":"https:\/\/magiiik.netstory.com.pl\/?product=parasol-babci-tajemniczy-parasol-uday","title":{"rendered":"Parasol babci &#8211; Tajemniczy Parasol (Uday)"},"content":{"rendered":"<p style=\"text-align: center;\"><span style=\"font-size: 12pt;\">Bardzo <strong>klasyczny trick<\/strong> znany w Polsce najcz\u0119\u015bciej pod nazw\u0105: <strong>&#8222;Babciny parasol&#8221;<\/strong>, <strong>&#8222;Parasol babci&#8221;<\/strong>, ze wzgl\u0119du na <strong>Macieja Pola<\/strong>, kt\u00f3ry od lat zabawia publiczno\u015b\u0107 tym wspania\u0142ym trickiem \ud83d\ude42<\/span><\/p>\n<p style=\"text-align: center;\"><span style=\"font-size: 12pt;\">Prezentujemy parasol oraz kolorowe pi\u00f3ra. Parasol zawijamy w ozdobn\u0105 mat\u0119, pokazujemy, \u017ce torba jest pusta, a do niej wk\u0142adamy pi\u00f3ra. Wystarczy moment, aby z maty wyci\u0105gn\u0105\u0107 parasol, kt\u00f3ry ku zdziwieniu widz\u00f3w sk\u0142ada si\u0119 z kolorowych pi\u00f3r! Zagl\u0105damy do torby, a tam&#8230; materia\u0142 z parasola!<\/span><\/p>\n<p style=\"text-align: center;\"><span style=\"font-size: 12pt;\">Przy odrobinie fantazji oraz odpowiedniej historii, efekt ten mo\u017ce by\u0107 osza\u0142amiaj\u0105cy, a widzowie b\u0119d\u0105 czeka\u0107 na niego, jak na pokazach <strong>Ma\u0107ka Pola<\/strong> \ud83d\ude42<\/span><\/p>\n<p>\u00a0<\/p>\n<p><strong>Polecamy,<\/strong><\/p>\n<p><strong>magiiik.pl<\/strong><\/p>\n<p>\u00a0<\/p>\n<p><strong>UWAGA!<\/strong><\/p>\n<p>Zestaw nie zawiera &#8222;torby zmian&#8221;!<\/p>\n<p>Ze wzgl\u0119du na warto\u015b\u0107 produktu oraz jego wag\u0119 i rozmiar zestaw wysy\u0142amy TYLKO kurierem, cena przesy\u0142ki 80 z\u0142.!<\/p>\n","protected":false},"excerpt":{"rendered":"<p><strong>Parasol babci &#8211; Tajemniczy Parasol (Uday)<\/strong><\/p>\n","protected":false},"featured_media":8258,"comment_status":"closed","ping_status":"open","template":"","meta":[],"product_brand":[],"product_cat":[63],"product_tag":[],"class_list":{"0":"post-8257","1":"product","2":"type-product","3":"status-publish","4":"has-post-thumbnail","6":"product_cat-iluzja-sceniczna-manipulacje-parasole","8":"first","9":"instock","10":"purchasable","11":"product-type-simple"},"_links":{"self":[{"href":"https:\/\/magiiik.netstory.com.pl\/index.php?rest_route=\/wp\/v2\/product\/8257","targetHints":{"allow":["GET"]}}],"collection":[{"href":"https:\/\/magiiik.netstory.com.pl\/index.php?rest_route=\/wp\/v2\/product"}],"about":[{"href":"https:\/\/magiiik.netstory.com.pl\/index.php?rest_route=\/wp\/v2\/types\/product"}],"replies":[{"embeddable":true,"href":"https:\/\/magiiik.netstory.com.pl\/index.php?rest_route=%2Fwp%2Fv2%2Fcomments&post=8257"}],"wp:featuredmedia":[{"embeddable":true,"href":"https:\/\/magiiik.netstory.com.pl\/index.php?rest_route=\/wp\/v2\/media\/8258"}],"wp:attachment":[{"href":"https:\/\/magiiik.netstory.com.pl\/index.php?rest_route=%2Fwp%2Fv2%2Fmedia&parent=8257"}],"wp:term":[{"taxonomy":"product_brand","embeddable":true,"href":"https:\/\/magiiik.netstory.com.pl\/index.php?rest_route=%2Fwp%2Fv2%2Fproduct_brand&post=8257"},{"taxonomy":"product_cat","embeddable":true,"href":"https:\/\/magiiik.netstory.com.pl\/index.php?rest_route=%2Fwp%2Fv2%2Fproduct_cat&post=8257"},{"taxonomy":"product_tag","embeddable":true,"href":"https:\/\/magiiik.netstory.com.pl\/index.php?rest_route=%2Fwp%2Fv2%2Fproduct_tag&post=8257"}],"curies":[{"name":"wp","href":"https:\/\/api.w.org\/{rel}","templated":true}]}}