{"id":8251,"date":"2025-09-19T13:15:20","date_gmt":"2025-09-19T11:15:20","guid":{"rendered":"https:\/\/magiiik.netstory.com.pl\/produkt\/at-the-table-live-lecture-doc-dixon\/"},"modified":"2025-09-19T13:15:35","modified_gmt":"2025-09-19T11:15:35","slug":"at-the-table-live-lecture-doc-dixon","status":"publish","type":"product","link":"https:\/\/magiiik.netstory.com.pl\/?product=at-the-table-live-lecture-doc-dixon","title":{"rendered":"At The Table Live Lecture &#8211; Doc Dixon"},"content":{"rendered":"<p style=\"text-align: left;\"><span style=\"font-size: 14pt; font-family: 'arial black', 'avant garde';\"><strong>*DOC DIXON<\/strong>:\u00a0<strong>Doc<\/strong>\u00a0jest cz\u0142owiekiem renesansu! Karty, monety, kulki z papieru, dla\u00a0<strong>Doc<\/strong>&#8217;a to codzienno\u015b\u0107! Ma On wiele nieopublikowanych prac, w tym\u00a0<strong>Monkey Shines<\/strong>, kt\u00f3ra jest zabawna i pe\u0142na genialnego materia\u0142u! Jego efekt<strong> &#8222;Diary of Decision&#8221;<\/strong>, jest do wykonania w wersji\u00a0<strong>close-up<\/strong>,\u00a0jak i <strong>na\u00a0scenie<\/strong>. W tym wyk\u0142adzie pe\u0142en humoru\u00a0<strong>Doc<\/strong>\u00a0b\u0119dzie przedstawia\u0142 Ci tajemnice, kt\u00f3re sprawi\u0142y, \u017ce sta\u0142 si\u0119 tak rozpoznawany i skuteczny w tym, co robi w ostatnich latach! Przygotuj si\u0119 na dobr\u0105 zabaw\u0119 z\u00a0<strong>Doc<\/strong>&#8217;iem\u00a0<strong>Dixon<\/strong>&#8217;em!<\/span><\/p>\n<p style=\"text-align: center;\"><span style=\"font-size: 14pt; font-family: 'arial black', 'avant garde';\"><iframe loading=\"lazy\" src=\"\/\/www.youtube.com\/embed\/wbkgBJRDSpc\" width=\"425\" height=\"350\"><\/iframe><\/span><\/p>\n<p style=\"text-align: center;\">\u00a0\u00a0<\/p>\n<p style=\"font-size: 12px; font-family: Tahoma, Arial, sans-serif; text-align: center;\"><span style=\"font-size: 12pt;\">Pami\u0119taj, \u017ce\u00a0<strong>At The Table<\/strong>\u00a0umo\u017cliwia r\u00f3wnie\u017c chat, aby\u015b m\u00f3g\u0142\u00a0na \u017cywo\u00a0zada\u0107 swoje pytania do prowadz\u0105cego!\u00a0<\/span>\u00a0\u00a0<\/p>\n<p style=\"font-size: 12px; font-family: Tahoma, Arial, sans-serif; text-align: center;\"><span style=\"font-size: 12pt;\"><strong>KUP JU\u017b TERAZ<\/strong>\u00a0bilet i ucz si\u0119 od najlepszych!<\/span><\/p>\n<p>\u00a0<\/p>\n<p style=\"font-size: 12px;\"><strong><span style=\"font-size: 12pt;\">POLECAMY, \u00a0<\/span><\/strong><\/p>\n<p style=\"font-size: 12px;\"><strong><span style=\"font-size: 12pt;\">magiiik.pl\u00a0<\/span><\/strong><\/p>\n<p style=\"font-size: 12px;\">\u00a0<\/p>\n<p style=\"font-size: 12px;\"><span style=\"font-size: small;\">UWAGA!<\/span><\/p>\n<p style=\"font-size: 12px;\"><span style=\"font-size: small;\">\u00a01. Szkolenie jest w j\u0119zyku angielskim!<\/span><\/p>\n<p style=\"font-size: 12px;\"><span style=\"font-size: small;\">\u00a02. Na seri\u0119 &#8222;At The Table&#8221; nie obowi\u0105zuje \u017bADEN rabat!<\/span><\/p>\n","protected":false},"excerpt":{"rendered":"<p><strong>At The Table Live Lecture &#8211; Doc Dixon<\/strong><\/p>\n","protected":false},"featured_media":8252,"comment_status":"closed","ping_status":"open","template":"","meta":[],"product_brand":[],"product_cat":[50],"product_tag":[],"class_list":{"0":"post-8251","1":"product","2":"type-product","3":"status-publish","4":"has-post-thumbnail","6":"product_cat-ksiazki-dvd-download-downloads-at-the-table","8":"first","9":"instock","10":"purchasable","11":"product-type-simple"},"_links":{"self":[{"href":"https:\/\/magiiik.netstory.com.pl\/index.php?rest_route=\/wp\/v2\/product\/8251","targetHints":{"allow":["GET"]}}],"collection":[{"href":"https:\/\/magiiik.netstory.com.pl\/index.php?rest_route=\/wp\/v2\/product"}],"about":[{"href":"https:\/\/magiiik.netstory.com.pl\/index.php?rest_route=\/wp\/v2\/types\/product"}],"replies":[{"embeddable":true,"href":"https:\/\/magiiik.netstory.com.pl\/index.php?rest_route=%2Fwp%2Fv2%2Fcomments&post=8251"}],"wp:featuredmedia":[{"embeddable":true,"href":"https:\/\/magiiik.netstory.com.pl\/index.php?rest_route=\/wp\/v2\/media\/8252"}],"wp:attachment":[{"href":"https:\/\/magiiik.netstory.com.pl\/index.php?rest_route=%2Fwp%2Fv2%2Fmedia&parent=8251"}],"wp:term":[{"taxonomy":"product_brand","embeddable":true,"href":"https:\/\/magiiik.netstory.com.pl\/index.php?rest_route=%2Fwp%2Fv2%2Fproduct_brand&post=8251"},{"taxonomy":"product_cat","embeddable":true,"href":"https:\/\/magiiik.netstory.com.pl\/index.php?rest_route=%2Fwp%2Fv2%2Fproduct_cat&post=8251"},{"taxonomy":"product_tag","embeddable":true,"href":"https:\/\/magiiik.netstory.com.pl\/index.php?rest_route=%2Fwp%2Fv2%2Fproduct_tag&post=8251"}],"curies":[{"name":"wp","href":"https:\/\/api.w.org\/{rel}","templated":true}]}}