{"id":8245,"date":"2025-09-19T13:15:20","date_gmt":"2025-09-19T11:15:20","guid":{"rendered":"https:\/\/magiiik.netstory.com.pl\/produkt\/at-the-table-live-lecture-dan-hauss\/"},"modified":"2025-09-19T13:15:32","modified_gmt":"2025-09-19T11:15:32","slug":"at-the-table-live-lecture-dan-hauss","status":"publish","type":"product","link":"https:\/\/magiiik.netstory.com.pl\/?product=at-the-table-live-lecture-dan-hauss","title":{"rendered":"At The Table Live Lecture &#8211; Dan Hauss"},"content":{"rendered":"<p style=\"text-align: left;\"><span style=\"font-size: 14pt; font-family: 'arial black', 'avant garde';\"><strong>*DAN HAUSS:<\/strong> Kto mo\u017ce tworzy\u0107 magi\u0119 z gum\u0105 do \u017cucia, lakierem do w\u0142os\u00f3w i sznurowad\u0142ami&#8230;? Je\u015bli odpowiedzia\u0142e\u015b\u00a0<strong>McGuyver<\/strong>, to w po\u0142owie mia\u0142e\u015b racj\u0119.\u00a0<strong>Dan Hauss<\/strong>\u00a0zaczaruje to, co dla\u00a0<strong>McGuyver<\/strong>&#8217;a stanowi\u0142o problem!\u00a0<strong>Dan<\/strong>\u00a0jest najprawdopodobniej jednym z najbardziej tw\u00f3rczych i oryginalnych magik\u00f3w w dzisiejszych czasach. B\u0119d\u0105c kreatywnym konsultantem\u00a0<strong>David<\/strong>&#8217;a\u00a0<strong>Blaine<\/strong>&#8217;a, doskonale wie, co jest potrzebne do tworzenia efektownych trick\u00f3w. Zerknij tylko na to, co stworzy\u0142:\u00a0<strong>Flow, Sleeping Queen<\/strong>\u00a0i\u00a0<strong>LIT<\/strong>\u00a0(u\u017cywany przez<strong>\u00a0Blaine<\/strong>&#8217;a w\u00a0show TV), a przekonasz si\u0119, \u017ce to prawdziwy skarb!\u00a0<\/span><\/p>\n<p style=\"text-align: center;\">\u00a0<iframe loading=\"lazy\" src=\"\/\/www.youtube.com\/embed\/fIsMUuOTXdM\" width=\"425\" height=\"350\"><\/iframe><\/p>\n<p style=\"text-align: center;\"><span style=\"font-size: 14pt; font-family: 'arial black', 'avant garde';\"><iframe loading=\"lazy\" src=\"\/\/www.youtube.com\/embed\/BaUAlrvuOFA\" width=\"425\" height=\"350\"><\/iframe><\/span><\/p>\n<p>\u00a0<\/p>\n<p style=\"font-size: 12px; text-align: center;\"><span style=\"font-size: 12pt; font-family: arial, helvetica, sans-serif;\">Pami\u0119taj, \u017ce\u00a0<strong>At The Table<\/strong>\u00a0umo\u017cliwia r\u00f3wnie\u017c chat, aby\u015b m\u00f3g\u0142\u00a0na \u017cywo\u00a0zada\u0107 swoje pytania do prowadz\u0105cego!\u00a0<\/span>\u00a0<\/p>\n<p style=\"font-size: 12px; text-align: center;\"><span style=\"font-size: 12pt; font-family: arial, helvetica, sans-serif;\"><strong>KUP JU\u017b TERAZ<\/strong>\u00a0bilet i ucz si\u0119 od najlepszych!<\/span><\/p>\n<p>\u00a0<\/p>\n<p style=\"font-size: 12px;\"><strong><span style=\"font-size: medium;\">POLECAMY,\u00a0<\/span>\u00a0<\/strong><\/p>\n<p style=\"font-size: 12px;\"><strong><span style=\"font-size: medium;\">magiiik.pl<\/span>\u00a0<\/strong><\/p>\n<p style=\"font-size: 12px;\">\u00a0<\/p>\n<p style=\"font-size: 12px;\"><span style=\"font-size: small;\">UWAGA!<\/span><\/p>\n<p style=\"font-size: 12px;\"><span style=\"font-size: small;\">\u00a01. Szkolenie jest w j\u0119zyku angielskim!<\/span><\/p>\n<p style=\"font-size: 12px;\"><span style=\"font-size: small;\">\u00a02. Na seri\u0119 &#8222;At The Table&#8221; nie obowi\u0105zuje \u017bADEN rabat!<\/span><\/p>\n","protected":false},"excerpt":{"rendered":"<p><strong>At The Table Live Lecture &#8211; Dan Hauss<\/strong><\/p>\n","protected":false},"featured_media":8246,"comment_status":"closed","ping_status":"open","template":"","meta":[],"product_brand":[],"product_cat":[50],"product_tag":[],"class_list":{"0":"post-8245","1":"product","2":"type-product","3":"status-publish","4":"has-post-thumbnail","6":"product_cat-ksiazki-dvd-download-downloads-at-the-table","8":"first","9":"instock","10":"purchasable","11":"product-type-simple"},"_links":{"self":[{"href":"https:\/\/magiiik.netstory.com.pl\/index.php?rest_route=\/wp\/v2\/product\/8245","targetHints":{"allow":["GET"]}}],"collection":[{"href":"https:\/\/magiiik.netstory.com.pl\/index.php?rest_route=\/wp\/v2\/product"}],"about":[{"href":"https:\/\/magiiik.netstory.com.pl\/index.php?rest_route=\/wp\/v2\/types\/product"}],"replies":[{"embeddable":true,"href":"https:\/\/magiiik.netstory.com.pl\/index.php?rest_route=%2Fwp%2Fv2%2Fcomments&post=8245"}],"wp:featuredmedia":[{"embeddable":true,"href":"https:\/\/magiiik.netstory.com.pl\/index.php?rest_route=\/wp\/v2\/media\/8246"}],"wp:attachment":[{"href":"https:\/\/magiiik.netstory.com.pl\/index.php?rest_route=%2Fwp%2Fv2%2Fmedia&parent=8245"}],"wp:term":[{"taxonomy":"product_brand","embeddable":true,"href":"https:\/\/magiiik.netstory.com.pl\/index.php?rest_route=%2Fwp%2Fv2%2Fproduct_brand&post=8245"},{"taxonomy":"product_cat","embeddable":true,"href":"https:\/\/magiiik.netstory.com.pl\/index.php?rest_route=%2Fwp%2Fv2%2Fproduct_cat&post=8245"},{"taxonomy":"product_tag","embeddable":true,"href":"https:\/\/magiiik.netstory.com.pl\/index.php?rest_route=%2Fwp%2Fv2%2Fproduct_tag&post=8245"}],"curies":[{"name":"wp","href":"https:\/\/api.w.org\/{rel}","templated":true}]}}