{"id":8239,"date":"2025-09-19T13:15:20","date_gmt":"2025-09-19T11:15:20","guid":{"rendered":"https:\/\/magiiik.netstory.com.pl\/produkt\/at-the-table-live-lecture-darwin-ortiz-download\/"},"modified":"2025-09-19T13:15:28","modified_gmt":"2025-09-19T11:15:28","slug":"at-the-table-live-lecture-darwin-ortiz-download","status":"publish","type":"product","link":"https:\/\/magiiik.netstory.com.pl\/?product=at-the-table-live-lecture-darwin-ortiz-download","title":{"rendered":"At The Table Live Lecture &#8211; Darwin Ortiz &#8211; download"},"content":{"rendered":"<p style=\"text-align: left;\"><span style=\"font-size: 12pt;\">*<strong>DARWIN ORTIZ<\/strong>:\u00a0Ten facet zosta\u0142 zbanowany w ka\u017cdym kasynie na \u015bwiecie! Ok, mo\u017ce lekka przesada, ale o to powody, dla kt\u00f3rych nie powinien by\u0107 wpuszczany do kasyna! Sp\u0119dzi\u0142 ponad <strong>35 lat<\/strong> na tworzeniu, projektowaniu i doskonaleniu technik \u015bwiata hazardu i trick\u00f3w karcianych.<strong>\u00a0<\/strong><strong>Darwin Ortiz<\/strong><strong>\u00a0<\/strong>jest naprawd\u0119 \u017cyw\u0105 legend\u0105 iluzji z kartami! Po opublikowaniu najlepszych ksi\u0105\u017cek z dziedziny technik karcianych i hazardowych, zdecydowa\u0142 si\u0119 do\u0142\u0105czy\u0107 do grona wyk\u0142adowc\u00f3w\u00a0<strong>At The Table<\/strong>\u00a0i podzieli\u0107 si\u0119 z Wami swoimi najbardziej niesamowitymi dzie\u0142ami. Je\u015bli jeste\u015b got\u00f3w uczy\u0107 si\u0119 od jednego z najbardziej niezwyk\u0142ych magik\u00f3w dzisiejszego\u00a0<strong>close-up<\/strong>, to nie zastanawiaj si\u0119, tylko\u00a0<strong>KUP BILET JU\u017b TERAZ!<\/strong><\/span><\/p>\n<p>\u00a0<\/p>\n<p><span style=\"font-family: arial, helvetica, sans-serif; font-size: 12pt;\"><strong>Darwin Ortiz<\/strong> jest mistrzem technik trick\u00f3w z kartami i hazardu. Znany jest na ca\u0142ym \u015bwiecie dzi\u0119ki swoim ksi\u0105\u017ckom, kt\u00f3re zachwycaj\u0105 ka\u017cdego, kto interesuje si\u0119 t\u0105 tematyk\u0105. Jego szkolenie b\u0119dzie pe\u0142ne najbardziej skomplikowanych technik klasycznych efekt\u00f3w, jak i kilka niepublikowanych materia\u0142\u00f3w.<\/span><\/p>\n<p style=\"font-size: 12px; font-family: Tahoma, Arial, sans-serif; text-align: center;\">\u00a0<\/p>\n<p style=\"font-size: 12px; font-family: Tahoma, Arial, sans-serif; text-align: center;\"><span style=\"font-size: 12pt; font-family: arial, helvetica, sans-serif;\">Pami\u0119taj, \u017ce\u00a0<strong>At The Table<\/strong>\u00a0umo\u017cliwia r\u00f3wnie\u017c chat, aby\u015b m\u00f3g\u0142 <strong>na \u017cywo<\/strong> zada\u0107 swoje pytania do prowadz\u0105cego!\u00a0<\/span><\/p>\n<p style=\"font-size: 12px; font-family: Tahoma, Arial, sans-serif; text-align: center;\"><span style=\"font-size: medium;\"><strong>KUP JU\u017b TERAZ<\/strong> bilet i ucz si\u0119 od najlepszych!<\/span><\/p>\n<p style=\"font-size: 12px; font-family: Tahoma, Arial, sans-serif;\">\u00a0<\/p>\n<p style=\"font-size: 12px; font-family: Tahoma, Arial, sans-serif;\"><strong><span style=\"font-size: medium;\">POLECAMY,\u00a0<\/span>\u00a0<\/strong><\/p>\n<p style=\"font-size: 12px; font-family: Tahoma, Arial, sans-serif;\"><strong><span style=\"font-size: medium;\">magiiik.pl<\/span><\/strong>\u00a0<\/p>\n<p style=\"font-size: 12px; font-family: Tahoma, Arial, sans-serif;\">\u00a0<\/p>\n<p style=\"font-size: 12px; font-family: Tahoma, Arial, sans-serif;\"><span style=\"font-size: small;\">UWAGA!<\/span><\/p>\n<p style=\"font-size: 12px; font-family: Tahoma, Arial, sans-serif;\"><span style=\"font-size: small;\">\u00a01. Szkolenie jest w j\u0119zyku angielskim!<\/span><\/p>\n<p style=\"font-size: 12px; font-family: Tahoma, Arial, sans-serif;\"><span style=\"font-size: small;\">\u00a02. Na seri\u0119 &#8222;At The Table&#8221; nie obowi\u0105zuje \u017bADEN rabat!<\/span><\/p>\n<p>\u00a0<\/p>\n<p>\u00a0<\/p>\n","protected":false},"excerpt":{"rendered":"<p><strong>At The Table Live Lecture &#8211; Darwin Ortiz<\/strong><\/p>\n","protected":false},"featured_media":8240,"comment_status":"closed","ping_status":"open","template":"","meta":[],"product_brand":[],"product_cat":[50],"product_tag":[],"class_list":{"0":"post-8239","1":"product","2":"type-product","3":"status-publish","4":"has-post-thumbnail","6":"product_cat-ksiazki-dvd-download-downloads-at-the-table","8":"first","9":"instock","10":"purchasable","11":"product-type-simple"},"_links":{"self":[{"href":"https:\/\/magiiik.netstory.com.pl\/index.php?rest_route=\/wp\/v2\/product\/8239","targetHints":{"allow":["GET"]}}],"collection":[{"href":"https:\/\/magiiik.netstory.com.pl\/index.php?rest_route=\/wp\/v2\/product"}],"about":[{"href":"https:\/\/magiiik.netstory.com.pl\/index.php?rest_route=\/wp\/v2\/types\/product"}],"replies":[{"embeddable":true,"href":"https:\/\/magiiik.netstory.com.pl\/index.php?rest_route=%2Fwp%2Fv2%2Fcomments&post=8239"}],"wp:featuredmedia":[{"embeddable":true,"href":"https:\/\/magiiik.netstory.com.pl\/index.php?rest_route=\/wp\/v2\/media\/8240"}],"wp:attachment":[{"href":"https:\/\/magiiik.netstory.com.pl\/index.php?rest_route=%2Fwp%2Fv2%2Fmedia&parent=8239"}],"wp:term":[{"taxonomy":"product_brand","embeddable":true,"href":"https:\/\/magiiik.netstory.com.pl\/index.php?rest_route=%2Fwp%2Fv2%2Fproduct_brand&post=8239"},{"taxonomy":"product_cat","embeddable":true,"href":"https:\/\/magiiik.netstory.com.pl\/index.php?rest_route=%2Fwp%2Fv2%2Fproduct_cat&post=8239"},{"taxonomy":"product_tag","embeddable":true,"href":"https:\/\/magiiik.netstory.com.pl\/index.php?rest_route=%2Fwp%2Fv2%2Fproduct_tag&post=8239"}],"curies":[{"name":"wp","href":"https:\/\/api.w.org\/{rel}","templated":true}]}}