{"id":8235,"date":"2025-09-19T13:15:20","date_gmt":"2025-09-19T11:15:20","guid":{"rendered":"https:\/\/magiiik.netstory.com.pl\/produkt\/spider-pen-pro-z-dvd-by-yigal-mesika\/"},"modified":"2025-09-19T13:15:27","modified_gmt":"2025-09-19T11:15:27","slug":"spider-pen-pro-z-dvd-by-yigal-mesika","status":"publish","type":"product","link":"https:\/\/magiiik.netstory.com.pl\/?product=spider-pen-pro-z-dvd-by-yigal-mesika","title":{"rendered":"Spider Pen Pro (z DVD) by Yigal Mesika"},"content":{"rendered":"<p style=\"text-align: center;\"><span style=\"font-size: 12pt;\">W 2004 roku <strong>SpiderPen<\/strong> sta\u0142 si\u0119 klasycznym narz\u0119dziem magicznym. Ze wzgl\u0119du na ogromn\u0105 popularno\u015b\u0107, na ca\u0142ym \u015bwiecie, <strong>Yigal Mesika<\/strong> postanowi\u0142 udoskonali\u0107 jeszcze swoje dzie\u0142o i stworzy\u0142 <strong>SpiderPen PRO<\/strong>, jest to pierwszy opatentowany d\u0142ugopis z dusz\u0105! Ta niezwyk\u0142a technologia pozwala ca\u0142kowicie skupi\u0107 si\u0119 na wykonywaniu magii, a nie na rekwizycie! <strong>SpiderPen PRO<\/strong> to z\u0142oty standard rekwizyt\u00f3w w dziedzinie lewitacji! Je\u015bli w Twoich r\u0119kach b\u0119dzie <strong>SpiderPen PRO,<\/strong> Twoje lewitacje i animacje b\u0119d\u0105 wygl\u0105da\u0107 jak z <strong>Hollywood!<\/strong><\/span><\/p>\n<p style=\"text-align: center;\"><span style=\"font-size: 12pt;\">U\u017cywany w telewizji przez najlepszych magik\u00f3w \u015bwiata, <strong>Cyryl<\/strong>&#8217;a, <strong>Criss<\/strong>&#8217;a <strong>Angel<\/strong>&#8217;a oraz wielu innych!<\/span><\/p>\n<p style=\"text-align: center;\"><span style=\"font-size: 12pt;\">Patrz i ucz si\u0119 od najlepszych! <strong>Yigal Mesika<\/strong> poprowadzi Ci\u0119 od podstaw lewitacji do najwy\u017cszego poziomu!\u00a0<\/span><\/p>\n<p style=\"text-align: center;\">\u00a0<\/p>\n<p style=\"text-align: center;\"><span style=\"font-size: 12pt;\"><iframe loading=\"lazy\" src=\"\/\/www.youtube.com\/embed\/mZQ6xuX9NvU\" width=\"425\" height=\"350\"><\/iframe><\/span><\/p>\n<p style=\"text-align: center;\">\u00a0<\/p>\n<p style=\"text-align: center;\">\u00a0<\/p>\n<p><strong><span style=\"font-size: 12pt;\">SpiderPen PRO:<\/span><\/strong><\/p>\n<p>&#8211; Rolka elektroniczna bez przycisk\u00f3w i prze\u0142\u0105cznik\u00f3w r\u0119cznych;<br \/>&#8211; Nap\u0119dzany silnikiem elektrycznym mikro;<br \/>&#8211; Nie ma ha\u0142asu &#8211; ca\u0142kowicie cichy;<br \/>&#8211; Dzia\u0142a z jednej baterii AAA, kt\u00f3ra starczy Ci na ca\u0142y rok;<br \/>&#8211; Spacer do ok. 10 metr\u00f3w od obiekt\u00f3w lewituj\u0105cych;<br \/>&#8211; \u0141atwa wymiana szpulki;<br \/>&#8211; Mo\u017cna naprawd\u0119 pisa\u0107 i jest mo\u017cliwo\u015b\u0107 wymiany wk\u0142adu;\u00a0<br \/>&#8211; Wykonane z najwy\u017cszej jako\u015bci stali chrom;<\/p>\n<p>Do\u0142\u0105czone DVD z 60 minutowym instrukta\u017cem!\u00a0<br \/><strong>Made in USA<\/strong><\/p>\n<p>\u00a0<\/p>\n<p><strong>Polecamy,<\/strong><\/p>\n<p><strong>magiiik.pl<\/strong><\/p>\n","protected":false},"excerpt":{"rendered":"<p><strong>Spider Pen Pro (z DVD) by Yigal Mesika<\/strong><\/p>\n","protected":false},"featured_media":8236,"comment_status":"closed","ping_status":"open","template":"","meta":[],"product_brand":[],"product_cat":[45],"product_tag":[],"class_list":{"0":"post-8235","1":"product","2":"type-product","3":"status-publish","4":"has-post-thumbnail","6":"product_cat-iluzja-sceniczna-lewitacja","8":"first","9":"instock","10":"purchasable","11":"product-type-simple"},"_links":{"self":[{"href":"https:\/\/magiiik.netstory.com.pl\/index.php?rest_route=\/wp\/v2\/product\/8235","targetHints":{"allow":["GET"]}}],"collection":[{"href":"https:\/\/magiiik.netstory.com.pl\/index.php?rest_route=\/wp\/v2\/product"}],"about":[{"href":"https:\/\/magiiik.netstory.com.pl\/index.php?rest_route=\/wp\/v2\/types\/product"}],"replies":[{"embeddable":true,"href":"https:\/\/magiiik.netstory.com.pl\/index.php?rest_route=%2Fwp%2Fv2%2Fcomments&post=8235"}],"wp:featuredmedia":[{"embeddable":true,"href":"https:\/\/magiiik.netstory.com.pl\/index.php?rest_route=\/wp\/v2\/media\/8236"}],"wp:attachment":[{"href":"https:\/\/magiiik.netstory.com.pl\/index.php?rest_route=%2Fwp%2Fv2%2Fmedia&parent=8235"}],"wp:term":[{"taxonomy":"product_brand","embeddable":true,"href":"https:\/\/magiiik.netstory.com.pl\/index.php?rest_route=%2Fwp%2Fv2%2Fproduct_brand&post=8235"},{"taxonomy":"product_cat","embeddable":true,"href":"https:\/\/magiiik.netstory.com.pl\/index.php?rest_route=%2Fwp%2Fv2%2Fproduct_cat&post=8235"},{"taxonomy":"product_tag","embeddable":true,"href":"https:\/\/magiiik.netstory.com.pl\/index.php?rest_route=%2Fwp%2Fv2%2Fproduct_tag&post=8235"}],"curies":[{"name":"wp","href":"https:\/\/api.w.org\/{rel}","templated":true}]}}