{"id":8233,"date":"2025-09-19T13:15:20","date_gmt":"2025-09-19T11:15:20","guid":{"rendered":"https:\/\/magiiik.netstory.com.pl\/produkt\/ksiazka-close-up-magic-secrets\/"},"modified":"2025-09-19T13:15:26","modified_gmt":"2025-09-19T11:15:26","slug":"ksiazka-close-up-magic-secrets","status":"publish","type":"product","link":"https:\/\/magiiik.netstory.com.pl\/?product=ksiazka-close-up-magic-secrets","title":{"rendered":"Ksi\u0105\u017cka &#8222;Close-Up Magic Secrets&#8221;"},"content":{"rendered":"<p style=\"text-align: center;\"><span style=\"font-size: 12pt;\">Sztuczki z kartami, monetami, mental magic &#8211; <strong>Diamond Jim Tyler<\/strong> pokazuje, jak przekszta\u0142ci\u0107 zwyk\u0142e sztuczki w prawdziwie zabawne show!<\/span><\/p>\n<p style=\"text-align: center;\"><span style=\"font-size: 12pt;\">Poznaj <strong>29 procedur<\/strong>, kt\u00f3re obejmuj\u0105 oryginalne sztuczki, kt\u00f3re porywaj\u0105 t\u0142umy!<\/span><\/p>\n<p style=\"text-align: center;\"><span style=\"font-size: 12pt;\">Ksi\u0105\u017cka napisana dla pocz\u0105tkuj\u0105cych, ale u\u017cywana r\u00f3wnie\u017c przez profesjonalist\u00f3w. Poradnik ten przeznaczony jest dla magik\u00f3w wykonuj\u0105cych <strong>close-up<\/strong>, magi\u0119 w barach, restauracjach oraz innych miejscach, gdzie mo\u017cna ogl\u0105da\u0107 iluzj\u0119 z bliska. Ksi\u0105\u017cka zawiera ponad <strong>300 ilustracji<\/strong>, kt\u00f3re pomagaj\u0105 zrozumie\u0107 sens i sekret tricku.<\/span><\/p>\n<p style=\"text-align: center;\"><strong><span style=\"font-size: 12pt;\">Strony: 176 &#8211; 21 cm. x 27,5 cm. &#8211; w mi\u0119kkiej oprawie &#8211; zdj\u0119cia czarno-bia\u0142e.<\/span><\/strong><\/p>\n<p>\u00a0<\/p>\n<p><strong>Polecamy,<\/strong><\/p>\n<p><strong>magiiik.pl<\/strong><\/p>\n","protected":false},"excerpt":{"rendered":"<p><strong>Ksi\u0105\u017cka &#8222;Close-Up Magic Secrets&#8221;<\/strong><\/p>\n","protected":false},"featured_media":8234,"comment_status":"closed","ping_status":"open","template":"","meta":[],"product_brand":[],"product_cat":[56],"product_tag":[],"class_list":{"0":"post-8233","1":"product","2":"type-product","3":"status-publish","4":"has-post-thumbnail","6":"product_cat-ksiazki-dvd-download-ksiazki","8":"first","9":"instock","10":"purchasable","11":"product-type-simple"},"_links":{"self":[{"href":"https:\/\/magiiik.netstory.com.pl\/index.php?rest_route=\/wp\/v2\/product\/8233","targetHints":{"allow":["GET"]}}],"collection":[{"href":"https:\/\/magiiik.netstory.com.pl\/index.php?rest_route=\/wp\/v2\/product"}],"about":[{"href":"https:\/\/magiiik.netstory.com.pl\/index.php?rest_route=\/wp\/v2\/types\/product"}],"replies":[{"embeddable":true,"href":"https:\/\/magiiik.netstory.com.pl\/index.php?rest_route=%2Fwp%2Fv2%2Fcomments&post=8233"}],"wp:featuredmedia":[{"embeddable":true,"href":"https:\/\/magiiik.netstory.com.pl\/index.php?rest_route=\/wp\/v2\/media\/8234"}],"wp:attachment":[{"href":"https:\/\/magiiik.netstory.com.pl\/index.php?rest_route=%2Fwp%2Fv2%2Fmedia&parent=8233"}],"wp:term":[{"taxonomy":"product_brand","embeddable":true,"href":"https:\/\/magiiik.netstory.com.pl\/index.php?rest_route=%2Fwp%2Fv2%2Fproduct_brand&post=8233"},{"taxonomy":"product_cat","embeddable":true,"href":"https:\/\/magiiik.netstory.com.pl\/index.php?rest_route=%2Fwp%2Fv2%2Fproduct_cat&post=8233"},{"taxonomy":"product_tag","embeddable":true,"href":"https:\/\/magiiik.netstory.com.pl\/index.php?rest_route=%2Fwp%2Fv2%2Fproduct_tag&post=8233"}],"curies":[{"name":"wp","href":"https:\/\/api.w.org\/{rel}","templated":true}]}}