{"id":8231,"date":"2025-09-19T13:15:20","date_gmt":"2025-09-19T11:15:20","guid":{"rendered":"https:\/\/magiiik.netstory.com.pl\/produkt\/magic-the-complete-course-z-dvd-joshua-jay\/"},"modified":"2025-09-19T13:15:26","modified_gmt":"2025-09-19T11:15:26","slug":"magic-the-complete-course-z-dvd-joshua-jay","status":"publish","type":"product","link":"https:\/\/magiiik.netstory.com.pl\/?product=magic-the-complete-course-z-dvd-joshua-jay","title":{"rendered":"Magic The Complete Course (z DVD) Joshua Jay"},"content":{"rendered":"<p style=\"text-align: center;\"><span style=\"font-size: 12pt;\">Magia jest wsz\u0119dzie, od wielkiego mistrza iluzji, <strong>David<\/strong>&#8217;a <strong>Copperfield<\/strong>&#8217;a oraz <strong>Siegfried i Roy<\/strong>, do <strong>David<\/strong>&#8217;a <strong>Blaine<\/strong>&#8217;a, <strong>Criss<\/strong>&#8217;a <strong>Angel<\/strong>&#8217;a i magii na youtube. Ale nigdy wcze\u015bniej uczenie si\u0119 magii nie by\u0142o tak \u0142atwe! M\u0142ody, charyzmatyczny magik, <strong>Joshua Jay<\/strong>, za\u0142\u0105cza w tym kursie dok\u0142adne opisy, krok po kroku oraz ponad <strong>500 kolorowych zdj\u0119\u0107<\/strong> pokazuj\u0105cych, jak wykona\u0107 dany trick, a jest ich tutaj ponad 100! Do ksi\u0105\u017cki do\u0142\u0105czone jest <strong>DVD<\/strong>, kt\u00f3re uczy Ci\u0119 35 z nich!<\/span><\/p>\n<p style=\"text-align: center;\"><span style=\"font-size: 12pt;\"><strong>Joshua Jay<\/strong> otrzyma\u0142 g\u0142\u00f3wn\u0105 nagrod\u0119 na <strong>World Magic Seminar<\/strong>, gdy mia\u0142 zaledwie <strong>16 lat<\/strong>! Kolejne 10 lat w dalszym ci\u0105gu wykonuje iluzj\u0119, pisze o niej, je, \u015bpi i oddycha ni\u0105! Do tego kursu przenosi ca\u0142\u0105 swoj\u0105 pasj\u0119 i wiedz\u0119 na temat magii. To nie tylko odkrywanie sekret\u00f3w, ale r\u00f3wnie\u017c zwracanie uwagi na to, jak si\u0119 zachowywa\u0107, co robi\u0107, aby zachwyca\u0107 widz\u00f3w jeszcze bardziej!\u00a0<\/span><\/p>\n<p style=\"text-align: center;\"><span style=\"font-size: 12pt;\">Poznasz tutaj sztuczki z kartami, dla szefa, np. jak zrobi\u0107 dziur\u0119 w Jego koszuli, a nast\u0119pnie sprawi\u0107, aby znikn\u0119\u0142a, sztuczki dla dzieci, oraz wiele, wiele innych!\u00a0<\/span><\/p>\n<p style=\"text-align: center;\">\u00a0<\/p>\n<p style=\"text-align: center;\"><span style=\"font-size: 12pt;\"><iframe loading=\"lazy\" src=\"\/\/www.youtube.com\/embed\/2PgBWl7B4tM\" width=\"425\" height=\"350\"><\/iframe><\/span><\/p>\n<p style=\"text-align: center;\">\u00a0<\/p>\n<p style=\"text-align: center;\"><strong><span style=\"font-size: 12pt;\">Oprawa mi\u0119kka, 278 stron plus DVD.<\/span><\/strong><\/p>\n<p><strong>Polecamy,<\/strong><\/p>\n<p><strong>magiiik.pl<\/strong><\/p>\n<p>\u00a0<\/p>\n","protected":false},"excerpt":{"rendered":"<p><strong>Magic The Complete Course (z DVD) Joshua Jay\u00a0<\/strong><\/p>\n","protected":false},"featured_media":8232,"comment_status":"closed","ping_status":"open","template":"","meta":[],"product_brand":[],"product_cat":[56],"product_tag":[],"class_list":{"0":"post-8231","1":"product","2":"type-product","3":"status-publish","4":"has-post-thumbnail","6":"product_cat-ksiazki-dvd-download-ksiazki","8":"first","9":"instock","10":"purchasable","11":"product-type-simple"},"_links":{"self":[{"href":"https:\/\/magiiik.netstory.com.pl\/index.php?rest_route=\/wp\/v2\/product\/8231","targetHints":{"allow":["GET"]}}],"collection":[{"href":"https:\/\/magiiik.netstory.com.pl\/index.php?rest_route=\/wp\/v2\/product"}],"about":[{"href":"https:\/\/magiiik.netstory.com.pl\/index.php?rest_route=\/wp\/v2\/types\/product"}],"replies":[{"embeddable":true,"href":"https:\/\/magiiik.netstory.com.pl\/index.php?rest_route=%2Fwp%2Fv2%2Fcomments&post=8231"}],"wp:featuredmedia":[{"embeddable":true,"href":"https:\/\/magiiik.netstory.com.pl\/index.php?rest_route=\/wp\/v2\/media\/8232"}],"wp:attachment":[{"href":"https:\/\/magiiik.netstory.com.pl\/index.php?rest_route=%2Fwp%2Fv2%2Fmedia&parent=8231"}],"wp:term":[{"taxonomy":"product_brand","embeddable":true,"href":"https:\/\/magiiik.netstory.com.pl\/index.php?rest_route=%2Fwp%2Fv2%2Fproduct_brand&post=8231"},{"taxonomy":"product_cat","embeddable":true,"href":"https:\/\/magiiik.netstory.com.pl\/index.php?rest_route=%2Fwp%2Fv2%2Fproduct_cat&post=8231"},{"taxonomy":"product_tag","embeddable":true,"href":"https:\/\/magiiik.netstory.com.pl\/index.php?rest_route=%2Fwp%2Fv2%2Fproduct_tag&post=8231"}],"curies":[{"name":"wp","href":"https:\/\/api.w.org\/{rel}","templated":true}]}}