{"id":8229,"date":"2025-09-19T13:15:20","date_gmt":"2025-09-19T11:15:20","guid":{"rendered":"https:\/\/magiiik.netstory.com.pl\/produkt\/mark-wilsons-complete-course-in-magic\/"},"modified":"2025-09-19T13:15:25","modified_gmt":"2025-09-19T11:15:25","slug":"mark-wilsons-complete-course-in-magic","status":"publish","type":"product","link":"https:\/\/magiiik.netstory.com.pl\/?product=mark-wilsons-complete-course-in-magic","title":{"rendered":"Mark Wilson&#8217;s Complete Course in Magic"},"content":{"rendered":"<p style=\"text-align: center;\"><span style=\"font-size: 12pt;\">Mistrz iluzji, <strong>Mark Wilson<\/strong> przygotowa\u0142 najbardziej kompleksowy <strong>KURS MAGII<\/strong>! W tej ksi\u0105\u017cce poznasz sekrety ponad <strong>300<\/strong> klasycznych trick\u00f3w &#8211; od kuglarstwa, po lewitacj\u0119! Wszystko starannie opisane i przedstawione na ilustracjach w <strong>503<\/strong> stronicowym tomie!<\/span><\/p>\n<p style=\"text-align: center;\"><span style=\"font-size: 12pt;\">Nauczysz si\u0119 trick\u00f3w z kartami, monetami, sznurami, mental magic, g\u0105bczakami, bilkami, cups&amp;balls, oraz wiele innych, \u0142\u0105cznie z wielk\u0105 iluzj\u0105! <strong>Mark Wilson<\/strong> po\u015bwi\u0119ci\u0142 ponad 2 lata na pisanie i techniczne przygotowanie tej ksi\u0105\u017cki! Ponad 50. tysi\u0119cy ilustracji znajdziesz w tym poradniku!\u00a0<\/span><\/p>\n<p style=\"text-align: center;\"><em><span style=\"font-size: 12pt;\">Ten KURS szczeg\u00f3lnie polecamy pocz\u0105tkuj\u0105cym magikom, ale r\u00f3wnie\u017c osobom zaawansowanym i kolekcjonerom magicznej literatury!<\/span><\/em><\/p>\n<p style=\"text-align: center;\"><strong><span style=\"font-size: 12pt;\">Oprawa mi\u0119kka, 502 stron o wymiarach 21,5 cm. x 27,5 cm.<\/span><\/strong><\/p>\n<p>\u00a0<\/p>\n<p><strong>Polecamy,<\/strong><\/p>\n<p><strong>magiiik.pl<\/strong><\/p>\n","protected":false},"excerpt":{"rendered":"<p><strong>Mark Wilson&#8217;s Complete Course in Magic<\/strong><\/p>\n","protected":false},"featured_media":8230,"comment_status":"closed","ping_status":"open","template":"","meta":[],"product_brand":[],"product_cat":[56],"product_tag":[],"class_list":{"0":"post-8229","1":"product","2":"type-product","3":"status-publish","4":"has-post-thumbnail","6":"product_cat-ksiazki-dvd-download-ksiazki","8":"first","9":"instock","10":"purchasable","11":"product-type-simple"},"_links":{"self":[{"href":"https:\/\/magiiik.netstory.com.pl\/index.php?rest_route=\/wp\/v2\/product\/8229","targetHints":{"allow":["GET"]}}],"collection":[{"href":"https:\/\/magiiik.netstory.com.pl\/index.php?rest_route=\/wp\/v2\/product"}],"about":[{"href":"https:\/\/magiiik.netstory.com.pl\/index.php?rest_route=\/wp\/v2\/types\/product"}],"replies":[{"embeddable":true,"href":"https:\/\/magiiik.netstory.com.pl\/index.php?rest_route=%2Fwp%2Fv2%2Fcomments&post=8229"}],"wp:featuredmedia":[{"embeddable":true,"href":"https:\/\/magiiik.netstory.com.pl\/index.php?rest_route=\/wp\/v2\/media\/8230"}],"wp:attachment":[{"href":"https:\/\/magiiik.netstory.com.pl\/index.php?rest_route=%2Fwp%2Fv2%2Fmedia&parent=8229"}],"wp:term":[{"taxonomy":"product_brand","embeddable":true,"href":"https:\/\/magiiik.netstory.com.pl\/index.php?rest_route=%2Fwp%2Fv2%2Fproduct_brand&post=8229"},{"taxonomy":"product_cat","embeddable":true,"href":"https:\/\/magiiik.netstory.com.pl\/index.php?rest_route=%2Fwp%2Fv2%2Fproduct_cat&post=8229"},{"taxonomy":"product_tag","embeddable":true,"href":"https:\/\/magiiik.netstory.com.pl\/index.php?rest_route=%2Fwp%2Fv2%2Fproduct_tag&post=8229"}],"curies":[{"name":"wp","href":"https:\/\/api.w.org\/{rel}","templated":true}]}}