{"id":8227,"date":"2025-09-19T13:15:20","date_gmt":"2025-09-19T11:15:20","guid":{"rendered":"https:\/\/magiiik.netstory.com.pl\/produkt\/magician-magazine\/"},"modified":"2025-09-19T13:15:25","modified_gmt":"2025-09-19T11:15:25","slug":"magician-magazine","status":"publish","type":"product","link":"https:\/\/magiiik.netstory.com.pl\/?product=magician-magazine","title":{"rendered":"MAGICIAN magazine"},"content":{"rendered":"<p style=\"text-align: center;\"><strong><span style=\"font-size: 12pt;\">Witamy wszystkich magik\u00f3w!<\/span><\/strong><\/p>\n<p style=\"text-align: center;\"><em><span style=\"font-size: 12pt;\">&#8222;Mo\u017cna wiele m\u00f3wi\u0107 na temat tej wspania\u0142ej sztuki, jak\u0105 jest iluzja i mamy nadziej\u0119, \u017ce magazyn<strong> MAGICIAN<\/strong> wprowadzi Pa\u0144stwa do tego \u015bwiata jeszcze bardziej. Podobnie, jak Street Magic przybli\u017cy\u0142 Pa\u0144stwo magi\u0119, tak my postaramy si\u0119 zrobi\u0107 to jeszcze lepiej, oferuj\u0105c nowych pisarzy, nowe efekty i now\u0105 wiedz\u0119.\u00a0<\/span><\/em><\/p>\n<p style=\"text-align: center;\"><em><span style=\"font-size: 12pt;\">Po pierwsze MAGIA&#8230;<\/span><\/em><\/p>\n<p style=\"text-align: center;\"><em><span style=\"font-size: 12pt;\">Magazyn pe\u0142en sztuczek i efekt\u00f3w na dobry pocz\u0105tek. Znajdziesz tu efekty najwi\u0119kszych umys\u0142\u00f3w w bran\u017cy. Nauczymy Ci\u0119 nie tylko techniki, ale przede wszystkim, jak te techniki wykona\u0107 i zaprezentowa\u0107! I to jest to, co mamy nadziej\u0119, uczyni ten magazyn wyj\u0105tkowym!&#8221;<\/span><\/em><\/p>\n<p>\u00a0<\/p>\n<p style=\"text-align: center;\"><strong>98 stron<\/strong><\/p>\n<p>\u00a0<\/p>\n<p><strong>Polecamy,<\/strong><\/p>\n<p><strong>magiiik.pl<\/strong><\/p>\n","protected":false},"excerpt":{"rendered":"<p><strong>MAGICIAN magazine<\/strong><\/p>\n","protected":false},"featured_media":8228,"comment_status":"closed","ping_status":"open","template":"","meta":[],"product_brand":[],"product_cat":[62],"product_tag":[],"class_list":{"0":"post-8227","1":"product","2":"type-product","3":"status-publish","4":"has-post-thumbnail","6":"product_cat-czasopisma-magician","8":"first","9":"instock","10":"purchasable","11":"product-type-simple"},"_links":{"self":[{"href":"https:\/\/magiiik.netstory.com.pl\/index.php?rest_route=\/wp\/v2\/product\/8227","targetHints":{"allow":["GET"]}}],"collection":[{"href":"https:\/\/magiiik.netstory.com.pl\/index.php?rest_route=\/wp\/v2\/product"}],"about":[{"href":"https:\/\/magiiik.netstory.com.pl\/index.php?rest_route=\/wp\/v2\/types\/product"}],"replies":[{"embeddable":true,"href":"https:\/\/magiiik.netstory.com.pl\/index.php?rest_route=%2Fwp%2Fv2%2Fcomments&post=8227"}],"wp:featuredmedia":[{"embeddable":true,"href":"https:\/\/magiiik.netstory.com.pl\/index.php?rest_route=\/wp\/v2\/media\/8228"}],"wp:attachment":[{"href":"https:\/\/magiiik.netstory.com.pl\/index.php?rest_route=%2Fwp%2Fv2%2Fmedia&parent=8227"}],"wp:term":[{"taxonomy":"product_brand","embeddable":true,"href":"https:\/\/magiiik.netstory.com.pl\/index.php?rest_route=%2Fwp%2Fv2%2Fproduct_brand&post=8227"},{"taxonomy":"product_cat","embeddable":true,"href":"https:\/\/magiiik.netstory.com.pl\/index.php?rest_route=%2Fwp%2Fv2%2Fproduct_cat&post=8227"},{"taxonomy":"product_tag","embeddable":true,"href":"https:\/\/magiiik.netstory.com.pl\/index.php?rest_route=%2Fwp%2Fv2%2Fproduct_tag&post=8227"}],"curies":[{"name":"wp","href":"https:\/\/api.w.org\/{rel}","templated":true}]}}